{"id":397,"date":"2020-02-04T22:58:18","date_gmt":"2020-02-04T19:58:18","guid":{"rendered":"https:\/\/www.aciltipakademisi.org\/?page_id=397"},"modified":"2021-11-22T15:55:15","modified_gmt":"2021-11-22T12:55:15","slug":"on-kayit","status":"publish","type":"page","link":"https:\/\/tatd.org.tr\/atak\/etkinliklerimiz\/kurslarimiz\/on-kayit\/","title":{"rendered":"\u00d6n Kay\u0131t Formu"},"content":{"rendered":"\r\n<div class=\"wp-block-image\">\r\n<figure class=\"aligncenter size-large is-resized\"><img decoding=\"async\" class=\"wp-image-403\" src=\"https:\/\/tatd.org.tr\/atak\/wp-content\/uploads\/sites\/4\/2020\/02\/onkayit-1024x157.jpg\" alt=\"\" width=\"494\" height=\"75\" srcset=\"https:\/\/tatd.org.tr\/atak\/wp-content\/uploads\/sites\/4\/2020\/02\/onkayit-1024x157.jpg 1024w, https:\/\/tatd.org.tr\/atak\/wp-content\/uploads\/sites\/4\/2020\/02\/onkayit-300x46.jpg 300w, https:\/\/tatd.org.tr\/atak\/wp-content\/uploads\/sites\/4\/2020\/02\/onkayit-768x118.jpg 768w, https:\/\/tatd.org.tr\/atak\/wp-content\/uploads\/sites\/4\/2020\/02\/onkayit.jpg 1094w\" sizes=\"(max-width: 494px) 100vw, 494px\" \/><\/figure>\r\n<\/div>\r\n\r\n\r\n\r\n<p class=\"has-text-align-center\">Kurs \u00f6n kay\u0131t formumuz a\u015fa\u011f\u0131dad\u0131r. Kurslar\u0131m\u0131za dair detayl\u0131 bilgi i\u00e7in <a href=\"https:\/\/www.aciltipakademisi.org\/kurslarimiz\/\" target=\"_blank\" rel=\"noreferrer noopener\" aria-label=\"BURAYA (opens in a new tab)\">BURAYA<\/a> t\u0131klayabilirsiniz.<\/p>\r\n\r\n<iframe src=\"https:\/\/docs.google.com\/forms\/d\/e\/1FAIpQLScX_s8ZOZRbA3QQFPdf-NYVtT5X40h40rJPBGjO6eCC6Jde3A\/viewform?embedded=true\" width=\"1068\" height=\"2700\" frameborder=\"0\" marginheight=\"0\" marginwidth=\"0\">Y\u00fckleniyor\u2026<\/iframe>","protected":false},"excerpt":{"rendered":"<p>Kurs \u00f6n kay\u0131t formumuz a\u015fa\u011f\u0131dad\u0131r. Kurslar\u0131m\u0131za dair detayl\u0131 bilgi i\u00e7in BURAYA t\u0131klayabilirsiniz. Y\u00fckleniyor\u2026<\/p>\n","protected":false},"author":1599,"featured_media":0,"parent":374,"menu_order":98,"comment_status":"closed","ping_status":"closed","template":"","meta":{"_acf_changed":false,"inline_featured_image":false,"_lmt_disableupdate":"","_lmt_disable":"","footnotes":""},"class_list":["post-397","page","type-page","status-publish","hentry"],"acf":[],"_links":{"self":[{"href":"https:\/\/tatd.org.tr\/atak\/wp-json\/wp\/v2\/pages\/397","targetHints":{"allow":["GET"]}}],"collection":[{"href":"https:\/\/tatd.org.tr\/atak\/wp-json\/wp\/v2\/pages"}],"about":[{"href":"https:\/\/tatd.org.tr\/atak\/wp-json\/wp\/v2\/types\/page"}],"author":[{"embeddable":true,"href":"https:\/\/tatd.org.tr\/atak\/wp-json\/wp\/v2\/users\/1599"}],"replies":[{"embeddable":true,"href":"https:\/\/tatd.org.tr\/atak\/wp-json\/wp\/v2\/comments?post=397"}],"version-history":[{"count":0,"href":"https:\/\/tatd.org.tr\/atak\/wp-json\/wp\/v2\/pages\/397\/revisions"}],"up":[{"embeddable":true,"href":"https:\/\/tatd.org.tr\/atak\/wp-json\/wp\/v2\/pages\/374"}],"wp:attachment":[{"href":"https:\/\/tatd.org.tr\/atak\/wp-json\/wp\/v2\/media?parent=397"}],"curies":[{"name":"wp","href":"https:\/\/api.w.org\/{rel}","templated":true}]}}