{"id":374,"date":"2020-02-04T21:13:13","date_gmt":"2020-02-04T18:13:13","guid":{"rendered":"https:\/\/www.aciltipakademisi.org\/?page_id=374"},"modified":"2022-10-27T15:09:34","modified_gmt":"2022-10-27T12:09:34","slug":"kurslarimiz","status":"publish","type":"page","link":"https:\/\/tatd.org.tr\/atak\/etkinliklerimiz\/kurslarimiz\/","title":{"rendered":"Kurslar\u0131m\u0131z"},"content":{"rendered":"<p><\/p>\r\n<p class=\"wp-block-image\">\u00a0<\/p>\r\n<figure class=\"aligncenter size-large is-resized\"><img decoding=\"async\" class=\"wp-image-379\" src=\"https:\/\/tatd.org.tr\/atak\/wp-content\/uploads\/sites\/4\/2020\/02\/kurslarimiz-1024x157.jpg\" alt=\"\" width=\"424\" height=\"65\" srcset=\"https:\/\/tatd.org.tr\/atak\/wp-content\/uploads\/sites\/4\/2020\/02\/kurslarimiz-1024x157.jpg 1024w, https:\/\/tatd.org.tr\/atak\/wp-content\/uploads\/sites\/4\/2020\/02\/kurslarimiz-300x46.jpg 300w, https:\/\/tatd.org.tr\/atak\/wp-content\/uploads\/sites\/4\/2020\/02\/kurslarimiz-768x118.jpg 768w, https:\/\/tatd.org.tr\/atak\/wp-content\/uploads\/sites\/4\/2020\/02\/kurslarimiz.jpg 1094w\" sizes=\"(max-width: 424px) 100vw, 424px\" \/><\/figure>\r\n<p>&nbsp;<\/p>\r\n<p><\/p>\r\n<p>T\u00fcrkiye Acil T\u0131p Akademisi a\u015fa\u011f\u0131daki kurslar\u0131 d\u00fczenlemektedir. Bu kurslar planlamaya al\u0131nd\u0131k\u00e7a bu form arac\u0131l\u0131\u011f\u0131yla \u00f6n kay\u0131t yapt\u0131rabilirsiniz. \u00d6n kayd\u0131n\u0131z uygun g\u00f6r\u00fcl\u00fcrse (her kursun kat\u0131l\u0131mc\u0131 kriterleri farkl\u0131d\u0131r) kesin kay\u0131t yapt\u0131rman\u0131z i\u00e7in size e-posta g\u00f6nderilecektir.<\/p>\r\n<p>&nbsp;<\/p>\r\n<h2>S\u00dcREKL\u0130 YAPILAN KURSLAR<\/h2>\r\n<p>&#8211; ATAKOnline \u0130statistik Kamp\u0131, 22-25 g\u00fcn, 2000 TL<\/p>\r\n<p>&#8211; Klinisyenler i\u00e7in \u0130statistik 1, 2 g\u00fcn, 2500 TL\u00a0<\/p>\r\n<p>&#8211; Klinisyenler i\u00e7in Ara\u015ft\u0131rma Planlama, 2 g\u00fcn, 2500 TL\u00a0<\/p>\r\n<p>&#8211; Klinisyenler i\u00e7in Makale Yazma, 2 g\u00fcn, 2500 TL\u00a0<\/p>\r\n<p>&#8211; Literat\u00fcr Tarama, yar\u0131m g\u00fcn, Kurslar G\u00fcnleri Kongresinde yap\u0131lmaktad\u0131r<\/p>\r\n<p>&#8211; Bildiri Haz\u0131rlama, yar\u0131m g\u00fcn, Kurslar G\u00fcnleri Kongresinde yap\u0131lmaktad\u0131r<\/p>\r\n<p>&#8211; Yard\u0131mc\u0131 Yaz\u0131l\u0131mlar\u0131n Kullan\u0131m\u0131, yar\u0131m g\u00fcn, Kurslar G\u00fcnleri Kongresinde yap\u0131lmaktad\u0131r<\/p>\r\n<p>&nbsp;<\/p>\r\n<h2>TALEP \u0130LE YAPILAN KURSLAR<\/h2>\r\n<p>&#8211; Klinisyenler i\u00e7in Makale Okuma ve De\u011ferlendirme Kursu (critical appraisal) &#8211; 1 g\u00fcn<\/p>\r\n<p>&#8211; Klinisyenler i\u00e7in \u0130statistik 2, 2 g\u00fcn\u00a0<\/p>\r\n<p>&#8211; \u00d6l\u00e7me ve De\u011ferlendirme, 2 g\u00fcn<\/p>\r\n<p>&#8211; Klinisyenler i\u00e7in Hakemlik &#8211; 1 g\u00fcn<\/p>\r\n<p>&#8211; Kan\u0131ta Dayal\u0131 T\u0131p &#8211; 2 g\u00fcn<\/p>\r\n<p>&#8211; E\u011fitimde elektronik kaynaklar\u0131n kullan\u0131m\u0131 &#8211; 1 g\u00fcn<\/p>\r\n<p>&#8211; Hayvan Deneyi Modelleri Kursu<\/p>\r\n<p>&nbsp;<\/p>\r\n<h2>B\u0130ZE ULA\u015eIN<\/h2>\r\n<p><a href=\"mailto:atak@tatd.org.tr\">atak@tatd.org.tr<\/a><\/p>\r\n<p><strong>Acil T\u0131p Akademisi Ba\u015fkan\u0131:<\/strong><\/p>\r\n<p>Do\u00e7. Dr. \u015eeref Kerem \u00c7orbac\u0131o\u011flu &#8211;<a href=\"mailto:serefkeremcorbacioglu@gmail.com\">serefkeremcorbacioglu@gmail.com<\/a><\/p>\r\n<p><strong>Acil T\u0131p Akademisi Genel Sekreteri:<\/strong><\/p>\r\n<p>Do\u00e7. Dr. G\u00f6khan Aksel &#8211;\u00a0<a href=\"mailto:gokhanaksel@gmail.com\">gokhanaksel@gmail.com<\/a><\/p>","protected":false},"excerpt":{"rendered":"<p>T\u00fcrkiye Acil T\u0131p Akademisi a\u015fa\u011f\u0131daki kurslar\u0131 d\u00fczenlemektedir. Bu kurslar planlamaya al\u0131nd\u0131k\u00e7a bu form arac\u0131l\u0131\u011f\u0131yla \u00f6n kay\u0131t yapt\u0131rabilirsiniz. \u00d6n kayd\u0131n\u0131z uygun g\u00f6r\u00fcl\u00fcrse (her&hellip;<\/p>\n","protected":false},"author":1599,"featured_media":0,"parent":1005,"menu_order":0,"comment_status":"closed","ping_status":"closed","template":"","meta":{"_acf_changed":false,"inline_featured_image":false,"_lmt_disableupdate":"","_lmt_disable":"","footnotes":""},"class_list":["post-374","page","type-page","status-publish","hentry"],"acf":[],"_links":{"self":[{"href":"https:\/\/tatd.org.tr\/atak\/wp-json\/wp\/v2\/pages\/374","targetHints":{"allow":["GET"]}}],"collection":[{"href":"https:\/\/tatd.org.tr\/atak\/wp-json\/wp\/v2\/pages"}],"about":[{"href":"https:\/\/tatd.org.tr\/atak\/wp-json\/wp\/v2\/types\/page"}],"author":[{"embeddable":true,"href":"https:\/\/tatd.org.tr\/atak\/wp-json\/wp\/v2\/users\/1599"}],"replies":[{"embeddable":true,"href":"https:\/\/tatd.org.tr\/atak\/wp-json\/wp\/v2\/comments?post=374"}],"version-history":[{"count":0,"href":"https:\/\/tatd.org.tr\/atak\/wp-json\/wp\/v2\/pages\/374\/revisions"}],"up":[{"embeddable":true,"href":"https:\/\/tatd.org.tr\/atak\/wp-json\/wp\/v2\/pages\/1005"}],"wp:attachment":[{"href":"https:\/\/tatd.org.tr\/atak\/wp-json\/wp\/v2\/media?parent=374"}],"curies":[{"name":"wp","href":"https:\/\/api.w.org\/{rel}","templated":true}]}}