{"id":1532,"date":"2022-10-27T15:48:42","date_gmt":"2022-10-27T12:48:42","guid":{"rendered":"https:\/\/tatd.org.tr\/atak\/?page_id=1532"},"modified":"2022-10-27T15:52:44","modified_gmt":"2022-10-27T12:52:44","slug":"klinisyenler-icin-istatistik-1-kursu","status":"publish","type":"page","link":"https:\/\/tatd.org.tr\/atak\/etkinliklerimiz\/kurslarimiz\/klinisyenler-icin-istatistik-1-kursu\/","title":{"rendered":"Klinisyenler i\u00e7in \u0130statistik -1 Kursu"},"content":{"rendered":"<p><b>KURS TANITIMI<\/b><\/p>\n<p><strong>Koordinat\u00f6r:<\/strong> Do\u00e7. Dr. G\u00f6khan Aksel<\/p>\n<p><b>E\u011fitmenler:<\/b><\/p>\n<p><span style=\"font-weight: 400\">Prof. Dr. Murat Pekdemir<\/span><\/p>\n<p><span style=\"font-weight: 400\">Prof. Dr. Haldun Ako\u011flu<\/span><\/p>\n<p>Do\u00e7. Dr. G\u00f6khan Aksel<\/p>\n<p><span style=\"font-weight: 400\">Do\u00e7. Dr. \u015eeref Kerem \u00c7orbac\u0131o\u011flu<\/span><\/p>\n<p><span style=\"font-weight: 400\">Uzm. Dr. Alp \u015eener<\/span><\/p>\n<p>&nbsp;<\/p>\n<p><b>Kursun Ama\u00e7 ve Hedefleri<\/b><\/p>\n<p><span style=\"font-weight: 400\">En eski ve klasik kursumuz (eski ad\u0131yla: temel istatistik) olan bu kursumuzda 2 g\u00fcn i\u00e7ince temel istatistiksel analiz metotlar\u0131n\u0131 uygulamal\u0131 olarak \u00f6\u011fretmekteyiz.\u00a0<\/span><\/p>\n<p><span style=\"font-weight: 400\">Bu kurstan \u00f6nce metodoloji, ara\u015ft\u0131rma planlama ve dizayn konular\u0131nda bilgi sahibi olunmas\u0131 \u00e7ok daha verimli olman\u0131z\u0131 sa\u011flayacakt\u0131r. Kurslar\u0131m\u0131z\u0131n do\u011fal d\u00fczeni olan Ara\u015ft\u0131rma Planlama, \u0130statistik 1, Makale Yazma, \u0130statistik 2 en verimli s\u0131rad\u0131r. Bu kursumuz \u00f6ncesinde Ara\u015ft\u0131rma Planlama Kursumuza kat\u0131lm\u0131\u015f olman\u0131z\u0131 tavsiye ederiz.\u00a0<\/span><\/p>\n<p>&nbsp;<\/p>\n<p><b>Kurs Plan\u0131<\/b><\/p>\n<p><span style=\"font-weight: 400\">Kurs her iki g\u00fcn i\u00e7in sabah 9&#8217;da ba\u015flay\u0131p 17&#8217;de bitecek \u015fekilde planlanm\u0131\u015ft\u0131r.<\/span><\/p>\n<p>&nbsp;<\/p>\n<p><b>Kat\u0131l\u0131mc\u0131 say\u0131s\u0131 ve Oturma D\u00fczeni<\/b><\/p>\n<p><span style=\"font-weight: 400\">Bu kursun oturma d\u00fczeni s\u0131n\u0131f d\u00fczenidir.<\/span><\/p>\n<p><span style=\"font-weight: 400\">Kat\u0131l\u0131mc\u0131 say\u0131s\u0131 22\u2019dir<\/span><\/p>\n<p>&nbsp;<\/p>\n<p><b>Kursa nas\u0131l kay\u0131t yapt\u0131r\u0131r\u0131m?<\/b><\/p>\n<p><span style=\"font-weight: 400\">\u00d6nkay\u0131t yapt\u0131ranlara kay\u0131tlar al\u0131nmaya ba\u015fland\u0131\u011f\u0131nda kesin kay\u0131t i\u00e7in e-posta ile kay\u0131t \u00fccreti \u00f6deme linki g\u00f6nderilecektir. \u00d6demesini belirtilen s\u00fcre i\u00e7inde tamamlayanlar\u0131n kay\u0131tlar\u0131 onaylanacakt\u0131r. Kayd\u0131n\u0131 tamamlamayanlar yerine belirtilen s\u00fcre sonunda yedek listeden kursiyer davet edilecektir.\u00a0<\/span><\/p>\n<p>&nbsp;<\/p>\n<p><b>Kurs fiyat\u0131 ve dahil olanlar: <\/b><b>Kurs \u00fccreti 2500 lirad\u0131r.<\/b><\/p>\n<ul>\n<li style=\"font-weight: 400\"><span style=\"font-weight: 400\">Sabah Kahvalt\u0131lar\u0131<\/span><\/li>\n<li style=\"font-weight: 400\"><span style=\"font-weight: 400\">G\u00fcn i\u00e7in s\u0131n\u0131rs\u0131z s\u0131cak so\u011fuk i\u00e7ecek ve ikramlar<\/span><\/li>\n<li style=\"font-weight: 400\"><span style=\"font-weight: 400\">Kursa \u00f6zel online sunum ve veri dosyalar\u0131 klas\u00f6r\u00fc<\/span><\/li>\n<li style=\"font-weight: 400\"><span style=\"font-weight: 400\">Kursa \u00f6zel Whatsapp ileti\u015fim grubu\u00a0<\/span><\/li>\n<\/ul>\n<p>&nbsp;<\/p>\n<p><b>Getirilmesi gerekenler<\/b><\/p>\n<p><span style=\"font-weight: 400\">\u0130\u00e7erisinde SPSS y\u00fckl\u00fc kendinize ait bir diz\u00fcst\u00fc bilgisayar getirmeniz gerekmektedir.\u00a0<\/span><\/p>\n<p><b>Kurs konular\u0131 ve Program\u0131<\/b><\/p>\n<ul>\n<li style=\"font-weight: 400\"><span style=\"font-weight: 400\">Veriseti olu\u015fturma, de\u011fi\u015fkenler, p de\u011feri, g\u00fcven aral\u0131klar\u0131, tan\u0131mlay\u0131c\u0131 istatistikler, istatistiksel y\u00f6ntem se\u00e7imi,\u00a0<\/span><\/li>\n<li style=\"font-weight: 400\"><span style=\"font-weight: 400\">Histogram, box-plot, hata grafi\u011fi (error plot), density grafikleri&#8230;<\/span><\/li>\n<li style=\"font-weight: 400\"><span style=\"font-weight: 400\">Ki-kare, Fisher ve d\u00f6rt g\u00f6zl\u00fc tablolar<\/span><\/li>\n<li style=\"font-weight: 400\"><span style=\"font-weight: 400\">t-testi, Mann Whitney U, Wilcoxon, \u0130\u015faret Testi,\u00a0<\/span><\/li>\n<li style=\"font-weight: 400\"><span style=\"font-weight: 400\">Varyans analizine giri\u015f, ANOVA, Kruskal-Wallis<\/span><\/li>\n<li style=\"font-weight: 400\"><span style=\"font-weight: 400\">Olas\u0131l\u0131k,\u00a0<\/span><\/li>\n<li style=\"font-weight: 400\"><span style=\"font-weight: 400\">Tan\u0131sal testlerin de\u011ferlendirmesi, ROC analizi, Youden J indeksi,\u00a0<\/span><\/li>\n<li style=\"font-weight: 400\"><span style=\"font-weight: 400\">Olabilirlik olas\u0131l\u0131klar\u0131 (+LR, -LR), Fagan nomogram\u0131, NNT, NNH, interaktif diyagramlar, interval LR<\/span><\/li>\n<li style=\"font-weight: 400\"><span style=\"font-weight: 400\">D\u00f6rt g\u00f6zl\u00fc tablolardan duyarl\u0131l\u0131k, \u00f6zg\u00fcll\u00fck analizi, PPV, NPV<\/span><\/li>\n<\/ul>\n","protected":false},"excerpt":{"rendered":"<p>KURS TANITIMI Koordinat\u00f6r: Do\u00e7. Dr. G\u00f6khan Aksel E\u011fitmenler: Prof. Dr. Murat Pekdemir Prof. Dr. Haldun Ako\u011flu Do\u00e7. Dr. G\u00f6khan Aksel Do\u00e7. Dr.&hellip;<\/p>\n","protected":false},"author":1399,"featured_media":0,"parent":374,"menu_order":2,"comment_status":"closed","ping_status":"closed","template":"","meta":{"_acf_changed":false,"inline_featured_image":false,"_lmt_disableupdate":"","_lmt_disable":"","footnotes":""},"class_list":["post-1532","page","type-page","status-publish","hentry"],"acf":[],"_links":{"self":[{"href":"https:\/\/tatd.org.tr\/atak\/wp-json\/wp\/v2\/pages\/1532","targetHints":{"allow":["GET"]}}],"collection":[{"href":"https:\/\/tatd.org.tr\/atak\/wp-json\/wp\/v2\/pages"}],"about":[{"href":"https:\/\/tatd.org.tr\/atak\/wp-json\/wp\/v2\/types\/page"}],"author":[{"embeddable":true,"href":"https:\/\/tatd.org.tr\/atak\/wp-json\/wp\/v2\/users\/1399"}],"replies":[{"embeddable":true,"href":"https:\/\/tatd.org.tr\/atak\/wp-json\/wp\/v2\/comments?post=1532"}],"version-history":[{"count":0,"href":"https:\/\/tatd.org.tr\/atak\/wp-json\/wp\/v2\/pages\/1532\/revisions"}],"up":[{"embeddable":true,"href":"https:\/\/tatd.org.tr\/atak\/wp-json\/wp\/v2\/pages\/374"}],"wp:attachment":[{"href":"https:\/\/tatd.org.tr\/atak\/wp-json\/wp\/v2\/media?parent=1532"}],"curies":[{"name":"wp","href":"https:\/\/api.w.org\/{rel}","templated":true}]}}