{"id":1424,"date":"2021-11-22T00:49:15","date_gmt":"2021-11-21T21:49:15","guid":{"rendered":"https:\/\/tatd.org.tr\/atak\/?page_id=1424"},"modified":"2021-11-22T00:50:11","modified_gmt":"2021-11-21T21:50:11","slug":"faaliyet-raporlari","status":"publish","type":"page","link":"https:\/\/tatd.org.tr\/atak\/hakkimizda-2\/belgeler\/faaliyet-raporlari\/","title":{"rendered":"Faaliyet Raporlar\u0131"},"content":{"rendered":"<p>&nbsp;<\/p>\n<div class=\"pcrstb-wrap\"><table style=\"border-collapse: collapse; width: 100%;\" border=\"1\">\n<tbody>\n<tr style=\"height: 24px;\">\n<td style=\"width: 5.51181%; height: 24px;\"><strong>Y\u0131l<\/strong><\/td>\n<td style=\"width: 38.517%; height: 24px;\"><strong>Y\u00fcr\u00fctme Kurulu<\/strong><\/td>\n<td style=\"width: 55.9711%; height: 24px;\"><strong>Faaliyet Raporu<\/strong><\/td>\n<\/tr>\n<tr style=\"height: 24px;\">\n<td style=\"width: 5.51181%; height: 24px;\">2021<\/td>\n<td style=\"width: 38.517%; height: 24px;\">Ba\u015fkan: \u015eeref Kerem \u00c7orbac\u0131o\u011flu, Sekreter: G\u00f6khan Aksel<\/td>\n<td style=\"width: 55.9711%; height: 24px;\"><a class=\"btn btn-outline-primary fw-bold text-start\" href=\"https:\/\/tatd.org.tr\/atak\/wp-content\/uploads\/sites\/4\/2021\/11\/ATAK-21-Do\u0308nem-Sonu-Raporu_son.pdf\" target=\"_blank\" rel=\"noopener\"><i class=\"fas fa-file-pdf me-2\"><\/i>ATAK 21 Do\u0308nem Sonu Raporu (222,47 KB)<\/a><\/td>\n<\/tr>\n<tr style=\"height: 24px;\">\n<td style=\"width: 5.51181%; height: 24px;\">2020<\/td>\n<td style=\"width: 38.517%; height: 24px;\">Ba\u015fkan: \u015eeref Kerem \u00c7orbac\u0131o\u011flu, Sekreter: G\u00f6khan Aksel<\/td>\n<td style=\"width: 55.9711%; height: 24px;\"><a class=\"btn btn-outline-primary fw-bold text-start\" href=\"https:\/\/tatd.org.tr\/atak\/wp-content\/uploads\/sites\/4\/2021\/11\/ATAK-20-Do\u0308nem-Sonu-Raporu.pdf\" target=\"_blank\" rel=\"noopener\"><i class=\"fas fa-file-pdf me-2\"><\/i>ATAK 20 Do\u0308nem Sonu Raporu (237,78 KB)<\/a><\/td>\n<\/tr>\n<tr style=\"height: 24px;\">\n<td style=\"width: 5.51181%; height: 24px;\">2019<\/td>\n<td style=\"width: 38.517%; height: 24px;\">Ba\u015fkan: Haldun Ako\u011flu<\/td>\n<td style=\"width: 55.9711%; height: 24px;\"><a class=\"btn btn-outline-primary fw-bold text-start\" href=\"https:\/\/tatd.org.tr\/atak\/wp-content\/uploads\/sites\/4\/2021\/11\/ATAK-19-Do\u0308nem-Sonu-Raporu.pdf\" target=\"_blank\" rel=\"noopener\"><i class=\"fas fa-file-pdf me-2\"><\/i>ATAK 19 Do\u0308nem Sonu Raporu (483,27 KB)<\/a><\/td>\n<\/tr>\n<tr style=\"height: 24px;\">\n<td style=\"width: 5.51181%; height: 24px;\">2018<\/td>\n<td style=\"width: 38.517%; height: 24px;\">Ba\u015fkan: Murat Ersel, Sekreter: Ersin Aksay<\/td>\n<td style=\"width: 55.9711%; height: 24px;\"><\/td>\n<\/tr>\n<tr style=\"height: 24px;\">\n<td style=\"width: 5.51181%; height: 24px;\">2017<\/td>\n<td style=\"width: 38.517%; height: 24px;\">Ba\u015fkan: Murat Ersel, Sekreter: Ersin Aksay<\/td>\n<td style=\"width: 55.9711%; height: 24px;\"><\/td>\n<\/tr>\n<tr style=\"height: 24px;\">\n<td style=\"width: 5.51181%; height: 24px;\">2016<\/td>\n<td style=\"width: 38.517%; height: 24px;\">Ba\u015fkan: Murat Ersel, Sekreter: Ersin Aksay<\/td>\n<td style=\"width: 55.9711%; height: 24px;\"><\/td>\n<\/tr>\n<tr style=\"height: 24px;\">\n<td style=\"width: 5.51181%; height: 24px;\">2015<\/td>\n<td style=\"width: 38.517%; height: 24px;\">Ba\u015fkan: Murat Ersel, Sekreter: Ersin Aksay<\/td>\n<td style=\"width: 55.9711%; height: 24px;\"><\/td>\n<\/tr>\n<tr style=\"height: 24px;\">\n<td style=\"width: 5.51181%; height: 24px;\">2014<\/td>\n<td style=\"width: 38.517%; height: 24px;\">Ba\u015fkan: Murat Ersel, Sekreter: Ersin Aksay<\/td>\n<td style=\"width: 55.9711%; height: 24px;\"><\/td>\n<\/tr>\n<tr style=\"height: 24px;\">\n<td style=\"width: 5.51181%; height: 24px;\">2013<\/td>\n<td style=\"width: 38.517%; height: 24px;\">Kurulu\u015f Y\u0131l\u0131. Ba\u015fkan: Murat Ersel, Sekreter: Ersin Aksay<\/td>\n<td style=\"width: 55.9711%; height: 24px;\"><\/td>\n<\/tr>\n<\/tbody>\n<\/table><\/div>\n<p>\u00c7al\u0131\u015fma Grubunun y\u0131ll\u0131k faaliyet raporlar\u0131 buraya y\u00fcklenecektir. Faaliyet Raporlar\u0131 sadece TATD \u00dcyelerine a\u00e7\u0131kt\u0131r.<\/p>\n","protected":false},"excerpt":{"rendered":"<p>&nbsp; Y\u0131l Y\u00fcr\u00fctme Kurulu Faaliyet Raporu 2021 Ba\u015fkan: \u015eeref Kerem \u00c7orbac\u0131o\u011flu, Sekreter: G\u00f6khan Aksel ATAK 21 Do\u0308nem Sonu Raporu (222,47 KB) 2020&hellip;<\/p>\n","protected":false},"author":1561,"featured_media":0,"parent":60,"menu_order":2,"comment_status":"closed","ping_status":"closed","template":"","meta":{"_acf_changed":false,"inline_featured_image":false,"_lmt_disableupdate":"","_lmt_disable":"","footnotes":""},"class_list":["post-1424","page","type-page","status-publish","hentry"],"acf":[],"_links":{"self":[{"href":"https:\/\/tatd.org.tr\/atak\/wp-json\/wp\/v2\/pages\/1424","targetHints":{"allow":["GET"]}}],"collection":[{"href":"https:\/\/tatd.org.tr\/atak\/wp-json\/wp\/v2\/pages"}],"about":[{"href":"https:\/\/tatd.org.tr\/atak\/wp-json\/wp\/v2\/types\/page"}],"author":[{"embeddable":true,"href":"https:\/\/tatd.org.tr\/atak\/wp-json\/wp\/v2\/users\/1561"}],"replies":[{"embeddable":true,"href":"https:\/\/tatd.org.tr\/atak\/wp-json\/wp\/v2\/comments?post=1424"}],"version-history":[{"count":0,"href":"https:\/\/tatd.org.tr\/atak\/wp-json\/wp\/v2\/pages\/1424\/revisions"}],"up":[{"embeddable":true,"href":"https:\/\/tatd.org.tr\/atak\/wp-json\/wp\/v2\/pages\/60"}],"wp:attachment":[{"href":"https:\/\/tatd.org.tr\/atak\/wp-json\/wp\/v2\/media?parent=1424"}],"curies":[{"name":"wp","href":"https:\/\/api.w.org\/{rel}","templated":true}]}}