{"id":1419,"date":"2021-11-22T00:46:43","date_gmt":"2021-11-21T21:46:43","guid":{"rendered":"https:\/\/tatd.org.tr\/atak\/?page_id=1419"},"modified":"2021-11-22T00:46:43","modified_gmt":"2021-11-21T21:46:43","slug":"yonerge-ve-diger-belgeler","status":"publish","type":"page","link":"https:\/\/tatd.org.tr\/atak\/hakkimizda-2\/belgeler\/yonerge-ve-diger-belgeler\/","title":{"rendered":"Y\u00f6nerge ve Di\u011fer Belgeler"},"content":{"rendered":"<p>\u00c7al\u0131\u015fma Grubu taraf\u0131ndan haz\u0131rlanan y\u00f6nerge ve di\u011fer idari s\u00fcre\u00e7lere dair belgelere bu sayfada yer verilmektedir.<\/p>\n<div class=\"pcrstb-wrap\"><table style=\"border-collapse: collapse; width: 100%;\" border=\"1\">\n<tbody>\n<tr>\n<td style=\"width: 34.8425%;\"><strong>Y\u00f6nerge<\/strong><\/td>\n<td style=\"width: 25.3937%;\"><strong>Versiyon<\/strong><\/td>\n<td style=\"width: 39.7638%;\"><strong>Y\u00fcr\u00fcrl\u00fck Tarihi<\/strong><\/td>\n<\/tr>\n<tr>\n<td style=\"width: 34.8425%;\"><a class=\"btn btn-outline-primary fw-bold text-start\" href=\"https:\/\/tatd.org.tr\/atak\/wp-content\/uploads\/sites\/4\/2021\/10\/ATAK-I\u0307dari-Yapilanmasi-ve-Yo\u0308nergesi-v3.pdf\" target=\"_blank\" rel=\"noopener\"><i class=\"fas fa-file-pdf me-2\"><\/i>ATAK I\u0307dari Yap\u0131lanmas\u0131 ve Yo\u0308nergesi v3 (69,17 KB)<\/a><\/td>\n<td style=\"width: 25.3937%;\">versiyon 3<\/td>\n<td style=\"width: 39.7638%;\">4 Ocak 2020<\/td>\n<\/tr>\n<tr>\n<td style=\"width: 34.8425%;\">ATAK Y\u00f6nergesi v2<\/td>\n<td style=\"width: 25.3937%;\">versiyon 2<\/td>\n<td style=\"width: 39.7638%;\">1 Kas\u0131m 2018<\/td>\n<\/tr>\n<tr>\n<td style=\"width: 34.8425%;\">ATAK Y\u00f6nergesi<\/td>\n<td style=\"width: 25.3937%;\">Orjinal D\u00f6k\u00fcman<\/td>\n<td style=\"width: 39.7638%;\">7 Ocak 2013<\/td>\n<\/tr>\n<\/tbody>\n<\/table><\/div>\n<p>&nbsp;<\/p>\n","protected":false},"excerpt":{"rendered":"<p>\u00c7al\u0131\u015fma Grubu taraf\u0131ndan haz\u0131rlanan y\u00f6nerge ve di\u011fer idari s\u00fcre\u00e7lere dair belgelere bu sayfada yer verilmektedir. Y\u00f6nerge Versiyon Y\u00fcr\u00fcrl\u00fck Tarihi ATAK I\u0307dari Yap\u0131lanmas\u0131&hellip;<\/p>\n","protected":false},"author":1561,"featured_media":0,"parent":60,"menu_order":1,"comment_status":"closed","ping_status":"closed","template":"","meta":{"_acf_changed":false,"inline_featured_image":false,"_lmt_disableupdate":"","_lmt_disable":"","footnotes":""},"class_list":["post-1419","page","type-page","status-publish","hentry"],"acf":[],"_links":{"self":[{"href":"https:\/\/tatd.org.tr\/atak\/wp-json\/wp\/v2\/pages\/1419","targetHints":{"allow":["GET"]}}],"collection":[{"href":"https:\/\/tatd.org.tr\/atak\/wp-json\/wp\/v2\/pages"}],"about":[{"href":"https:\/\/tatd.org.tr\/atak\/wp-json\/wp\/v2\/types\/page"}],"author":[{"embeddable":true,"href":"https:\/\/tatd.org.tr\/atak\/wp-json\/wp\/v2\/users\/1561"}],"replies":[{"embeddable":true,"href":"https:\/\/tatd.org.tr\/atak\/wp-json\/wp\/v2\/comments?post=1419"}],"version-history":[{"count":0,"href":"https:\/\/tatd.org.tr\/atak\/wp-json\/wp\/v2\/pages\/1419\/revisions"}],"up":[{"embeddable":true,"href":"https:\/\/tatd.org.tr\/atak\/wp-json\/wp\/v2\/pages\/60"}],"wp:attachment":[{"href":"https:\/\/tatd.org.tr\/atak\/wp-json\/wp\/v2\/media?parent=1419"}],"curies":[{"name":"wp","href":"https:\/\/api.w.org\/{rel}","templated":true}]}}