{"id":1237,"date":"2021-04-07T13:31:31","date_gmt":"2021-04-07T10:31:31","guid":{"rendered":"https:\/\/tatd.org.tr\/atak\/?page_id=2"},"modified":"2024-10-22T15:47:15","modified_gmt":"2024-10-22T12:47:15","slug":"hakkimizda-2","status":"publish","type":"page","link":"https:\/\/tatd.org.tr\/atak\/","title":{"rendered":"Hakk\u0131m\u0131zda"},"content":{"rendered":"\t\t<div data-elementor-type=\"wp-page\" data-elementor-id=\"1237\" class=\"elementor elementor-1237\" data-elementor-post-type=\"page\">\n\t\t\t\t<div class=\"elementor-element elementor-element-2fe0c4a0 e-flex e-con-boxed e-con e-parent\" data-id=\"2fe0c4a0\" data-element_type=\"container\" data-e-type=\"container\">\n\t\t\t\t\t<div class=\"e-con-inner\">\n\t\t<div class=\"elementor-element elementor-element-06dd4fa e-con-full e-flex e-con e-child\" data-id=\"06dd4fa\" data-element_type=\"container\" data-e-type=\"container\">\n\t\t\t\t<div class=\"elementor-element elementor-element-eb8f910 elementor-widget elementor-widget-image\" data-id=\"eb8f910\" data-element_type=\"widget\" data-e-type=\"widget\" data-widget_type=\"image.default\">\n\t\t\t\t<div class=\"elementor-widget-container\">\n\t\t\t\t\t\t\t\t\t\t\t\t\t\t\t<img fetchpriority=\"high\" decoding=\"async\" width=\"1024\" height=\"706\" src=\"https:\/\/tatd.org.tr\/atak\/wp-content\/uploads\/sites\/4\/2020\/02\/kkk-1024x706.jpg\" class=\"attachment-large size-large wp-image-726\" alt=\"\" srcset=\"https:\/\/tatd.org.tr\/atak\/wp-content\/uploads\/sites\/4\/2020\/02\/kkk-1024x706.jpg 1024w, https:\/\/tatd.org.tr\/atak\/wp-content\/uploads\/sites\/4\/2020\/02\/kkk-300x207.jpg 300w, https:\/\/tatd.org.tr\/atak\/wp-content\/uploads\/sites\/4\/2020\/02\/kkk-768x530.jpg 768w, https:\/\/tatd.org.tr\/atak\/wp-content\/uploads\/sites\/4\/2020\/02\/kkk-914x630.jpg 914w, https:\/\/tatd.org.tr\/atak\/wp-content\/uploads\/sites\/4\/2020\/02\/kkk.jpg 1440w\" sizes=\"(max-width: 1024px) 100vw, 1024px\" \/>\t\t\t\t\t\t\t\t\t\t\t\t\t\t\t<\/div>\n\t\t\t\t<\/div>\n\t\t\t\t<\/div>\n\t\t<div class=\"elementor-element elementor-element-0a91d54 e-con-full e-flex e-con e-child\" data-id=\"0a91d54\" data-element_type=\"container\" data-e-type=\"container\">\n\t\t\t\t<div class=\"elementor-element elementor-element-5f20ca30 elementor-widget elementor-widget-text-editor\" data-id=\"5f20ca30\" data-element_type=\"widget\" data-e-type=\"widget\" data-widget_type=\"text-editor.default\">\n\t\t\t\t<div class=\"elementor-widget-container\">\n\t\t\t\t\t\t\t\t\t<strong>TATD Acil T\u0131p Akademisi (ATAK)<\/strong> acil t\u0131p uzmanlar\u0131n\u0131n akademik bilgi \u00fcretme konusundaki yetkinliklerini artt\u0131rma konusunda \u00e7al\u0131\u015fmalar yapmak \u00fczere kurulmu\u015ftur. Faaliyet alanlar\u0131n\u0131n geni\u015flemesi ile beraber 2020 y\u0131l\u0131nda kurulan Ara\u015ft\u0131rma Komisyonuna ba\u011fl\u0131 kapal\u0131 bir \u00e7al\u0131\u015fma grubu olarak idari yap\u0131s\u0131 yeniden tan\u0131mlanm\u0131\u015ft\u0131r.\n\n<span style=\"font-weight: 400\">TATD Acil T\u0131p Akademisi faaliyet alan\u0131 akademik geli\u015fim kurslar\u0131 d\u00fczenlenmesi ile s\u0131n\u0131rl\u0131d\u0131r. ATAK E\u011fitmenleri, faaliyetlerin \u00f6zel yetenek ve beceriler gerektirmesi itibariyle davet ile ATAK e\u011fitimlerini tamamlam\u0131\u015f ki\u015filerden se\u00e7ilmektedir.&nbsp;<\/span>\n\nATAK kurslar\u0131na yo\u011fun ilgi nedeniyle \u00f6nkay\u0131t ile kat\u0131l\u0131mc\u0131 kabul edilmektedir. Yeni kurslar planlamaya al\u0131nd\u0131k\u00e7a formda yer verilmekte olup bu form arac\u0131l\u0131\u011f\u0131yla ilerideki kurslara \u00f6n kay\u0131t yapt\u0131rabilirsiniz. \u00d6n kayd\u0131n\u0131z uygun g\u00f6r\u00fcl\u00fcrse (her kursun kat\u0131l\u0131mc\u0131 kriterleri farkl\u0131d\u0131r) kesin kay\u0131t yapt\u0131rman\u0131z i\u00e7in size e-posta g\u00f6nderilecektir.\n\n&nbsp;\t\t\t\t\t\t\t\t<\/div>\n\t\t\t\t<\/div>\n\t\t\t\t<\/div>\n\t\t\t\t\t<\/div>\n\t\t\t\t<\/div>\n\t\t\t\t<\/div>\n\t\t","protected":false},"excerpt":{"rendered":"<p>TATD Acil T\u0131p Akademisi (ATAK) acil t\u0131p uzmanlar\u0131n\u0131n akademik bilgi \u00fcretme konusundaki yetkinliklerini artt\u0131rma konusunda \u00e7al\u0131\u015fmalar yapmak \u00fczere kurulmu\u015ftur. Faaliyet alanlar\u0131n\u0131n geni\u015flemesi&hellip;<\/p>\n","protected":false},"author":1599,"featured_media":0,"parent":0,"menu_order":0,"comment_status":"closed","ping_status":"closed","template":"","meta":{"_acf_changed":false,"inline_featured_image":false,"_lmt_disableupdate":"","_lmt_disable":"","footnotes":""},"class_list":["post-1237","page","type-page","status-publish","hentry"],"acf":[],"_links":{"self":[{"href":"https:\/\/tatd.org.tr\/atak\/wp-json\/wp\/v2\/pages\/1237","targetHints":{"allow":["GET"]}}],"collection":[{"href":"https:\/\/tatd.org.tr\/atak\/wp-json\/wp\/v2\/pages"}],"about":[{"href":"https:\/\/tatd.org.tr\/atak\/wp-json\/wp\/v2\/types\/page"}],"author":[{"embeddable":true,"href":"https:\/\/tatd.org.tr\/atak\/wp-json\/wp\/v2\/users\/1599"}],"replies":[{"embeddable":true,"href":"https:\/\/tatd.org.tr\/atak\/wp-json\/wp\/v2\/comments?post=1237"}],"version-history":[{"count":0,"href":"https:\/\/tatd.org.tr\/atak\/wp-json\/wp\/v2\/pages\/1237\/revisions"}],"wp:attachment":[{"href":"https:\/\/tatd.org.tr\/atak\/wp-json\/wp\/v2\/media?parent=1237"}],"curies":[{"name":"wp","href":"https:\/\/api.w.org\/{rel}","templated":true}]}}