{"id":1036,"date":"2021-10-05T22:03:35","date_gmt":"2021-10-05T19:03:35","guid":{"rendered":"https:\/\/tatd.org.tr\/atak\/?page_id=1036"},"modified":"2021-11-21T19:35:56","modified_gmt":"2021-11-21T16:35:56","slug":"kurs-koordinatorleri","status":"publish","type":"page","link":"https:\/\/tatd.org.tr\/atak\/etkinliklerimiz\/kurslarimiz\/kurs-koordinatorleri\/","title":{"rendered":"Kurs Koordinat\u00f6rleri"},"content":{"rendered":"<p>&nbsp;<\/p>\n<div class=\"pcrstb-wrap\"><table>\n<tbody>\n<tr>\n<td><b>Kurs<\/b><\/td>\n<td><b>Koordinat\u00f6r<\/b><\/td>\n<\/tr>\n<tr>\n<td>E\u011fitici E\u011fitimi<\/td>\n<td>Prof. Dr. Ersin Aksay<\/td>\n<\/tr>\n<tr>\n<td>\u00d6l\u00e7me ve De\u011ferlendirme<\/td>\n<td>Prof. Dr. Cem Oktay<\/td>\n<\/tr>\n<tr>\n<td>\u0130statistik 1 Kursu<\/td>\n<td>Prof. Dr. Murat Pekdemir<\/td>\n<\/tr>\n<tr>\n<td>\u0130statistik 2 Kursu<\/td>\n<td>Prof. Dr. Murat Pekdemir<\/td>\n<\/tr>\n<tr>\n<td>ATAKOnline \u0130statistik Kamp\u0131<\/td>\n<td>Do\u00e7. Dr. \u015eeref Kerem \u00c7orbac\u0131o\u011flu<\/td>\n<\/tr>\n<tr>\n<td>Ara\u015ft\u0131rma Planlama Kursu (Online)<\/td>\n<td>Prof. Dr. Haldun Ako\u011flu<\/td>\n<\/tr>\n<tr>\n<td>Makale Yazma Kursu<\/td>\n<td>Do\u00e7. Dr. \u015eeref Kerem \u00c7orbac\u0131o\u011flu<\/td>\n<\/tr>\n<tr>\n<td>Hayvan Deneyi Modelleri Kursu<\/td>\n<td>Prof. Dr. S\u00fcleyman T\u00fcredi<\/td>\n<\/tr>\n<tr>\n<td>Literat\u00fcr Tarama (Kurslar Kongresi)<\/td>\n<td>Do\u00e7. Dr. \u015eeref Kerem \u00c7orbac\u0131o\u011flu<\/td>\n<\/tr>\n<tr>\n<td>Bildiri Haz\u0131rlama (Kurslar Kongresi)<\/td>\n<td>Do\u00e7. Dr. Nurettin \u00d6zg\u00fcr Do\u011fan<\/td>\n<\/tr>\n<tr>\n<td>Yaz\u0131l\u0131mlar (Kurslar Kongresi)<\/td>\n<td>Do\u00e7. Dr. G\u00f6khan Aksel<\/td>\n<\/tr>\n<tr>\n<td>Makale okuma ve de\u011ferlendirme<\/td>\n<td>Do\u00e7. Dr. Nurettin \u00d6zg\u00fcr Do\u011fan<\/td>\n<\/tr>\n<\/tbody>\n<\/table><\/div>\n","protected":false},"excerpt":{"rendered":"<p>&nbsp; Kurs Koordinat\u00f6r E\u011fitici E\u011fitimi Prof. Dr. Ersin Aksay \u00d6l\u00e7me ve De\u011ferlendirme Prof. Dr. Cem Oktay \u0130statistik 1 Kursu Prof. Dr. Murat&hellip;<\/p>\n","protected":false},"author":1561,"featured_media":0,"parent":374,"menu_order":3,"comment_status":"closed","ping_status":"closed","template":"","meta":{"_acf_changed":false,"inline_featured_image":false,"_lmt_disableupdate":"","_lmt_disable":"","footnotes":""},"class_list":["post-1036","page","type-page","status-publish","hentry"],"acf":[],"_links":{"self":[{"href":"https:\/\/tatd.org.tr\/atak\/wp-json\/wp\/v2\/pages\/1036","targetHints":{"allow":["GET"]}}],"collection":[{"href":"https:\/\/tatd.org.tr\/atak\/wp-json\/wp\/v2\/pages"}],"about":[{"href":"https:\/\/tatd.org.tr\/atak\/wp-json\/wp\/v2\/types\/page"}],"author":[{"embeddable":true,"href":"https:\/\/tatd.org.tr\/atak\/wp-json\/wp\/v2\/users\/1561"}],"replies":[{"embeddable":true,"href":"https:\/\/tatd.org.tr\/atak\/wp-json\/wp\/v2\/comments?post=1036"}],"version-history":[{"count":0,"href":"https:\/\/tatd.org.tr\/atak\/wp-json\/wp\/v2\/pages\/1036\/revisions"}],"up":[{"embeddable":true,"href":"https:\/\/tatd.org.tr\/atak\/wp-json\/wp\/v2\/pages\/374"}],"wp:attachment":[{"href":"https:\/\/tatd.org.tr\/atak\/wp-json\/wp\/v2\/media?parent=1036"}],"curies":[{"name":"wp","href":"https:\/\/api.w.org\/{rel}","templated":true}]}}