{"id":1026,"date":"2021-10-05T21:45:23","date_gmt":"2021-10-05T18:45:23","guid":{"rendered":"https:\/\/tatd.org.tr\/atak\/?page_id=1026"},"modified":"2022-10-27T15:10:11","modified_gmt":"2022-10-27T12:10:11","slug":"atakonline-istatistik-kampi","status":"publish","type":"page","link":"https:\/\/tatd.org.tr\/atak\/etkinliklerimiz\/kurslarimiz\/atakonline-istatistik-kampi\/","title":{"rendered":"ATAKOnline \u0130statistik Kamp\u0131"},"content":{"rendered":"<h2>Kursun Amac\u0131<\/h2>\n<p>En eski ve klasik kurslar\u0131m\u0131z olan Klinisyenler i\u00e7in \u0130statistik-1 kursumuzun kapsam\u0131n\u0131 geni\u015fleterek sizler i\u00e7in online platforma ta\u015f\u0131m\u0131z bulunmaktay\u0131z. \u00a0Kursumuzun toplam s\u00fcresi yakla\u015f\u0131k 22-25 g\u00fcn olarak belirlenmi\u015ftir (Ay i\u00e7indeki takvime g\u00f6re de\u011fi\u015febilmektedir). Kursumuz temelde 11 mod\u00fclden olu\u015fmaktad\u0131r. Her mod\u00fcl temel konu anlat\u0131mlar\u0131n\u0131n \u00f6nceden kaydedildi\u011fi ders videolar\u0131ndan, SPSS ve Jamovi gibi programlardaki baz\u0131 prosed\u00fcrlerin kay\u0131tlar\u0131n\u0131 i\u00e7eren k\u0131sa e\u011fitici videolardan, kursiyerlere verilecek \u00f6devlerden ve her mod\u00fcl\u00fcn sonunda t\u00fcm e\u011fitmenlerin kat\u0131laca\u011f\u0131 online pratiklerden olu\u015fmaktad\u0131r.\u00a0Bu Kursumuzda\u00a0temel istatistiksel analiz metotlar\u0131n\u0131 uygulamal\u0131 olarak \u00f6\u011fretmekteyiz.<\/p>\n<h2>Kurs Plan\u0131<\/h2>\n<p>Kursumuz toplam 22-25 g\u00fcn s\u00fcrmekte ve 11 temel mod\u00fclden olu\u015fmaktad\u0131r. Her mod\u00fcl i\u00e7in haz\u0131rlanan iki veya daha fazla e\u011fitici videonun ilgili g\u00fcnler i\u00e7erisinde izlenmesi ve verilen \u00f6devlerin yap\u0131lmas\u0131 gerekmektedir. Mod\u00fcllere ayr\u0131lan s\u00fcrenin son g\u00fcn\u00fcnde g\u00fcn\u00fcn t\u00fcm e\u011fitimcilerin kat\u0131ld\u0131\u011f\u0131 &#8220;Zoom&#8221; \u00fczerinden canl\u0131 prati\u011fimiz yap\u0131lmaktad\u0131r. Bu pratikte \u00f6rnek veri setleri \u00fczerinde \u00e7al\u0131\u015f\u0131lmakta ve konunun peki\u015fmesi sa\u011flanmaktad\u0131r. Ayr\u0131ca pratikler s\u00fcresince kursiyerlerimizin konu ile ilgili sorular\u0131 da yan\u0131tlanmaktad\u0131r.<\/p>\n<p>Bu pratiklerin g\u00fcnleri (22-25 g\u00fcn s\u00fcresince toplam 7 ayr\u0131 g\u00fcn) kurs ba\u015flang\u0131c\u0131nda tarih olarak net \u015fekilde size bildirilecektir. Bu d\u00f6nemde mutlaka i\u015f plan\u0131n\u0131z\u0131 iyi ayarlay\u0131p pratik dersler i\u00e7in bo\u015fluk yaratmal\u0131s\u0131n\u0131z. Bu kursumuzdan en iyi \u015fekilde yararlanman\u0131z i\u00e7in gerekli bir kurald\u0131r.<\/p>\n<h2>Kat\u0131l\u0131m \u015eartlar\u0131<\/h2>\n<p>Acil T\u0131p Uzman ve Asistanlar\u0131 ve di\u011fer bran\u015flar i\u00e7in ayr\u0131 ayr\u0131 kotalar belirlenmi\u015ftir. Kesin bir kural olmamakla birlikte kurstan ideal olarak yararlanmak i\u00e7in s\u0131ras\u0131yla \u201cAra\u015ft\u0131rma Planlama\u201d ve \u201cTemel \u0130statistik-1\u201d kurslar\u0131n\u0131n al\u0131nm\u0131\u015f olmas\u0131 gerekmektedir.<\/p>\n<h2>Kat\u0131l\u0131mc\u0131 say\u0131s\u0131 ve Online E\u011fitim Platformu<\/h2>\n<p>Bu kursumuz &#8220;Google Classroom&#8221; \u00fczerinden yap\u0131lmakta ve canl\u0131 derslerimiz &#8220;Zoom&#8221; \u00fczerinden ger\u00e7ekle\u015fmektedir.<\/p>\n<p>Kat\u0131l\u0131mc\u0131 say\u0131s\u0131 20 ki\u015fi ile s\u0131n\u0131rl\u0131d\u0131r.<\/p>\n<h2>Kursa nas\u0131l kay\u0131t yapt\u0131r\u0131r\u0131m?<\/h2>\n<p>\u00d6n kay\u0131t formu ile (yanda) kay\u0131t yapt\u0131ranlara kay\u0131tlar al\u0131nmaya ba\u015fland\u0131\u011f\u0131nda kesin kay\u0131t i\u00e7in e-posta ile kay\u0131t \u00fccreti \u00f6deme linki g\u00f6nderilecektir. \u00d6demesini belirtilen s\u00fcre i\u00e7inde tamamlayanlar\u0131n kay\u0131tlar\u0131 onaylanacakt\u0131r. Kayd\u0131n\u0131 tamamlamayanlar yerine belirtilen s\u00fcre sonunda yedek listeden kursiyer davet edilecektir.<\/p>\n<h2>Kurs fiyat\u0131 ve dahil olanlar<\/h2>\n<p>Kurs \u00fccreti 2000 lirad\u0131r.<\/p>\n<ul>\n<li>Kursa \u00f6zel online sunum ve veri dosyalar\u0131 klas\u00f6r\u00fc<\/li>\n<li>Konu anlat\u0131mlar\u0131na \u00f6zg\u00fc video kay\u0131tlar\u0131<\/li>\n<li>SPSS ve Jamovi programlar\u0131nda test prosed\u00fcrlerinin yap\u0131lmas\u0131na dair k\u0131sa videolar<\/li>\n<li>Test se\u00e7im algoritmalar\u0131<\/li>\n<li>Kursa \u00f6zel Whatsapp ileti\u015fim grubu<\/li>\n<\/ul>\n<h2>Haz\u0131r Edilmesi Gerekenler<\/h2>\n<p>\u0130\u00e7erisinde SPSS ve Jamovi programlar\u0131 y\u00fckl\u00fc kendinize ait bir kameral\u0131 bir diz\u00fcst\u00fc bilgisayar\u0131n\u0131z\u0131n olmas\u0131 gerekmektedir. Ayr\u0131ca internet ba\u011flant\u0131n\u0131z\u0131n g\u00fc\u00e7l\u00fc olmas\u0131 canl\u0131 pratiklerde sorun ya\u015famaman\u0131z a\u00e7\u0131s\u0131ndan \u00f6nemlidir.<\/p>\n<h2>Kurs Konular\u0131<\/h2>\n<ul>\n<li>Veriseti olu\u015fturma, de\u011fi\u015fkenler, p de\u011feri, g\u00fcven aral\u0131klar\u0131, tan\u0131mlay\u0131c\u0131 istatistikler, istatistiksel y\u00f6ntem se\u00e7imi, \u00f6rneklem b\u00fcy\u00fckl\u00fc\u011f\u00fc hesab\u0131<\/li>\n<li>Histogram, box-plot, hata grafi\u011fi (error plot), density grafikleri&#8230;<\/li>\n<li>Ki-kare, Fisher ve d\u00f6rt g\u00f6zl\u00fc tablolar<\/li>\n<li>T-testi, Mann Whitney U, Wilcoxon, \u0130\u015faret Testi,<\/li>\n<li>Varyans analizine giri\u015f, ANOVA, Kruskal-Wallis<\/li>\n<li>Olas\u0131l\u0131k, NNT, NNH<\/li>\n<li>Tan\u0131sal testlerin de\u011ferlendirmesi, ROC analizi, Youden J indeksi, Olabilirlik olas\u0131l\u0131klar\u0131 (+LR, -LR), Fagan nomogram\u0131<\/li>\n<li>D\u00f6rt g\u00f6zl\u00fc tablolardan duyarl\u0131l\u0131k, \u00f6zg\u00fcll\u00fck analizi, PPV, NPV<\/li>\n<li>Korelasyon ve uyum testleri<\/li>\n<\/ul>\n<h2>\u00d6rnek Program<\/h2>\n<p>&nbsp;<\/p>\n<p><img fetchpriority=\"high\" decoding=\"async\" class=\"alignnone size-full wp-image-811\" src=\"https:\/\/tatd.org.tr\/atak\/wp-content\/uploads\/sites\/4\/2021\/02\/Ekran-Resmi-2021-02-13-18.23.35.png\" alt=\"\" width=\"862\" height=\"1264\" srcset=\"https:\/\/tatd.org.tr\/atak\/wp-content\/uploads\/sites\/4\/2021\/02\/Ekran-Resmi-2021-02-13-18.23.35.png 862w, https:\/\/tatd.org.tr\/atak\/wp-content\/uploads\/sites\/4\/2021\/02\/Ekran-Resmi-2021-02-13-18.23.35-205x300.png 205w, https:\/\/tatd.org.tr\/atak\/wp-content\/uploads\/sites\/4\/2021\/02\/Ekran-Resmi-2021-02-13-18.23.35-698x1024.png 698w, https:\/\/tatd.org.tr\/atak\/wp-content\/uploads\/sites\/4\/2021\/02\/Ekran-Resmi-2021-02-13-18.23.35-768x1126.png 768w, https:\/\/tatd.org.tr\/atak\/wp-content\/uploads\/sites\/4\/2021\/02\/Ekran-Resmi-2021-02-13-18.23.35-430x630.png 430w\" sizes=\"(max-width: 862px) 100vw, 862px\" \/><\/p>\n","protected":false},"excerpt":{"rendered":"<p>Kursun Amac\u0131 En eski ve klasik kurslar\u0131m\u0131z olan Klinisyenler i\u00e7in \u0130statistik-1 kursumuzun kapsam\u0131n\u0131 geni\u015fleterek sizler i\u00e7in online platforma ta\u015f\u0131m\u0131z bulunmaktay\u0131z. \u00a0Kursumuzun toplam&hellip;<\/p>\n","protected":false},"author":1561,"featured_media":0,"parent":374,"menu_order":5,"comment_status":"closed","ping_status":"closed","template":"","meta":{"_acf_changed":false,"inline_featured_image":false,"_lmt_disableupdate":"","_lmt_disable":"","footnotes":""},"class_list":["post-1026","page","type-page","status-publish","hentry"],"acf":[],"_links":{"self":[{"href":"https:\/\/tatd.org.tr\/atak\/wp-json\/wp\/v2\/pages\/1026","targetHints":{"allow":["GET"]}}],"collection":[{"href":"https:\/\/tatd.org.tr\/atak\/wp-json\/wp\/v2\/pages"}],"about":[{"href":"https:\/\/tatd.org.tr\/atak\/wp-json\/wp\/v2\/types\/page"}],"author":[{"embeddable":true,"href":"https:\/\/tatd.org.tr\/atak\/wp-json\/wp\/v2\/users\/1561"}],"replies":[{"embeddable":true,"href":"https:\/\/tatd.org.tr\/atak\/wp-json\/wp\/v2\/comments?post=1026"}],"version-history":[{"count":0,"href":"https:\/\/tatd.org.tr\/atak\/wp-json\/wp\/v2\/pages\/1026\/revisions"}],"up":[{"embeddable":true,"href":"https:\/\/tatd.org.tr\/atak\/wp-json\/wp\/v2\/pages\/374"}],"wp:attachment":[{"href":"https:\/\/tatd.org.tr\/atak\/wp-json\/wp\/v2\/media?parent=1026"}],"curies":[{"name":"wp","href":"https:\/\/api.w.org\/{rel}","templated":true}]}}