{"id":1024,"date":"2021-10-05T21:39:08","date_gmt":"2021-10-05T18:39:08","guid":{"rendered":"https:\/\/tatd.org.tr\/atak\/?page_id=1024"},"modified":"2021-11-21T19:35:35","modified_gmt":"2021-11-21T16:35:35","slug":"klinisyenler-icin-makale-yazimi-kursu","status":"publish","type":"page","link":"https:\/\/tatd.org.tr\/atak\/etkinliklerimiz\/kurslarimiz\/klinisyenler-icin-makale-yazimi-kursu\/","title":{"rendered":"Klinisyenler \u0130\u00e7in Makale Yaz\u0131m\u0131 Kursu"},"content":{"rendered":"<h2>Kursun Amac\u0131<\/h2>\n<p>Bu kursumuz \u00f6zellikle \u201cAra\u015ft\u0131rma Planlama\u201d ve \u201cTemel \u0130statistik-1\u201d kurslar\u0131m\u0131z\u0131 alan kursiyerlerimizin elde ettikleri verileri etkin, sistematik ve bilimsel bir \u015fekilde nas\u0131l raporlayacaklar\u0131n\u0131 \u00f6\u011frenmelerine odaklanmaktad\u0131r. \u201cIMRAD\u201d protokol\u00fcne uygun \u015fekilde makale yaz\u0131m\u0131n\u0131n nas\u0131l yap\u0131laca\u011f\u0131n\u0131n anlat\u0131lmas\u0131n\u0131n yan\u0131nda bir makalenin di\u011fer \u00f6nemli bile\u015fenleri olan \u201ccover letter\u201d, \u201ctitle page\u201d benzeri ek belgelerin haz\u0131rlanmas\u0131, yaz\u0131n\u0131n dergiye y\u00fcklenmesi \u00f6ncesinde intihal kontrollerinin yap\u0131lmas\u0131, makale yaz\u0131m\u0131n\u0131 kolayla\u015ft\u0131ran \u00f6zellikle referans yaz\u0131m\u0131 programlar\u0131n\u0131n kullan\u0131lmas\u0131 ve sistematik literat\u00fcr taramas\u0131n\u0131n nas\u0131l yap\u0131lmas\u0131 gerekti\u011fi gibi \u00f6nemli ba\u015fl\u0131klarda kursumuzun \u00f6\u011frenim hedefleri aras\u0131nda yer almaktad\u0131r.<\/p>\n<h2>Kurs Plan\u0131<\/h2>\n<p>Kursumuz iki g\u00fcn boyunca sabah 09:00\u2019da ba\u015flay\u0131p \u00f6\u011fleden sonra 17:00\u2019de bitecek \u015fekilde planlanm\u0131\u015ft\u0131r. Kursun yar\u0131s\u0131 teorik yar\u0131s\u0131 pratik \u015feklindedir.<\/p>\n<h2>Kat\u0131l\u0131m \u015eartlar\u0131<\/h2>\n<p>Acil T\u0131p Uzman ve Asistanlar\u0131 ve di\u011fer bran\u015flar i\u00e7in ayr\u0131 ayr\u0131 kotalar belirlenmi\u015ftir. Kesin bir kural olmamakla birlikte kurstan ideal olarak yararlanmak i\u00e7in s\u0131ras\u0131yla \u201cAra\u015ft\u0131rma Planlama\u201d ve \u201cTemel \u0130statistik-1\u201d kurslar\u0131n\u0131n al\u0131nm\u0131\u015f olmas\u0131 gerekmektedir.<\/p>\n<h2>Kat\u0131l\u0131mc\u0131 say\u0131s\u0131 ve Oturma D\u00fczeni<\/h2>\n<p>Bu kursun oturma d\u00fczeni U d\u00fczenidir. \u0130deal kat\u0131l\u0131mc\u0131 say\u0131s\u0131 e\u011fitimci ba\u015f\u0131na 5-6 ki\u015fi olacak \u015fekilde 25-30 ki\u015fidir.<\/p>\n<h2>Kursa nas\u0131l kay\u0131t yapt\u0131r\u0131r\u0131m?<\/h2>\n<p>\u00d6n kay\u0131t yapt\u0131ranlara kay\u0131tlar al\u0131nmaya ba\u015fland\u0131\u011f\u0131nda kesin kay\u0131t i\u00e7in e-posta ile kay\u0131t \u00fccreti \u00f6deme linki g\u00f6nderilecektir. \u00d6demesini belirtilen s\u00fcre i\u00e7inde tamamlayanlar\u0131n kay\u0131tlar\u0131 onaylanacakt\u0131r. Kayd\u0131n\u0131 tamamlamayanlar yerine belirtilen s\u00fcre sonunda yedek listeden kursiyer davet edilecektir.<\/p>\n<h2>Kurs fiyat\u0131 ve dahil olanlar:<\/h2>\n<p>Kurs \u00fccreti 1000 lirad\u0131r.<\/p>\n<ul>\n<li>Sabah Kahvalt\u0131lar\u0131<\/li>\n<li>G\u00fcn i\u00e7in s\u0131n\u0131rs\u0131z s\u0131cak so\u011fuk i\u00e7ecek ve tatl\u0131-tuzlu ikramlar<\/li>\n<li>Defter, kalem ve TATD ATAK Kupas\u0131<\/li>\n<li>\u0130sme \u00f6zel haz\u0131rlanm\u0131\u015f sunum ve veri dosyalar\u0131n\u0131n bulundu\u011fu USB<\/li>\n<li>Kursa \u00f6zel online sunum ve veri dosyalar\u0131 klas\u00f6r\u00fc<\/li>\n<li>Kursa \u00f6zel Whatsapp ileti\u015fim grubu<\/li>\n<\/ul>\n<h2>Getirilmesi gerekenler<\/h2>\n<p>\u0130nternete kablosuz ba\u011flanabilen bir diz\u00fcst\u00fc bilgisayar getirmeniz gerekmektedir.<\/p>\n<p>&nbsp;<\/p>\n<h2>\u00d6rnek Program<\/h2>\n<p><strong>1.G\u00fcn<\/strong><\/p>\n<p><strong>SAAT\u00a0 &#8211; KONU &#8211; SUNUMU YAPAN<\/strong><\/p>\n<p>08.30-09.00 KAHVALTI<\/p>\n<p>09.00-09.30 A\u00e7\u0131l\u0131\u015f-Kurs tan\u0131t\u0131m\u0131 &#8211; Do\u00e7. Dr. \u015e. Kerem \u00c7ORBACIO\u011eLU ve Do\u00e7. Dr. G\u00f6khan AKSEL<\/p>\n<p>09.30-10.00 Akademik makale t\u00fcrleri &#8211; Do\u00e7. Dr. N. \u00d6zg\u00fcr DO\u011eAN<\/p>\n<p>10.00-10.30 Makale yazma k\u0131lavuzlar\u0131: STARD k\u0131lavuzu,\u00a0CONSORT K\u0131lavuzu, STROBE k\u0131lavuzu ve di\u011ferleri &#8211; Do\u00e7. Dr. Murat ERSEL<\/p>\n<p>Kahve Molas\u0131<\/p>\n<p>11.00-11.45 Makalenin temel \u00e7at\u0131s\u0131n\u0131n yaz\u0131lmas\u0131: IMRAD-1:\u00a0Giri\u015f-Metot &#8211; Prof. Dr. Murat PEKDEM\u0130R<\/p>\n<p>11.45-12.30 Makalenin temel \u00e7at\u0131s\u0131n\u0131n yaz\u0131lmas\u0131: IMRAD-2:\u00a0Bulgular-Tart\u0131\u015fma-Sonu\u00e7 &#8211; Prof. Dr. Haldun AKO\u011eLU<\/p>\n<p>\u00d6\u011fle Yeme\u011fi<\/p>\n<p>13.30-14.00 Makalenin di\u011fer \u00f6nemli bile\u015fenleri:\u00a0Ak\u0131lc\u0131 ba\u015fl\u0131k se\u00e7imi, \u00d6zet, Anahtar kelimeler, Cover Letter, Title Page, Te\u015fekk\u00fcr, Yazar bilgileri &#8211; Prof. Dr. Haldun AKO\u011eLU<\/p>\n<p>14.00-15.00 PRAT\u0130K: Ara\u015ft\u0131rma makalesi \u00f6rnekleri: \u0130yi ve yetersiz \u00f6rnekler &#8211; Do\u00e7. Dr.\u00a0\u015e. Kerem \u00c7ORBACIO\u011eLU ve Do\u00e7. Dr. G\u00f6khan AKSEL<\/p>\n<p>Kahve Molas\u0131<\/p>\n<p>15.30-17.30 PRAT\u0130K: Ara\u015ft\u0131rma makalesi yazma<\/p>\n<p>&nbsp;<\/p>\n<p><strong>2.G\u00fcn<\/strong><\/p>\n<p><strong>SAAT\u00a0 &#8211; KONU &#8211; SUNUMU YAPAN<\/strong><\/p>\n<p>08.30-09.00 KAHVALTI<\/p>\n<p>09:00 &#8211; 09:20 Klinik ara\u015ft\u0131rma tipleri (genel bak\u0131\u015f) &#8211; Prof. Dr. Orhan \u00c7\u0131nar<\/p>\n<p>09:20 &#8211; 10:30 G\u00f6zlemsel \u00e7al\u0131\u015fmalar: kohort, kesitsel, vaka-kontrol \u00e7al\u0131\u015fmalar\u0131 &#8211;\u00a0Prof. Dr. Haldun Ako\u011flu<\/p>\n<p>Kahve Molas\u0131<\/p>\n<p>10:45 &#8211; 11:15 Metodolojik \u00c7al\u0131\u015fmalar: Tan\u0131sal de\u011ferlilik &#8211;\u00a0Prof. Dr. Orhan \u00c7\u0131nar<\/p>\n<p>11:15 &#8211; 11:45 Tan\u0131mlay\u0131c\u0131 \u00e7al\u0131\u015fmalar, Anket\/\u00d6l\u00e7ek \u00c7al\u0131\u015fmalar\u0131 &#8211;\u00a0Do\u00e7. Dr. \u015eeref Kerem \u00c7orbac\u0131o\u011flu<\/p>\n<p>Kahve Molas\u0131<\/p>\n<p>12:00 &#8211; 13:00 Deneysel \u00c7al\u0131\u015fmalar ve Randomize Kontroll\u00fc \u00c7al\u0131\u015fmalar &#8211;\u00a0Prof. Dr. Murat Ersel<\/p>\n<p>\u00d6\u011fle Yeme\u011fi<\/p>\n<p>14:00 &#8211; 14:30 Etik onam, etik ihlaller ve \u00e7e\u015fitleri.\u00a0Yazarl\u0131k kriterleri, yazar sorumluluklar\u0131&#8230; Prof. Dr. Murat Pekdemir<\/p>\n<p>14:30 &#8211; 17:00 Ayn\u0131 konuda farkl\u0131 ara\u015ft\u0131rma tasar\u0131mlar\u0131.\u00a0K\u00fc\u00e7\u00fck Grup \u00c7al\u0131\u015fmalar\u0131<\/p>\n<p>17:00 &#8211; 17:30 Kursun Genel De\u011ferlendirmesi<\/p>\n<p>Geri bildirimler, Kapan\u0131\u015f<\/p>\n","protected":false},"excerpt":{"rendered":"<p>Kursun Amac\u0131 Bu kursumuz \u00f6zellikle \u201cAra\u015ft\u0131rma Planlama\u201d ve \u201cTemel \u0130statistik-1\u201d kurslar\u0131m\u0131z\u0131 alan kursiyerlerimizin elde ettikleri verileri etkin, sistematik ve bilimsel bir \u015fekilde&hellip;<\/p>\n","protected":false},"author":1561,"featured_media":0,"parent":374,"menu_order":7,"comment_status":"closed","ping_status":"closed","template":"","meta":{"_acf_changed":false,"inline_featured_image":false,"_lmt_disableupdate":"","_lmt_disable":"","footnotes":""},"class_list":["post-1024","page","type-page","status-publish","hentry"],"acf":[],"_links":{"self":[{"href":"https:\/\/tatd.org.tr\/atak\/wp-json\/wp\/v2\/pages\/1024","targetHints":{"allow":["GET"]}}],"collection":[{"href":"https:\/\/tatd.org.tr\/atak\/wp-json\/wp\/v2\/pages"}],"about":[{"href":"https:\/\/tatd.org.tr\/atak\/wp-json\/wp\/v2\/types\/page"}],"author":[{"embeddable":true,"href":"https:\/\/tatd.org.tr\/atak\/wp-json\/wp\/v2\/users\/1561"}],"replies":[{"embeddable":true,"href":"https:\/\/tatd.org.tr\/atak\/wp-json\/wp\/v2\/comments?post=1024"}],"version-history":[{"count":0,"href":"https:\/\/tatd.org.tr\/atak\/wp-json\/wp\/v2\/pages\/1024\/revisions"}],"up":[{"embeddable":true,"href":"https:\/\/tatd.org.tr\/atak\/wp-json\/wp\/v2\/pages\/374"}],"wp:attachment":[{"href":"https:\/\/tatd.org.tr\/atak\/wp-json\/wp\/v2\/media?parent=1024"}],"curies":[{"name":"wp","href":"https:\/\/api.w.org\/{rel}","templated":true}]}}