{"id":1021,"date":"2021-10-05T21:32:10","date_gmt":"2021-10-05T18:32:10","guid":{"rendered":"https:\/\/tatd.org.tr\/atak\/?page_id=1021"},"modified":"2022-10-27T15:12:32","modified_gmt":"2022-10-27T12:12:32","slug":"klinisyenler-icin-arastirma-planlama-kursu","status":"publish","type":"page","link":"https:\/\/tatd.org.tr\/atak\/etkinliklerimiz\/kurslarimiz\/klinisyenler-icin-arastirma-planlama-kursu\/","title":{"rendered":"Klinisyenler \u0130\u00e7in Ara\u015ft\u0131rma Planlama Kursu"},"content":{"rendered":"<h2>Kursun Amac\u0131<\/h2>\n<p>Bu kursumuz 2 g\u00fcnl\u00fck metodoloji ve pratik a\u011f\u0131rl\u0131kl\u0131 format\u0131yla yeni kurslar\u0131m\u0131zdand\u0131r. \u0130statistik 1 ve 2 almadan \u00f6nce bilinmesi gereken ara\u015ft\u0131rma yap\u0131s\u0131, planlamas\u0131, \u00e7al\u0131\u015fma tipleri, dizayn, metodoloji, etik, edit\u00f6rlerin dikkat etti\u011fi \u00f6zel hususlar gibi noktalar konu\u015fulmakta ve uygulamal\u0131 olarak ba\u015ftan a\u015fa\u011f\u0131 bir \u00e7al\u0131\u015fman\u0131n plan\u0131 yapman\u0131z sa\u011flanmaktad\u0131r. Kurslar\u0131m\u0131z\u0131n do\u011fal d\u00fczeni olan Ara\u015ft\u0131rma Planlama, \u0130statistik 1, Makale Yazma, \u0130statistik 2 en verimli s\u0131rad\u0131r.<\/p>\n<h2>Kurs Plan\u0131<\/h2>\n<p>Kurs her iki g\u00fcn i\u00e7in sabah 9&#8217;da ba\u015flay\u0131p 17&#8217;de bitecek \u015fekilde planlanm\u0131\u015ft\u0131r. Kursun yar\u0131s\u0131 teorik yar\u0131s\u0131 pratik \u015fekilde planlanm\u0131\u015ft\u0131r.<\/p>\n<h2>Kat\u0131l\u0131m \u015eartlar\u0131<\/h2>\n<p>Acil T\u0131p Uzman ve Asistanlar\u0131 , Di\u011fer bran\u015flar olacak \u015fekilde kotaland\u0131r\u0131lm\u0131\u015ft\u0131r.<\/p>\n<h2>Kat\u0131l\u0131mc\u0131 say\u0131s\u0131 ve Oturma D\u00fczeni<\/h2>\n<p>Bu kursun oturma d\u00fczeni U d\u00fczenidir. Kat\u0131l\u0131mc\u0131 say\u0131s\u0131 25\u2019dir.<\/p>\n<h2>Kursa nas\u0131l kay\u0131t yapt\u0131r\u0131r\u0131m?<\/h2>\n<p>\u00d6nkay\u0131t yapt\u0131ranlara kay\u0131tlar al\u0131nmaya ba\u015fland\u0131\u011f\u0131nda kesin kay\u0131t i\u00e7in e-posta ile kay\u0131t \u00fccreti \u00f6deme linki g\u00f6nderilecektir. \u00d6demesini belirtilen s\u00fcre i\u00e7inde tamamlayanlar\u0131n kay\u0131tlar\u0131 onaylanacakt\u0131r. Kayd\u0131n\u0131 tamamlamayanlar\u0131n yerine belirtilen s\u00fcre sonunda yedek listeden kursiyer davet edilecektir.<\/p>\n<h2>Kurs fiyat\u0131 ve dahil olanlar:<\/h2>\n<p>Kurs \u00fccreti 2500 lirad\u0131r.<\/p>\n<ul>\n<li>Sabah Kahvalt\u0131lar\u0131<\/li>\n<li>G\u00fcn i\u00e7in s\u0131n\u0131rs\u0131z s\u0131cak so\u011fuk i\u00e7ecek ve tatl\u0131-tuzlu ikramlar<\/li>\n<li>Kursa \u00f6zel online sunum ve veri dosyalar\u0131 klas\u00f6r\u00fc<\/li>\n<li>Kursa \u00f6zel Whatsapp ileti\u015fim grubu<\/li>\n<\/ul>\n<h2>Getirilmesi gerekenler<\/h2>\n<p>\u0130nternete kablosuz ba\u011flanabilen bir diz\u00fcst\u00fc bilgisayar getirmeniz gerekmektedir.<\/p>\n<p>&nbsp;<\/p>\n<h2>\u00d6rnek Program<\/h2>\n<p><strong>1.G\u00fcn<\/strong><\/p>\n<p><strong>Saat Ders<\/strong><\/p>\n<p>Kahvalt\u0131<\/p>\n<p>9:00 &#8211; 9:15 A\u00e7\u0131l\u0131\u015f<\/p>\n<p>9:15 &#8211; 10:00 Ara\u015ft\u0131rma konusu, sorusu, hipotez, PICO, de\u011fi\u015fken tipleri, sonlan\u0131m<\/p>\n<p>\u00f6l\u00e7\u00fctleri ve \u00e7e\u015fitleri &#8211; Prof. Dr. Haldun Ako\u011flu<\/p>\n<p>Kahve Molas\u0131<\/p>\n<p>10:15 &#8211; 11:00 Literat\u00fcr taramas\u0131 (Literat\u00fcr taramas\u0131 yapma, ileri d\u00fczey arama olu\u015fturma<\/p>\n<p>(boolean arama dizinleri, MeSH veritaban\u0131, arama hedge olu\u015fturma&#8230;) &#8211; Do\u00e7. Dr. \u015eeref Kerem \u00c7orbac\u0131o\u011flu<\/p>\n<p>11:00 &#8211; 11:30 Ara\u015ft\u0131rma Kay\u0131t Sistemleri (Clinicaltrials, ISRCT, Euderact, vs) &#8211; Prof. Dr. Murat Ersel<\/p>\n<p>Kahve Molas\u0131<\/p>\n<p>11:45 &#8211; 12:45 Yan tutma (bias) \u00e7e\u015fitleri ve \u00f6nleme yollar\u0131: \u00c7al\u0131\u015fmaya alma, \u00e7\u0131karma kriterleri haz\u0131rlama, Randomizasyon \u00e7e\u015fitleri ve uygulamalar\u0131, \u00d6rnekleme \u00e7e\u015fitleri ve uygulamalar\u0131, Maskeleme, k\u00f6rleme, sistematik ve random hatalar &#8211; Prof. Dr. Murat Pekdemir<\/p>\n<p>\u00d6\u011fle Yeme\u011fi<\/p>\n<p>13:45 &#8211; 17:00 Literat\u00fcr tarama prati\u011fi: \u00c7al\u0131\u015fma dizayn\u0131 ve istatistiksel teste g\u00f6re \u00f6rneklem b\u00fcy\u00fckl\u00fc\u011f\u00fc hesaplama ve prati\u011fi, Randomizasyon prati\u011fi,\u00a0Ara\u015ft\u0131rma konusundan ara\u015ft\u0131rma sorusuna oradan hipoteze PICO<\/p>\n<p>&nbsp;<\/p>\n<p><strong>2.G\u00fcn<\/strong><\/p>\n<p><strong>Saat Ders<\/strong><\/p>\n<p>Kahvalt\u0131<\/p>\n<p>09:00 &#8211; 09:20 Klinik ara\u015ft\u0131rma tipleri (genel bak\u0131\u015f) &#8211; Prof. Dr. Orhan \u00c7\u0131nar<\/p>\n<p>09:20 &#8211; 10:30 G\u00f6zlemsel \u00e7al\u0131\u015fmalar: kohort, kesitsel, vaka-kontrol \u00e7al\u0131\u015fmalar\u0131 &#8211; Prof. Dr. Haldun Ako\u011flu<\/p>\n<p>Kahve Molas\u0131<\/p>\n<p>10:45 &#8211; 11:15 Metodolojik \u00c7al\u0131\u015fmalar: Tan\u0131sal de\u011ferlilik &#8211; Prof. Dr. Orhan \u00c7\u0131nar<\/p>\n<p>11:15 &#8211; 11:45 Tan\u0131mlay\u0131c\u0131 \u00e7al\u0131\u015fmalar, Anket\/\u00d6l\u00e7ek \u00c7al\u0131\u015fmalar\u0131 &#8211; Do\u00e7. Dr. \u015eeref Kerem \u00c7orbac\u0131o\u011flu<\/p>\n<p>Kahve Molas\u0131<\/p>\n<p>12:00 &#8211; 13:00 Deneysel \u00c7al\u0131\u015fmalar ve Randomize Kontroll\u00fc \u00c7al\u0131\u015fmalar &#8211; Prof. Dr. Murat Ersel<\/p>\n<p>\u00d6\u011fle Yeme\u011fi<\/p>\n<p>14:00 &#8211; 14:30 Etik onam, etik ihlaller ve \u00e7e\u015fitleri. Yazarl\u0131k kriterleri, yazar sorumluluklar\u0131&#8230; Prof. Dr. Murat Pekdemir<\/p>\n<p>14:30 &#8211; 17:00 Ayn\u0131 konuda farkl\u0131 ara\u015ft\u0131rma tasar\u0131mlar\u0131 &#8211; K\u00fc\u00e7\u00fck Grup \u00c7al\u0131\u015fmalar\u0131<\/p>\n<p>17:00 &#8211; 17:30 Kursun Genel De\u011ferlendirmesi<\/p>\n<p>Geri bildirimler, Kapan\u0131\u015f<\/p>\n","protected":false},"excerpt":{"rendered":"<p>Kursun Amac\u0131 Bu kursumuz 2 g\u00fcnl\u00fck metodoloji ve pratik a\u011f\u0131rl\u0131kl\u0131 format\u0131yla yeni kurslar\u0131m\u0131zdand\u0131r. \u0130statistik 1 ve 2 almadan \u00f6nce bilinmesi gereken ara\u015ft\u0131rma&hellip;<\/p>\n","protected":false},"author":1561,"featured_media":0,"parent":374,"menu_order":6,"comment_status":"closed","ping_status":"closed","template":"","meta":{"_acf_changed":false,"inline_featured_image":false,"_lmt_disableupdate":"","_lmt_disable":"","footnotes":""},"class_list":["post-1021","page","type-page","status-publish","hentry"],"acf":[],"_links":{"self":[{"href":"https:\/\/tatd.org.tr\/atak\/wp-json\/wp\/v2\/pages\/1021","targetHints":{"allow":["GET"]}}],"collection":[{"href":"https:\/\/tatd.org.tr\/atak\/wp-json\/wp\/v2\/pages"}],"about":[{"href":"https:\/\/tatd.org.tr\/atak\/wp-json\/wp\/v2\/types\/page"}],"author":[{"embeddable":true,"href":"https:\/\/tatd.org.tr\/atak\/wp-json\/wp\/v2\/users\/1561"}],"replies":[{"embeddable":true,"href":"https:\/\/tatd.org.tr\/atak\/wp-json\/wp\/v2\/comments?post=1021"}],"version-history":[{"count":0,"href":"https:\/\/tatd.org.tr\/atak\/wp-json\/wp\/v2\/pages\/1021\/revisions"}],"up":[{"embeddable":true,"href":"https:\/\/tatd.org.tr\/atak\/wp-json\/wp\/v2\/pages\/374"}],"wp:attachment":[{"href":"https:\/\/tatd.org.tr\/atak\/wp-json\/wp\/v2\/media?parent=1021"}],"curies":[{"name":"wp","href":"https:\/\/api.w.org\/{rel}","templated":true}]}}