{"id":3027,"date":"2025-07-09T14:44:07","date_gmt":"2025-07-09T11:44:07","guid":{"rendered":"https:\/\/tatd.org.tr\/atab\/?page_id=3027"},"modified":"2026-04-13T00:35:35","modified_gmt":"2026-04-12T21:35:35","slug":"atab-10-yurutme-kurulu-2025-2027","status":"publish","type":"page","link":"https:\/\/tatd.org.tr\/atab\/hakkimizda\/kurullar\/atab-10-yurutme-kurulu-2025-2027\/","title":{"rendered":"ATAB 10. Y\u00fcr\u00fctme Kurulu (2025-2027)"},"content":{"rendered":"\t\t<div data-elementor-type=\"wp-page\" data-elementor-id=\"3027\" class=\"elementor elementor-3027\" data-elementor-post-type=\"page\">\n\t\t\t\t<div class=\"elementor-element elementor-element-bfbd7f4 e-flex e-con-boxed e-con e-parent\" data-id=\"bfbd7f4\" data-element_type=\"container\" data-e-type=\"container\">\n\t\t\t\t\t<div class=\"e-con-inner\">\n\t\t\t\t<div class=\"elementor-element elementor-element-275decb elementor-widget elementor-widget-penci-team-member\" data-id=\"275decb\" data-element_type=\"widget\" data-e-type=\"widget\" data-widget_type=\"penci-team-member.default\">\n\t\t\t\t<div class=\"elementor-widget-container\">\n\t\t\t\t\t        <div class=\"penci-block-vc penci-teammb-bsc penci-teammb-s1 pencisc-grid-3 pencisc-grid-tablet-2 pencisc-grid-mobile-1 pcsc-shape-default pcsc-st-default\">\n\t\t\t    <div class=\"penci-border-arrow penci-homepage-title penci-home-latest-posts style-6 pcalign-left pciconp-right pcicon-right block-title-icon-left\">\n        <h4 class=\"inner-arrow\">\n        <span>\n                    <span>10. Acil T\u0131p Asistan Birli\u011fi Y\u00fcr\u00fctme Kurulu (2025-2027)<\/a>                <\/span>\n        <\/h4>\n\t\t        <\/div>\n\t\t            <div class=\"penci-block_content pencisc-grid\">\n\t\t\t\t                    <div class=\"penci-teammb-item pencisc-grid-item\">\n                        <div class=\"penci-teammb-inner\">\n\t\t\t\t\t\t\t<span  data-bgset=\"https:\/\/tatd.org.tr\/atab\/wp-content\/uploads\/sites\/7\/2025\/07\/IMG_2506-1-scaled-e1767186447819-585x744.jpg\" class=\"penci-image-holder penci-teammb-img penci-lazy\"><\/span>                            <div class=\"penci-team_item__info\">\n\t\t\t\t\t\t\t\t\t\t\t\t\t\t\t\t                                    <h5 class=\"penci-team_member_name\">\u015euayip Engin EV\u0130N<\/h5>\n\t\t\t\t\t\t\t\t\t\t\t\t\t\t\t\t                                    <div class=\"penci-team_member_pos\">ATAB Ba\u015fkan\u0131<\/div>\n\t\t\t\t\t\t\t\t\t\t\t\t\t\t\t\t                                    <div class=\"penci-team_member_desc\">Kocaeli \u015eehir Hastanesi Acil T\u0131p Klini\u011fi<\/div>\n\t\t\t\t\t\t\t\t                                <div class=\"penci-team_member_socails penci-social-wrap\">\n\t\t\t\t\t\t\t\t\t\t\t\t\t\t\t\t\t\t\t\t\t\t\t\t\t\t\t\n\t\t\t\t\t\t\t\t\t\t\t\t\t\t\t\t\t\t\t\t\t\t\t\t\t\t\t\t\t\t\t\t\t\t\t\t\t\t\t\t\t\t\t\t\t\t\t\t\t\t\t\t\t\t                                <\/div>\n                            <\/div>\n                        <\/div>\n                    <\/div>\n\t\t\t\t\t                    <div class=\"penci-teammb-item pencisc-grid-item\">\n                        <div class=\"penci-teammb-inner\">\n\t\t\t\t\t\t\t<span  data-bgset=\"https:\/\/tatd.org.tr\/atab\/wp-content\/uploads\/sites\/7\/2025\/07\/IMG_1723-1-scaled-e1767186484432-585x642.jpeg\" class=\"penci-image-holder penci-teammb-img penci-lazy\"><\/span>                            <div class=\"penci-team_item__info\">\n\t\t\t\t\t\t\t\t\t\t\t\t\t\t\t\t                                    <h5 class=\"penci-team_member_name\">Mehmet Ali \u00c7A\u011eATAY<\/h5>\n\t\t\t\t\t\t\t\t\t\t\t\t\t\t\t\t                                    <div class=\"penci-team_member_pos\">ATAB Ba\u015fkan Yard\u0131mc\u0131s\u0131<\/div>\n\t\t\t\t\t\t\t\t\t\t\t\t\t\t\t\t                                    <div class=\"penci-team_member_desc\">Adnan Menderes \u00dcniversitesi Acil T\u0131p Anabilim Dal\u0131<\/div>\n\t\t\t\t\t\t\t\t                                <div class=\"penci-team_member_socails penci-social-wrap\">\n\t\t\t\t\t\t\t\t\t\t\t\t\t\t\t\t\t\t\t\t\t\t\t\t\t\t\t\n\t\t\t\t\t\t\t\t\t\t\t\t\t\t\t\t\t\t\t\t\t\t\t\t\t\t\t\t\t\t\t\t\t\t\t\t\t\t\t\t\t\t\t\t\t\t\t\t\t\t\t\t\t\t                                <\/div>\n                            <\/div>\n                        <\/div>\n                    <\/div>\n\t\t\t\t\t                    <div class=\"penci-teammb-item pencisc-grid-item\">\n                        <div class=\"penci-teammb-inner\">\n\t\t\t\t\t\t\t<span  data-bgset=\"https:\/\/tatd.org.tr\/atab\/wp-content\/uploads\/sites\/7\/2025\/07\/IMG_5498-1-scaled-e1767186345912-585x627.jpeg\" class=\"penci-image-holder penci-teammb-img penci-lazy\"><\/span>                            <div class=\"penci-team_item__info\">\n\t\t\t\t\t\t\t\t\t\t\t\t\t\t\t\t                                    <h5 class=\"penci-team_member_name\">Ertu\u011frul YE\u015e\u0130LYURT<\/h5>\n\t\t\t\t\t\t\t\t\t\t\t\t\t\t\t\t                                    <div class=\"penci-team_member_pos\">ATAB Genel Sekreteri<\/div>\n\t\t\t\t\t\t\t\t\t\t\t\t\t\t\t\t                                    <div class=\"penci-team_member_desc\">\u00c7anakkale Onsekiz Mart \u00dcniversitesi Acil T\u0131p Anabilim Dal\u0131<\/div>\n\t\t\t\t\t\t\t\t                                <div class=\"penci-team_member_socails penci-social-wrap\">\n\t\t\t\t\t\t\t\t\t\t\t\t\t\t\t\t\t\t\t\t\t\t\t\t\t\t\t\n\t\t\t\t\t\t\t\t\t\t\t\t\t\t\t\t\t\t\t\t\t\t\t\t\t\t\t\t\t\t\t\t\t\t\t\t\t\t\t\t\t\t\t\t\t\t\t\t\t\t\t\t\t\t                                <\/div>\n                            <\/div>\n                        <\/div>\n                    <\/div>\n\t\t\t\t\t                    <div class=\"penci-teammb-item pencisc-grid-item\">\n                        <div class=\"penci-teammb-inner\">\n\t\t\t\t\t\t\t<span  data-bgset=\"https:\/\/tatd.org.tr\/atab\/wp-content\/uploads\/sites\/7\/2025\/07\/e88659af-36b1-4f1d-a71e-9a83b0ebedab-1-scaled-e1767186550442-585x729.jpeg\" class=\"penci-image-holder penci-teammb-img penci-lazy\"><\/span>                            <div class=\"penci-team_item__info\">\n\t\t\t\t\t\t\t\t\t\t\t\t\t\t\t\t                                    <h5 class=\"penci-team_member_name\">Nuran Bahar AKG\u00d6L<\/h5>\n\t\t\t\t\t\t\t\t\t\t\t\t\t\t\t\t                                    <div class=\"penci-team_member_pos\">ATAB YK \u00dcyesi<\/div>\n\t\t\t\t\t\t\t\t\t\t\t\t\t\t\t\t                                    <div class=\"penci-team_member_desc\">Akdeniz \u00dcniversitesi  Acil T\u0131p Anabilim Dal\u0131<\/div>\n\t\t\t\t\t\t\t\t                                <div class=\"penci-team_member_socails penci-social-wrap\">\n\t\t\t\t\t\t\t\t\t\t\t\t\t\t\t\t\t\t\t\t\t\t\t\t\t\t\t\n\t\t\t\t\t\t\t\t\t\t\t\t\t\t\t\t\t\t\t\t\t\t\t\t\t\t\t\t\t\t\t\t\t\t\t\t\t\t\t\t\t\t\t\t\t\t\t\t\t\t\t\t\t\t                                <\/div>\n                            <\/div>\n                        <\/div>\n                    <\/div>\n\t\t\t\t\t                    <div class=\"penci-teammb-item pencisc-grid-item\">\n                        <div class=\"penci-teammb-inner\">\n\t\t\t\t\t\t\t<span  data-bgset=\"https:\/\/tatd.org.tr\/atab\/wp-content\/uploads\/sites\/7\/2025\/07\/image0-scaled-e1767186516986-585x791.jpeg\" class=\"penci-image-holder penci-teammb-img penci-lazy\"><\/span>                            <div class=\"penci-team_item__info\">\n\t\t\t\t\t\t\t\t\t\t\t\t\t\t\t\t                                    <h5 class=\"penci-team_member_name\">\u0130hsan UNUTMAZ<\/h5>\n\t\t\t\t\t\t\t\t\t\t\t\t\t\t\t\t                                    <div class=\"penci-team_member_pos\">ATAB YK \u00dcyesi<\/div>\n\t\t\t\t\t\t\t\t\t\t\t\t\t\t\t\t                                    <div class=\"penci-team_member_desc\">Samsun \u00dcniversitesi Acil T\u0131p Anabilim Dal\u0131<\/div>\n\t\t\t\t\t\t\t\t                                <div class=\"penci-team_member_socails penci-social-wrap\">\n\t\t\t\t\t\t\t\t\t\t\t\t\t\t\t\t\t\t\t\t\t\t\t\t\t\t\t\n\t\t\t\t\t\t\t\t\t\t\t\t\t\t\t\t\t\t\t\t\t\t\t\t\t\t\t\t\t\t\t\t\t\t\t\t\t\t\t\t\t\t\t\t\t\t\t\t\t\t\t\t\t\t                                <\/div>\n                            <\/div>\n                        <\/div>\n                    <\/div>\n\t\t\t\t\t                    <div class=\"penci-teammb-item pencisc-grid-item\">\n                        <div class=\"penci-teammb-inner\">\n\t\t\t\t\t\t\t<span  data-bgset=\"https:\/\/tatd.org.tr\/atab\/wp-content\/uploads\/sites\/7\/2025\/07\/IMG_5779-scaled-e1767186278593-585x633.jpeg\" class=\"penci-image-holder penci-teammb-img penci-lazy\"><\/span>                            <div class=\"penci-team_item__info\">\n\t\t\t\t\t\t\t\t\t\t\t\t\t\t\t\t                                    <h5 class=\"penci-team_member_name\">Umur AZ\u0130ZO\u011eLU<\/h5>\n\t\t\t\t\t\t\t\t\t\t\t\t\t\t\t\t                                    <div class=\"penci-team_member_pos\">ATAB YK \u00dcyesi<\/div>\n\t\t\t\t\t\t\t\t\t\t\t\t\t\t\t\t                                    <div class=\"penci-team_member_desc\">Ege \u00dcniversitesi Acil T\u0131p Anabilim Dal\u0131<\/div>\n\t\t\t\t\t\t\t\t                                <div class=\"penci-team_member_socails penci-social-wrap\">\n\t\t\t\t\t\t\t\t\t\t\t\t\t\t\t\t\t\t\t\t\t\t\t\t\t\t\t\n\t\t\t\t\t\t\t\t\t\t\t\t\t\t\t\t\t\t\t\t\t\t\t\t\t\t\t\t\t\t\t\t\t\t\t\t\t\t\t\t\t\t\t\t\t\t\t\t\t\t\t\t\t\t                                <\/div>\n                            <\/div>\n                        <\/div>\n                    <\/div>\n\t\t\t\t\t                    <div class=\"penci-teammb-item pencisc-grid-item\">\n                        <div class=\"penci-teammb-inner\">\n\t\t\t\t\t\t\t<span  data-bgset=\"https:\/\/tatd.org.tr\/atab\/wp-content\/uploads\/sites\/7\/2025\/07\/IMG_7476-585x585.jpeg\" class=\"penci-image-holder penci-teammb-img penci-lazy\"><\/span>                            <div class=\"penci-team_item__info\">\n\t\t\t\t\t\t\t\t\t\t\t\t\t\t\t\t                                    <h5 class=\"penci-team_member_name\">Mustafa AYTEM\u0130Z<\/h5>\n\t\t\t\t\t\t\t\t\t\t\t\t\t\t\t\t                                    <div class=\"penci-team_member_pos\">ATAB YK \u00dcyesi<\/div>\n\t\t\t\t\t\t\t\t\t\t\t\t\t\t\t\t                                    <div class=\"penci-team_member_desc\">Marmara \u00dcniversitesi Acil T\u0131p Anabilim Dal\u0131<\/div>\n\t\t\t\t\t\t\t\t                                <div class=\"penci-team_member_socails penci-social-wrap\">\n\t\t\t\t\t\t\t\t\t\t\t\t\t\t\t\t\t\t\t\t\t\t\t\t\t\t\t\n\t\t\t\t\t\t\t\t\t\t\t\t\t\t\t\t\t\t\t\t\t\t\t\t\t\t\t\t\t\t\t\t\t\t\t\t\t\t\t\t\t\t\t\t\t\t\t\t\t\t\t\t\t\t                                <\/div>\n                            <\/div>\n                        <\/div>\n                    <\/div>\n\t\t\t\t\t                    <div class=\"penci-teammb-item pencisc-grid-item\">\n                        <div class=\"penci-teammb-inner\">\n\t\t\t\t\t\t\t<span  data-bgset=\"https:\/\/tatd.org.tr\/atab\/wp-content\/uploads\/sites\/7\/2025\/07\/20250510_174415-scaled-e1767186604351-585x717.jpg\" class=\"penci-image-holder penci-teammb-img penci-lazy\"><\/span>                            <div class=\"penci-team_item__info\">\n\t\t\t\t\t\t\t\t\t\t\t\t\t\t\t\t                                    <h5 class=\"penci-team_member_name\">Mehmet Kamil G\u00d6KTA\u015e<\/h5>\n\t\t\t\t\t\t\t\t\t\t\t\t\t\t\t\t                                    <div class=\"penci-team_member_pos\">ATAB YK \u00dcyesi<\/div>\n\t\t\t\t\t\t\t\t\t\t\t\t\t\t\t\t                                    <div class=\"penci-team_member_desc\">Hacettepe \u00dcniversitesi Acil T\u0131p Anabilim Dal\u0131<\/div>\n\t\t\t\t\t\t\t\t                                <div class=\"penci-team_member_socails penci-social-wrap\">\n\t\t\t\t\t\t\t\t\t\t\t\t\t\t\t\t\t\t\t\t\t\t\t\t\t\t\t\n\t\t\t\t\t\t\t\t\t\t\t\t\t\t\t\t\t\t\t\t\t\t\t\t\t\t\t\t\t\t\t\t\t\t\t\t\t\t\t\t\t\t\t\t\t\t\t\t\t\t\t\t\t\t                                <\/div>\n                            <\/div>\n                        <\/div>\n                    <\/div>\n\t\t\t\t\t                    <div class=\"penci-teammb-item pencisc-grid-item\">\n                        <div class=\"penci-teammb-inner\">\n\t\t\t\t\t\t\t<span  data-bgset=\"https:\/\/tatd.org.tr\/atab\/wp-content\/uploads\/sites\/7\/2025\/07\/Adsiz-tasarim-1-585x585.jpg\" class=\"penci-image-holder penci-teammb-img penci-lazy\"><\/span>                            <div class=\"penci-team_item__info\">\n\t\t\t\t\t\t\t\t\t\t\t\t\t\t\t\t                                    <h5 class=\"penci-team_member_name\">Mustafa Demir<\/h5>\n\t\t\t\t\t\t\t\t\t\t\t\t\t\t\t\t                                    <div class=\"penci-team_member_pos\">ATAB YK \u00dcyesi<\/div>\n\t\t\t\t\t\t\t\t\t\t\t\t\t\t\t\t                                    <div class=\"penci-team_member_desc\">Van E\u011fitim Ara\u015ft\u0131rma Hastanesi Acil T\u0131p Klini\u011fi<\/div>\n\t\t\t\t\t\t\t\t                                <div class=\"penci-team_member_socails penci-social-wrap\">\n\t\t\t\t\t\t\t\t\t\t\t\t\t\t\t\t\t\t\t\t\t\t\t\t\t\t\t\n\t\t\t\t\t\t\t\t\t\t\t\t\t\t\t\t\t\t\t\t\t\t\t\t\t\t\t\t\t\t\t\t\t\t\t\t\t\t\t\t\t\t\t\t\t\t\t\t\t\t\t\t\t\t                                <\/div>\n                            <\/div>\n                        <\/div>\n                    <\/div>\n\t\t\t\t\t                    <div class=\"penci-teammb-item pencisc-grid-item\">\n                        <div class=\"penci-teammb-inner\">\n\t\t\t\t\t\t\t<span  data-bgset=\"https:\/\/tatd.org.tr\/atab\/wp-content\/uploads\/sites\/7\/2025\/07\/IMG_20240630_205529_785-e1767186231613-585x675.jpg\" class=\"penci-image-holder penci-teammb-img penci-lazy\"><\/span>                            <div class=\"penci-team_item__info\">\n\t\t\t\t\t\t\t\t\t\t\t\t\t\t\t\t                                    <h5 class=\"penci-team_member_name\">\u00d6zg\u00fcr ATA\u015e<\/h5>\n\t\t\t\t\t\t\t\t\t\t\t\t\t\t\t\t                                    <div class=\"penci-team_member_pos\">ATAB YK \u00dcyesi<\/div>\n\t\t\t\t\t\t\t\t\t\t\t\t\t\t\t\t                                    <div class=\"penci-team_member_desc\">Diyarbak\u0131r Gazi Ya\u015fargil E\u011fitim Ara\u015ft\u0131rma Hastanesi Acil T\u0131p Klini\u011fi<\/div>\n\t\t\t\t\t\t\t\t                                <div class=\"penci-team_member_socails penci-social-wrap\">\n\t\t\t\t\t\t\t\t\t\t\t\t\t\t\t\t\t\t\t\t\t\t\t\t\t\t\t\n\t\t\t\t\t\t\t\t\t\t\t\t\t\t\t\t\t\t\t\t\t\t\t\t\t\t\t\t\t\t\t\t\t\t\t\t\t\t\t\t\t\t\t\t\t\t\t\t\t\t\t\t\t\t                                <\/div>\n                            <\/div>\n                        <\/div>\n                    <\/div>\n\t\t\t\t\t            <\/div>\n        <\/div>\n\t\t\t\t\t\t<\/div>\n\t\t\t\t<\/div>\n\t\t\t\t\t<\/div>\n\t\t\t\t<\/div>\n\t\t\t\t<\/div>\n\t\t","protected":false},"excerpt":{"rendered":"<p>10. Acil T\u0131p Asistan Birli\u011fi Y\u00fcr\u00fctme Kurulu (2025-2027) \u015euayip Engin EV\u0130N ATAB Ba\u015fkan\u0131 Kocaeli \u015eehir Hastanesi Acil T\u0131p Klini\u011fi Mehmet Ali \u00c7A\u011eATAY&hellip;<\/p>\n","protected":false},"author":3933,"featured_media":0,"parent":2628,"menu_order":0,"comment_status":"closed","ping_status":"closed","template":"","meta":{"_acf_changed":false,"inline_featured_image":false,"_lmt_disableupdate":"","_lmt_disable":"","footnotes":""},"class_list":["post-3027","page","type-page","status-publish","hentry"],"acf":[],"_links":{"self":[{"href":"https:\/\/tatd.org.tr\/atab\/wp-json\/wp\/v2\/pages\/3027","targetHints":{"allow":["GET"]}}],"collection":[{"href":"https:\/\/tatd.org.tr\/atab\/wp-json\/wp\/v2\/pages"}],"about":[{"href":"https:\/\/tatd.org.tr\/atab\/wp-json\/wp\/v2\/types\/page"}],"author":[{"embeddable":true,"href":"https:\/\/tatd.org.tr\/atab\/wp-json\/wp\/v2\/users\/3933"}],"replies":[{"embeddable":true,"href":"https:\/\/tatd.org.tr\/atab\/wp-json\/wp\/v2\/comments?post=3027"}],"version-history":[{"count":0,"href":"https:\/\/tatd.org.tr\/atab\/wp-json\/wp\/v2\/pages\/3027\/revisions"}],"up":[{"embeddable":true,"href":"https:\/\/tatd.org.tr\/atab\/wp-json\/wp\/v2\/pages\/2628"}],"wp:attachment":[{"href":"https:\/\/tatd.org.tr\/atab\/wp-json\/wp\/v2\/media?parent=3027"}],"curies":[{"name":"wp","href":"https:\/\/api.w.org\/{rel}","templated":true}]}}