{"id":2855,"date":"2024-03-23T16:19:30","date_gmt":"2024-03-23T13:19:30","guid":{"rendered":"https:\/\/tatd.org.tr\/atab\/?page_id=2855"},"modified":"2024-04-25T10:23:02","modified_gmt":"2024-04-25T07:23:02","slug":"acil-tip-asistan-sempozyumu-samsun-atas-2024","status":"publish","type":"page","link":"https:\/\/tatd.org.tr\/atab\/acil-tip-asistan-sempozyumu-samsun-atas-2024\/","title":{"rendered":"Acil T\u0131p Asistan Sempozyumu, Samsun (ATAS 2024)"},"content":{"rendered":"\n<figure class=\"wp-block-gallery has-nested-images columns-default is-cropped wp-block-gallery-1 is-layout-flex wp-block-gallery-is-layout-flex\">\n<figure class=\"wp-block-image size-large is-style-default\"><img fetchpriority=\"high\" decoding=\"async\" width=\"724\" height=\"1024\" data-id=\"2861\" src=\"https:\/\/tatd.org.tr\/atab\/wp-content\/uploads\/sites\/7\/2024\/04\/0a87101942894f365fa18aeafd67263d-724x1024.png\" alt=\"\" class=\"wp-image-2861\" srcset=\"https:\/\/tatd.org.tr\/atab\/wp-content\/uploads\/sites\/7\/2024\/04\/0a87101942894f365fa18aeafd67263d-724x1024.png 724w, https:\/\/tatd.org.tr\/atab\/wp-content\/uploads\/sites\/7\/2024\/04\/0a87101942894f365fa18aeafd67263d-212x300.png 212w, https:\/\/tatd.org.tr\/atab\/wp-content\/uploads\/sites\/7\/2024\/04\/0a87101942894f365fa18aeafd67263d-768x1086.png 768w, https:\/\/tatd.org.tr\/atab\/wp-content\/uploads\/sites\/7\/2024\/04\/0a87101942894f365fa18aeafd67263d-1086x1536.png 1086w, https:\/\/tatd.org.tr\/atab\/wp-content\/uploads\/sites\/7\/2024\/04\/0a87101942894f365fa18aeafd67263d-1448x2048.png 1448w, https:\/\/tatd.org.tr\/atab\/wp-content\/uploads\/sites\/7\/2024\/04\/0a87101942894f365fa18aeafd67263d-445x630.png 445w, https:\/\/tatd.org.tr\/atab\/wp-content\/uploads\/sites\/7\/2024\/04\/0a87101942894f365fa18aeafd67263d.png 1587w\" sizes=\"(max-width: 724px) 100vw, 724px\" \/><\/figure>\n<\/figure>\n\n\n\n<p>K\u0131ymetli T\u00fcrkiye acil t\u0131p asistanlar\u0131,<\/p>\n\n\n\n<p><br>Bu y\u0131l Samsun\u2019da d\u00fczenlenecek olan 17.Acil T\u0131p Asistan Sempozyumu\u2019nu sizlere duyurmaktan onur duyuyoruz. Ge\u00e7en y\u0131l \u0130stanbul\u2019da ger\u00e7ekle\u015fen muhte\u015fem sempozyumun ard\u0131ndan bu kez sizleri T\u00fcrkiye\u2019nin kuzeyine \u2018G\u00fcne\u015fin do\u011fdu\u011fu \u015fehir\u2019 Samsun\u2019a bekliyoruz.<br>G\u00fczel \u00fclkemiz hepimizin bildi\u011fi ve maalesef tekraren tecr\u00fcbe etti\u011fi gibi bir \u2018afetler \u00fclkesi\u2019. Bizler gelece\u011fin Acil T\u0131p Uzmanlar\u0131 olarak afet acilleri ve \u00e7evresel aciller konusunda \u00e7ok daha donan\u0131ml\u0131, haz\u0131rl\u0131kl\u0131 ve \u00f6nc\u00fc olmak durumunday\u0131z. Bu kapsamda ge\u00e7en y\u0131lki sempozyumda konu\u015fulan \u2018metropol acilleri\u2019 temas\u0131n\u0131n devam\u0131 niteli\u011finde bu y\u0131l \u2018\u00e7evresel acilller ve afet t\u0131bb\u0131\u2019 konusunu ele alaca\u011f\u0131z.<\/p>\n\n\n\n<p><br>\u2018\u00c7evresel Aciller\u2019 temas\u0131yla kurgulad\u0131\u011f\u0131m\u0131z, i\u00e7eri\u011finde teorik ve pratik anlamda kapsaml\u0131 bir Afet t\u0131bb\u0131 e\u011fitiminin de bulunaca\u011f\u0131 bilimsel program\u0131m\u0131z ve Karadeniz\u2019in incisi Samsun\u2019un kentsel ve do\u011fal g\u00fczelliklerini siz de\u011ferli kat\u0131l\u0131mc\u0131lar\u0131m\u0131za sunaca\u011f\u0131m\u0131z sosyal program\u0131m\u0131z i\u00e7in haz\u0131rl\u0131klar\u0131m\u0131z t\u00fcm h\u0131z\u0131yla s\u00fcrmektedir.<\/p>\n\n\n\n<p><br>Bu kapsamda Samsun \u00dcniversitesi ve Ondokuz May\u0131s \u00dcniversitesi acil t\u0131p anabilim dal\u0131 klinikleri olarak 23-26 May\u0131s 2024 tarihlerinde Ramada Plaza By Wyhdham Samsun\u2019da d\u00fczenleyece\u011fimiz ATAS 2024\u2019e siz de\u011ferli acil t\u0131p asistanlar\u0131n\u0131 heyecanla bekliyoruz.<\/p>\n\n\n\n<p><br>G\u00f6r\u00fc\u015fmek \u00fcmidiyle&#8230;<\/p>\n\n\n\n<p><strong>ATAS Ba\u015fkan\u0131 Ra\u015fit KILI\u00c7<\/strong><\/p>\n","protected":false},"excerpt":{"rendered":"<p>K\u0131ymetli T\u00fcrkiye acil t\u0131p asistanlar\u0131, Bu y\u0131l Samsun\u2019da d\u00fczenlenecek olan 17.Acil T\u0131p Asistan Sempozyumu\u2019nu sizlere duyurmaktan onur duyuyoruz. Ge\u00e7en y\u0131l \u0130stanbul\u2019da ger\u00e7ekle\u015fen&hellip;<\/p>\n","protected":false},"author":5251,"featured_media":0,"parent":0,"menu_order":0,"comment_status":"closed","ping_status":"closed","template":"","meta":{"_acf_changed":false,"inline_featured_image":false,"_lmt_disableupdate":"","_lmt_disable":"","footnotes":""},"class_list":["post-2855","page","type-page","status-publish","hentry"],"acf":[],"_links":{"self":[{"href":"https:\/\/tatd.org.tr\/atab\/wp-json\/wp\/v2\/pages\/2855","targetHints":{"allow":["GET"]}}],"collection":[{"href":"https:\/\/tatd.org.tr\/atab\/wp-json\/wp\/v2\/pages"}],"about":[{"href":"https:\/\/tatd.org.tr\/atab\/wp-json\/wp\/v2\/types\/page"}],"author":[{"embeddable":true,"href":"https:\/\/tatd.org.tr\/atab\/wp-json\/wp\/v2\/users\/5251"}],"replies":[{"embeddable":true,"href":"https:\/\/tatd.org.tr\/atab\/wp-json\/wp\/v2\/comments?post=2855"}],"version-history":[{"count":0,"href":"https:\/\/tatd.org.tr\/atab\/wp-json\/wp\/v2\/pages\/2855\/revisions"}],"wp:attachment":[{"href":"https:\/\/tatd.org.tr\/atab\/wp-json\/wp\/v2\/media?parent=2855"}],"curies":[{"name":"wp","href":"https:\/\/api.w.org\/{rel}","templated":true}]}}