{"id":2787,"date":"2023-12-16T11:38:13","date_gmt":"2023-12-16T08:38:13","guid":{"rendered":"https:\/\/tatd.org.tr\/atab\/?page_id=2787"},"modified":"2023-12-21T23:51:49","modified_gmt":"2023-12-21T20:51:49","slug":"14-mart-tip-bayrami-kosusu","status":"publish","type":"page","link":"https:\/\/tatd.org.tr\/atab\/etkinliklerimiz\/sosyal-etkinlikler\/14-mart-tip-bayrami-kosusu\/","title":{"rendered":"14 Mart T\u0131p Bayram\u0131 Ko\u015fusu"},"content":{"rendered":"<div class=\"wp-block-image is-style-default\">\n<figure class=\"aligncenter size-large is-resized\"><img fetchpriority=\"high\" decoding=\"async\" width=\"724\" height=\"1024\" src=\"https:\/\/tatd.org.tr\/atab\/wp-content\/uploads\/sites\/7\/2023\/12\/e245f9270610cd9299e46ed402fc3259-3-724x1024.png\" alt=\"\" class=\"wp-image-2814\" style=\"width:401px;height:auto\" srcset=\"https:\/\/tatd.org.tr\/atab\/wp-content\/uploads\/sites\/7\/2023\/12\/e245f9270610cd9299e46ed402fc3259-3-724x1024.png 724w, https:\/\/tatd.org.tr\/atab\/wp-content\/uploads\/sites\/7\/2023\/12\/e245f9270610cd9299e46ed402fc3259-3-212x300.png 212w, https:\/\/tatd.org.tr\/atab\/wp-content\/uploads\/sites\/7\/2023\/12\/e245f9270610cd9299e46ed402fc3259-3-768x1086.png 768w, https:\/\/tatd.org.tr\/atab\/wp-content\/uploads\/sites\/7\/2023\/12\/e245f9270610cd9299e46ed402fc3259-3-1086x1536.png 1086w, https:\/\/tatd.org.tr\/atab\/wp-content\/uploads\/sites\/7\/2023\/12\/e245f9270610cd9299e46ed402fc3259-3-1448x2048.png 1448w, https:\/\/tatd.org.tr\/atab\/wp-content\/uploads\/sites\/7\/2023\/12\/e245f9270610cd9299e46ed402fc3259-3-445x630.png 445w\" sizes=\"(max-width: 724px) 100vw, 724px\" \/><\/figure>\n<\/div>\n\n\n<figure class=\"wp-block-gallery has-nested-images columns-default is-cropped wp-block-gallery-1 is-layout-flex wp-block-gallery-is-layout-flex\"><\/figure>\n\n\n\n<p class=\"has-text-align-left\">\u00dclkemizde ya\u015fanan ve hala yaralar\u0131n\u0131 saramad\u0131\u011f\u0131m\u0131z 6 \u015eubat depremi, ya\u015fanan \u015fiddetli sars\u0131nt\u0131lar ile birlikte bir\u00e7ok insan\u0131n hayat\u0131n\u0131 etkiledi. Acil yard\u0131m ekipleri, depremin etkiledi\u011fi b\u00f6lgelere h\u0131zla ula\u015farak kurtarma operasyonlar\u0131na ba\u015flad\u0131. Toplum, birlik i\u00e7inde dayan\u0131\u015fma g\u00f6sterdi ve depremin yol a\u00e7t\u0131\u011f\u0131 tahribat\u0131n onar\u0131lmaya \u00e7al\u0131\u015f\u0131ld\u0131\u011f\u0131 bir s\u00fcre\u00e7 ba\u015flad\u0131.<br>Sporun g\u00fcc\u00fcyle bir araya gelmi\u015f bir topluluk, 14 Mart Ko\u015fusu i\u00e7in bir araya geldi. Bu ko\u015fu, sadece fiziksel bir aktivite de\u011fil, ayn\u0131 zamanda toplumun birbirine olan deste\u011fini simgeliyordu. Ko\u015fucular, 6 \u015eubat depreminin etkiledi\u011fi b\u00f6lgelerde iyile\u015fme s\u00fcrecine katk\u0131da bulunmak i\u00e7in bir araya geldi. Ko\u015fu, toplumun dayan\u0131\u015fma duygusunu peki\u015ftirmek, birlikte hareket etmek ve felaketin izlerini silmek ad\u0131na d\u00fczenlendi.<br>Siz de bizimle bu ko\u015fuda yer almak ister misiniz ?<\/p>\n\n\n\n<div class=\"wp-block-buttons is-layout-flex wp-block-buttons-is-layout-flex\">\n<div class=\"wp-block-button is-style-outline is-style-outline--2\"><a class=\"wp-block-button__link wp-element-button\" href=\"https:\/\/apphurra.com\/etkinlik\/ikinci-geleneksel-14-mart-tip-bayrami-kosusu\"><strong><em>KO\u015eUYA KAYDOL!<\/em><\/strong><\/a><\/div>\n<\/div>\n","protected":false},"excerpt":{"rendered":"<p>\u00dclkemizde ya\u015fanan ve hala yaralar\u0131n\u0131 saramad\u0131\u011f\u0131m\u0131z 6 \u015eubat depremi, ya\u015fanan \u015fiddetli sars\u0131nt\u0131lar ile birlikte bir\u00e7ok insan\u0131n hayat\u0131n\u0131 etkiledi. Acil yard\u0131m ekipleri, depremin&hellip;<\/p>\n","protected":false},"author":5251,"featured_media":2813,"parent":2643,"menu_order":1,"comment_status":"closed","ping_status":"closed","template":"","meta":{"_acf_changed":false,"inline_featured_image":false,"_lmt_disableupdate":"","_lmt_disable":"","footnotes":""},"class_list":["post-2787","page","type-page","status-publish","has-post-thumbnail","hentry"],"acf":[],"_links":{"self":[{"href":"https:\/\/tatd.org.tr\/atab\/wp-json\/wp\/v2\/pages\/2787","targetHints":{"allow":["GET"]}}],"collection":[{"href":"https:\/\/tatd.org.tr\/atab\/wp-json\/wp\/v2\/pages"}],"about":[{"href":"https:\/\/tatd.org.tr\/atab\/wp-json\/wp\/v2\/types\/page"}],"author":[{"embeddable":true,"href":"https:\/\/tatd.org.tr\/atab\/wp-json\/wp\/v2\/users\/5251"}],"replies":[{"embeddable":true,"href":"https:\/\/tatd.org.tr\/atab\/wp-json\/wp\/v2\/comments?post=2787"}],"version-history":[{"count":0,"href":"https:\/\/tatd.org.tr\/atab\/wp-json\/wp\/v2\/pages\/2787\/revisions"}],"up":[{"embeddable":true,"href":"https:\/\/tatd.org.tr\/atab\/wp-json\/wp\/v2\/pages\/2643"}],"wp:featuredmedia":[{"embeddable":true,"href":"https:\/\/tatd.org.tr\/atab\/wp-json\/wp\/v2\/media\/2813"}],"wp:attachment":[{"href":"https:\/\/tatd.org.tr\/atab\/wp-json\/wp\/v2\/media?parent=2787"}],"curies":[{"name":"wp","href":"https:\/\/api.w.org\/{rel}","templated":true}]}}