{"id":2768,"date":"2023-07-28T21:08:43","date_gmt":"2023-07-28T18:08:43","guid":{"rendered":"https:\/\/tatd.org.tr\/atab\/?page_id=2768"},"modified":"2025-07-08T10:57:45","modified_gmt":"2025-07-08T07:57:45","slug":"atab-9-yurutme-kurulu-2023-halen","status":"publish","type":"page","link":"https:\/\/tatd.org.tr\/atab\/hakkimizda\/kurullar\/atab-9-yurutme-kurulu-2023-halen\/","title":{"rendered":"ATAB 9. Y\u00fcr\u00fctme Kurulu 2023-2025"},"content":{"rendered":"\t\t<div data-elementor-type=\"wp-page\" data-elementor-id=\"2768\" class=\"elementor elementor-2768\" data-elementor-post-type=\"page\">\n\t\t\t\t<div class=\"elementor-element elementor-element-6dc3d0d5 e-flex e-con-boxed e-con e-parent\" data-id=\"6dc3d0d5\" data-element_type=\"container\" data-e-type=\"container\">\n\t\t\t\t\t<div class=\"e-con-inner\">\n\t\t\t\t<div class=\"elementor-element elementor-element-69824536 elementor-widget elementor-widget-text-editor\" data-id=\"69824536\" data-element_type=\"widget\" data-e-type=\"widget\" data-widget_type=\"text-editor.default\">\n\t\t\t\t<div class=\"elementor-widget-container\">\n\t\t\t\t\t\t\t\t\t<ul>\n<li><strong>BA\u015eKAN: MUSTAFA KEMAL KARASU<\/strong><\/li>\n<li><strong>\u00a0BA\u015eKAN YRD:AYBEN\u0130Z \u015eENAY<\/strong><\/li>\n<li><strong>\u00a0GENEL SEKRETER:HANDE TEM\u0130ZER<\/strong><\/li>\n<li><strong>\u00a0\u00dcYE: HAMD\u0130 UYAR<\/strong><\/li>\n<li><strong>\u00a0\u00dcYE:CANKUT PER\u00c7\u0130N<\/strong><\/li>\n<li><strong>\u00a0\u00dcYE:H\u0130LAL K\u00d6REL\u00c7\u0130NER<\/strong><\/li>\n<li><strong>\u00a0\u00dcYE:HEL\u0130N \u015eE\u015eEO\u011eULLARI<\/strong><\/li>\n<li><strong>\u00a0\u00dcYE:RA\u015e\u0130T KILI\u00c7<\/strong><\/li>\n<li><strong>\u00dcYE:HASRET CAN ASLAN<\/strong><\/li>\n<li><strong>\u00a0\u00dcYE:KAD\u0130R YENAL<\/strong><\/li>\n<\/ul>\t\t\t\t\t\t\t\t<\/div>\n\t\t\t\t<\/div>\n\t\t\t\t\t<\/div>\n\t\t\t\t<\/div>\n\t\t\t\t<\/div>\n\t\t","protected":false},"excerpt":{"rendered":"<p>BA\u015eKAN: MUSTAFA KEMAL KARASU \u00a0BA\u015eKAN YRD:AYBEN\u0130Z \u015eENAY \u00a0GENEL SEKRETER:HANDE TEM\u0130ZER \u00a0\u00dcYE: HAMD\u0130 UYAR \u00a0\u00dcYE:CANKUT PER\u00c7\u0130N \u00a0\u00dcYE:H\u0130LAL K\u00d6REL\u00c7\u0130NER \u00a0\u00dcYE:HEL\u0130N \u015eE\u015eEO\u011eULLARI \u00a0\u00dcYE:RA\u015e\u0130T KILI\u00c7 \u00dcYE:HASRET&hellip;<\/p>\n","protected":false},"author":626,"featured_media":0,"parent":2628,"menu_order":12,"comment_status":"closed","ping_status":"closed","template":"","meta":{"_acf_changed":false,"inline_featured_image":false,"_lmt_disableupdate":"","_lmt_disable":"","footnotes":""},"class_list":["post-2768","page","type-page","status-publish","hentry"],"acf":[],"_links":{"self":[{"href":"https:\/\/tatd.org.tr\/atab\/wp-json\/wp\/v2\/pages\/2768","targetHints":{"allow":["GET"]}}],"collection":[{"href":"https:\/\/tatd.org.tr\/atab\/wp-json\/wp\/v2\/pages"}],"about":[{"href":"https:\/\/tatd.org.tr\/atab\/wp-json\/wp\/v2\/types\/page"}],"author":[{"embeddable":true,"href":"https:\/\/tatd.org.tr\/atab\/wp-json\/wp\/v2\/users\/626"}],"replies":[{"embeddable":true,"href":"https:\/\/tatd.org.tr\/atab\/wp-json\/wp\/v2\/comments?post=2768"}],"version-history":[{"count":0,"href":"https:\/\/tatd.org.tr\/atab\/wp-json\/wp\/v2\/pages\/2768\/revisions"}],"up":[{"embeddable":true,"href":"https:\/\/tatd.org.tr\/atab\/wp-json\/wp\/v2\/pages\/2628"}],"wp:attachment":[{"href":"https:\/\/tatd.org.tr\/atab\/wp-json\/wp\/v2\/media?parent=2768"}],"curies":[{"name":"wp","href":"https:\/\/api.w.org\/{rel}","templated":true}]}}