{"id":2632,"date":"2021-11-22T01:33:24","date_gmt":"2021-11-21T22:33:24","guid":{"rendered":"https:\/\/tatd.org.tr\/atab\/?page_id=2632"},"modified":"2021-11-22T01:33:24","modified_gmt":"2021-11-21T22:33:24","slug":"faaliyet-raporlari","status":"publish","type":"page","link":"https:\/\/tatd.org.tr\/atab\/hakkimizda\/belgeler\/faaliyet-raporlari\/","title":{"rendered":"Faaliyet Raporlar\u0131"},"content":{"rendered":"<p>&nbsp;<\/p>\n<div class=\"pcrstb-wrap\"><table style=\"border-collapse: collapse; width: 100%;\" border=\"1\">\n<tbody>\n<tr style=\"height: 24px;\">\n<td style=\"width: 5.51181%; height: 24px;\"><strong>Y\u0131l<\/strong><\/td>\n<td style=\"width: 38.517%; height: 24px;\"><strong>Y\u00fcr\u00fctme Kurulu<\/strong><\/td>\n<td style=\"width: 55.9711%; height: 24px;\"><strong>Faaliyet Raporu<\/strong><\/td>\n<\/tr>\n<tr style=\"height: 24px;\">\n<td style=\"width: 5.51181%; height: 24px;\">2021<\/td>\n<td style=\"width: 38.517%; height: 24px;\">7. ATAB<\/td>\n<td style=\"width: 55.9711%; height: 24px;\">Faaliyet Raporu haz\u0131rlanmaktad\u0131r.<\/td>\n<\/tr>\n<tr>\n<td style=\"width: 5.51181%;\">2020<\/td>\n<td style=\"width: 38.517%;\">6. ATAB<\/td>\n<td style=\"width: 55.9711%;\">Faaliyet Raporu y\u00fcklenecektir.<\/td>\n<\/tr>\n<tr>\n<td style=\"width: 5.51181%;\">2019<\/td>\n<td style=\"width: 38.517%;\">6. ATAB<\/td>\n<td style=\"width: 55.9711%;\">Faaliyet Raporu y\u00fcklenecektir.<\/td>\n<\/tr>\n<tr>\n<td style=\"width: 5.51181%;\">2018<\/td>\n<td style=\"width: 38.517%;\">6. ATAB<\/td>\n<td style=\"width: 55.9711%;\">Faaliyet Raporu y\u00fcklenecektir.<\/td>\n<\/tr>\n<tr>\n<td style=\"width: 5.51181%;\">2017<\/td>\n<td style=\"width: 38.517%;\">5. ATAB<\/td>\n<td style=\"width: 55.9711%;\">Faaliyet Raporu y\u00fcklenecektir.<\/td>\n<\/tr>\n<tr>\n<td style=\"width: 5.51181%;\">2016<\/td>\n<td style=\"width: 38.517%;\">5. ATAB<\/td>\n<td style=\"width: 55.9711%;\">Faaliyet Raporu y\u00fcklenecektir.<\/td>\n<\/tr>\n<tr>\n<td style=\"width: 5.51181%;\">2015<\/td>\n<td style=\"width: 38.517%;\">4. ATAB<\/td>\n<td style=\"width: 55.9711%;\">Faaliyet Raporu y\u00fcklenecektir.<\/td>\n<\/tr>\n<tr>\n<td style=\"width: 5.51181%;\">2014<\/td>\n<td style=\"width: 38.517%;\">4. ATAB<\/td>\n<td style=\"width: 55.9711%;\">Faaliyet Raporu y\u00fcklenecektir.<\/td>\n<\/tr>\n<tr>\n<td style=\"width: 5.51181%;\">2013<\/td>\n<td style=\"width: 38.517%;\">3. ATAB<\/td>\n<td style=\"width: 55.9711%;\">Faaliyet Raporu y\u00fcklenecektir.<\/td>\n<\/tr>\n<tr>\n<td style=\"width: 5.51181%;\">2012<\/td>\n<td style=\"width: 38.517%;\">3. ATAB<\/td>\n<td style=\"width: 55.9711%;\">Faaliyet Raporu y\u00fcklenecektir.<\/td>\n<\/tr>\n<tr>\n<td style=\"width: 5.51181%;\">2011<\/td>\n<td style=\"width: 38.517%;\">2. ATAB<\/td>\n<td style=\"width: 55.9711%;\">Faaliyet Raporu y\u00fcklenecektir.<\/td>\n<\/tr>\n<tr>\n<td style=\"width: 5.51181%;\">2010<\/td>\n<td style=\"width: 38.517%;\">2. ATAB<\/td>\n<td style=\"width: 55.9711%;\">Faaliyet Raporu y\u00fcklenecektir.<\/td>\n<\/tr>\n<tr>\n<td style=\"width: 5.51181%;\">2009<\/td>\n<td style=\"width: 38.517%;\">1. ATAB<\/td>\n<td style=\"width: 55.9711%;\">Faaliyet Raporu y\u00fcklenecektir.<\/td>\n<\/tr>\n<tr>\n<td style=\"width: 5.51181%;\">2008<\/td>\n<td style=\"width: 38.517%;\">Kurulu\u015f Y\u0131l\u0131. 1. ATAB<\/td>\n<td style=\"width: 55.9711%;\">Faaliyet Raporu y\u00fcklenecektir.<\/td>\n<\/tr>\n<\/tbody>\n<\/table><\/div>\n<p>Komisyonun y\u0131ll\u0131k faaliyet raporlar\u0131 buraya y\u00fcklenecektir. Faaliyet raporlar\u0131 sadece TATD \u00fcyelerine a\u00e7\u0131kt\u0131r.<\/p>\n","protected":false},"excerpt":{"rendered":"<p>&nbsp; Y\u0131l Y\u00fcr\u00fctme Kurulu Faaliyet Raporu 2021 7. ATAB Faaliyet Raporu haz\u0131rlanmaktad\u0131r. 2020 6. ATAB Faaliyet Raporu y\u00fcklenecektir. 2019 6. ATAB Faaliyet&hellip;<\/p>\n","protected":false},"author":1561,"featured_media":0,"parent":2450,"menu_order":2,"comment_status":"closed","ping_status":"closed","template":"","meta":{"_acf_changed":false,"inline_featured_image":false,"_lmt_disableupdate":"","_lmt_disable":"","footnotes":""},"class_list":["post-2632","page","type-page","status-publish","hentry"],"acf":[],"_links":{"self":[{"href":"https:\/\/tatd.org.tr\/atab\/wp-json\/wp\/v2\/pages\/2632","targetHints":{"allow":["GET"]}}],"collection":[{"href":"https:\/\/tatd.org.tr\/atab\/wp-json\/wp\/v2\/pages"}],"about":[{"href":"https:\/\/tatd.org.tr\/atab\/wp-json\/wp\/v2\/types\/page"}],"author":[{"embeddable":true,"href":"https:\/\/tatd.org.tr\/atab\/wp-json\/wp\/v2\/users\/1561"}],"replies":[{"embeddable":true,"href":"https:\/\/tatd.org.tr\/atab\/wp-json\/wp\/v2\/comments?post=2632"}],"version-history":[{"count":0,"href":"https:\/\/tatd.org.tr\/atab\/wp-json\/wp\/v2\/pages\/2632\/revisions"}],"up":[{"embeddable":true,"href":"https:\/\/tatd.org.tr\/atab\/wp-json\/wp\/v2\/pages\/2450"}],"wp:attachment":[{"href":"https:\/\/tatd.org.tr\/atab\/wp-json\/wp\/v2\/media?parent=2632"}],"curies":[{"name":"wp","href":"https:\/\/api.w.org\/{rel}","templated":true}]}}