{"id":2631,"date":"2021-11-22T01:29:26","date_gmt":"2021-11-21T22:29:26","guid":{"rendered":"https:\/\/tatd.org.tr\/atab\/?page_id=2631"},"modified":"2021-11-22T01:29:26","modified_gmt":"2021-11-21T22:29:26","slug":"kilavuz-ve-rehberler","status":"publish","type":"page","link":"https:\/\/tatd.org.tr\/atab\/hakkimizda\/belgeler\/kilavuz-ve-rehberler\/","title":{"rendered":"K\u0131lavuz ve Rehberler"},"content":{"rendered":"<p>Komisyon taraf\u0131ndan haz\u0131rlan\u0131p yay\u0131nlanan k\u0131lavuz, rehber ve yay\u0131nlara bu sayfada yer verilmektedir.<\/p>\n<div class=\"pcrstb-wrap\"><table style=\"border-collapse: collapse; width: 100%;\" border=\"1\">\n<tbody>\n<tr>\n<td style=\"width: 33.3333%;\"><strong>K\u0131lavuz<\/strong><\/td>\n<td style=\"width: 33.3333%;\"><strong>Edit\u00f6r ve Yazarlar<\/strong><\/td>\n<td style=\"width: 33.3333%;\"><strong>Yay\u0131n Y\u0131l\u0131<\/strong><\/td>\n<\/tr>\n<tr>\n<td style=\"width: 33.3333%;\"><\/td>\n<td style=\"width: 33.3333%;\"><\/td>\n<td style=\"width: 33.3333%;\"><\/td>\n<\/tr>\n<\/tbody>\n<\/table><\/div>\n","protected":false},"excerpt":{"rendered":"<p>Komisyon taraf\u0131ndan haz\u0131rlan\u0131p yay\u0131nlanan k\u0131lavuz, rehber ve yay\u0131nlara bu sayfada yer verilmektedir. K\u0131lavuz Edit\u00f6r ve Yazarlar Yay\u0131n Y\u0131l\u0131<\/p>\n","protected":false},"author":1561,"featured_media":0,"parent":2450,"menu_order":3,"comment_status":"closed","ping_status":"closed","template":"","meta":{"_acf_changed":false,"inline_featured_image":false,"_lmt_disableupdate":"","_lmt_disable":"","footnotes":""},"class_list":["post-2631","page","type-page","status-publish","hentry"],"acf":[],"_links":{"self":[{"href":"https:\/\/tatd.org.tr\/atab\/wp-json\/wp\/v2\/pages\/2631","targetHints":{"allow":["GET"]}}],"collection":[{"href":"https:\/\/tatd.org.tr\/atab\/wp-json\/wp\/v2\/pages"}],"about":[{"href":"https:\/\/tatd.org.tr\/atab\/wp-json\/wp\/v2\/types\/page"}],"author":[{"embeddable":true,"href":"https:\/\/tatd.org.tr\/atab\/wp-json\/wp\/v2\/users\/1561"}],"replies":[{"embeddable":true,"href":"https:\/\/tatd.org.tr\/atab\/wp-json\/wp\/v2\/comments?post=2631"}],"version-history":[{"count":0,"href":"https:\/\/tatd.org.tr\/atab\/wp-json\/wp\/v2\/pages\/2631\/revisions"}],"up":[{"embeddable":true,"href":"https:\/\/tatd.org.tr\/atab\/wp-json\/wp\/v2\/pages\/2450"}],"wp:attachment":[{"href":"https:\/\/tatd.org.tr\/atab\/wp-json\/wp\/v2\/media?parent=2631"}],"curies":[{"name":"wp","href":"https:\/\/api.w.org\/{rel}","templated":true}]}}