{"id":2630,"date":"2021-11-22T01:28:47","date_gmt":"2021-11-21T22:28:47","guid":{"rendered":"https:\/\/tatd.org.tr\/atab\/?page_id=2630"},"modified":"2023-12-21T21:13:35","modified_gmt":"2023-12-21T18:13:35","slug":"yonerge-ve-diger-belgeler","status":"publish","type":"page","link":"https:\/\/tatd.org.tr\/atab\/hakkimizda\/belgeler\/yonerge-ve-diger-belgeler\/","title":{"rendered":"Y\u00f6nerge ve Di\u011fer Belgeler"},"content":{"rendered":"<p>Komisyon taraf\u0131ndan haz\u0131rlanan y\u00f6nerge ve di\u011fer idari s\u00fcre\u00e7lere dair belgelere bu sayfada yer verilmektedir.<\/p>\n<div class=\"pcrstb-wrap\"><table style=\"border-collapse: collapse;width: 100%\" border=\"1\">\n<tbody>\n<tr style=\"height: 24px\">\n<td style=\"width: 34.8425%;height: 24px\"><strong>Y\u00f6nerge<\/strong><\/td>\n<td style=\"width: 25.3937%;height: 24px\"><strong>Versiyon<\/strong><\/td>\n<td style=\"width: 39.7638%;height: 24px\"><strong>Y\u00fcr\u00fcrl\u00fck Tarihi<\/strong><\/td>\n<\/tr>\n<tr style=\"height: 24px\">\n<td style=\"width: 34.8425%;height: 24px\"><a class=\"btn btn-outline-primary fw-bold text-start\" href=\"https:\/\/tatd.org.tr\/atab\/wp-content\/uploads\/sites\/7\/2021\/11\/ACI\u0307L-TIP-ASI\u0307STAN-BI\u0307RLI\u0307G\u0306I\u0307-YO\u0308NERGESI\u0307-v2.pdf\" target=\"_blank\" rel=\"noopener\"><i class=\"fas fa-file-pdf me-2\"><\/i>ACI\u0307L TIP ASI\u0307STAN BI\u0307RLI\u0307G\u0306I\u0307 YO\u0308NERGESI\u0307 v2 (50,25 KB)<\/a><\/td>\n<td style=\"width: 25.3937%;height: 24px\">versiyon 2<\/td>\n<td style=\"width: 39.7638%;height: 24px\">19 Ekim 2021<\/td>\n<\/tr>\n<\/tbody>\n<\/table><\/div>\n","protected":false},"excerpt":{"rendered":"<p>Komisyon taraf\u0131ndan haz\u0131rlanan y\u00f6nerge ve di\u011fer idari s\u00fcre\u00e7lere dair belgelere bu sayfada yer verilmektedir. Y\u00f6nerge Versiyon Y\u00fcr\u00fcrl\u00fck Tarihi ACI\u0307L TIP ASI\u0307STAN BI\u0307RLI\u0307G\u0306I\u0307&hellip;<\/p>\n","protected":false},"author":1561,"featured_media":0,"parent":2450,"menu_order":1,"comment_status":"closed","ping_status":"closed","template":"","meta":{"_acf_changed":false,"inline_featured_image":false,"_lmt_disableupdate":"","_lmt_disable":"","footnotes":""},"class_list":["post-2630","page","type-page","status-publish","hentry"],"acf":[],"_links":{"self":[{"href":"https:\/\/tatd.org.tr\/atab\/wp-json\/wp\/v2\/pages\/2630","targetHints":{"allow":["GET"]}}],"collection":[{"href":"https:\/\/tatd.org.tr\/atab\/wp-json\/wp\/v2\/pages"}],"about":[{"href":"https:\/\/tatd.org.tr\/atab\/wp-json\/wp\/v2\/types\/page"}],"author":[{"embeddable":true,"href":"https:\/\/tatd.org.tr\/atab\/wp-json\/wp\/v2\/users\/1561"}],"replies":[{"embeddable":true,"href":"https:\/\/tatd.org.tr\/atab\/wp-json\/wp\/v2\/comments?post=2630"}],"version-history":[{"count":0,"href":"https:\/\/tatd.org.tr\/atab\/wp-json\/wp\/v2\/pages\/2630\/revisions"}],"up":[{"embeddable":true,"href":"https:\/\/tatd.org.tr\/atab\/wp-json\/wp\/v2\/pages\/2450"}],"wp:attachment":[{"href":"https:\/\/tatd.org.tr\/atab\/wp-json\/wp\/v2\/media?parent=2630"}],"curies":[{"name":"wp","href":"https:\/\/api.w.org\/{rel}","templated":true}]}}