{"id":2445,"date":"2021-09-21T09:09:37","date_gmt":"2021-09-21T06:09:37","guid":{"rendered":"https:\/\/tatd.org.tr\/atab\/?page_id=34"},"modified":"2021-09-21T09:09:37","modified_gmt":"2021-09-21T06:09:37","slug":"tanimlar","status":"publish","type":"page","link":"https:\/\/tatd.org.tr\/atab\/hakkimizda\/tanimlar\/","title":{"rendered":"Tan\u0131mlar"},"content":{"rendered":"<p><strong>Acil T\u0131p Asistan\u0131:<\/strong> T\u00fcrkiye&#8217;de TUKMOS taraf\u0131ndan ve Acil T\u0131p ihtisas\u0131 vermek i\u00e7in izinlendirilmi\u015f t\u00fcm sa\u011fl\u0131k kurulu\u015flar\u0131nda t\u0131pta uzmanl\u0131k \u00f6\u011frencisi olarak e\u011fitim g\u00f6rmeye ba\u015flam\u0131\u015f T\u0131p doktorlar\u0131n\u0131 tan\u0131mlar.<\/p>\n","protected":false},"excerpt":{"rendered":"<p>Acil T\u0131p Asistan\u0131: T\u00fcrkiye&#8217;de TUKMOS taraf\u0131ndan ve Acil T\u0131p ihtisas\u0131 vermek i\u00e7in izinlendirilmi\u015f t\u00fcm sa\u011fl\u0131k kurulu\u015flar\u0131nda t\u0131pta uzmanl\u0131k \u00f6\u011frencisi olarak e\u011fitim g\u00f6rmeye&hellip;<\/p>\n","protected":false},"author":1599,"featured_media":0,"parent":2443,"menu_order":1,"comment_status":"closed","ping_status":"closed","template":"","meta":{"_acf_changed":false,"inline_featured_image":false,"_lmt_disableupdate":"","_lmt_disable":"","footnotes":""},"class_list":["post-2445","page","type-page","status-publish","hentry"],"acf":[],"_links":{"self":[{"href":"https:\/\/tatd.org.tr\/atab\/wp-json\/wp\/v2\/pages\/2445","targetHints":{"allow":["GET"]}}],"collection":[{"href":"https:\/\/tatd.org.tr\/atab\/wp-json\/wp\/v2\/pages"}],"about":[{"href":"https:\/\/tatd.org.tr\/atab\/wp-json\/wp\/v2\/types\/page"}],"author":[{"embeddable":true,"href":"https:\/\/tatd.org.tr\/atab\/wp-json\/wp\/v2\/users\/1599"}],"replies":[{"embeddable":true,"href":"https:\/\/tatd.org.tr\/atab\/wp-json\/wp\/v2\/comments?post=2445"}],"version-history":[{"count":0,"href":"https:\/\/tatd.org.tr\/atab\/wp-json\/wp\/v2\/pages\/2445\/revisions"}],"up":[{"embeddable":true,"href":"https:\/\/tatd.org.tr\/atab\/wp-json\/wp\/v2\/pages\/2443"}],"wp:attachment":[{"href":"https:\/\/tatd.org.tr\/atab\/wp-json\/wp\/v2\/media?parent=2445"}],"curies":[{"name":"wp","href":"https:\/\/api.w.org\/{rel}","templated":true}]}}