{"id":2443,"date":"2021-04-07T13:31:31","date_gmt":"2021-04-07T10:31:31","guid":{"rendered":"https:\/\/tatd.org.tr\/atab\/?page_id=2"},"modified":"2022-03-20T12:24:11","modified_gmt":"2022-03-20T09:24:11","slug":"hakkimizda","status":"publish","type":"page","link":"https:\/\/tatd.org.tr\/atab\/hakkimizda\/","title":{"rendered":"Hakk\u0131m\u0131zda"},"content":{"rendered":"<p>Acil T\u0131p Asistan Birli\u011fi (ATAB), 2008 y\u0131l\u0131nda kurulmu\u015f ve o zamandan bu yana se\u00e7imle i\u015f ba\u015f\u0131na gelmi\u015f y\u00f6netim kurullar\u0131n\u0131n fedakarca emekleri ile \u00e7ok iyi tan\u0131nan baz\u0131 projelerin mimar\u0131 olmu\u015ftur. Y\u0131lda iki kez d\u00fczenlenen asistan oryantasyon e\u011fitimleri, Tintinalli\u2019nin T\u00fcrk\u00e7e\u2019ye \u00e7evrilmesi, \u0130\u015faret Dili e\u011fitimleri, Acil T\u0131p Asistan Sempozyum&#8217;lar\u0131n\u0131n d\u00fczenlenmesi, 14 Mart T\u0131p Bayram\u0131 Ko\u015fu projesinin T\u00fcrkiye Acil T\u0131p Derne\u011fi&#8217;ne kazand\u0131r\u0131lmas\u0131, d\u00fczenli olarak yap\u0131lan klinik ziyaretleri gibi T\u00fcrkiye\u2019deki t\u00fcm acil t\u0131p asistanlar\u0131n\u0131n yarar\u0131na projelerin fikir kayna\u011f\u0131 olan ATAB, ayn\u0131 zamanda her y\u0131l \u00e7emberini daha da geni\u015fleterek d\u00fczenledi\u011fi klinik ziyaretleri ile \u00e7ok daha fazla acil t\u0131p asistan\u0131na ula\u015fmaktad\u0131r. Acil T\u0131p Asistan Birli\u011fi y\u00f6nergesinin 1. Maddesinde belirtildi\u011fi gibi ATAB\u2019\u0131n amac\u0131;<\/p>\n<blockquote><p><strong>\u201cT\u00fcrkiye Cumhuriyet\u2019inde g\u00f6rev yapmakta olan acil t\u0131p uzmanl\u0131k \u00f6\u011frencilerinin tek bir \u00e7at\u0131 alt\u0131nda toplanmas\u0131n\u0131 sa\u011flayarak; birbiriyle ileti\u015fimlerinin devaml\u0131l\u0131\u011f\u0131n\u0131 sa\u011flamak, e\u011fitim ama\u00e7l\u0131 toplant\u0131lar d\u00fczenleyip ve kat\u0131l\u0131mlar\u0131n\u0131 destekleyerek, \u00f6zl\u00fck haklar\u0131 ve \u00e7al\u0131\u015fma programlar\u0131 ile ilgili toplant\u0131lar d\u00fczenleyerek gerekli mercilere beklenti ve istekleri iletmektir.\u201d<\/strong><\/p><\/blockquote>\n<p>De\u011ferli ATA\u2019lar; ileti\u015fimin \u00f6neminin fark\u0131nday\u0131z. Bizler olumlu olumsuz tecr\u00fcbelerimizi ve s\u0131k\u0131nt\u0131lar\u0131m\u0131z\u0131 payla\u015f\u0131p, birbirimizin arkas\u0131nda durup ve zaman\u0131 geldi\u011finde hep birlikte kutlamalar yap\u0131p, T\u00fcrkiye\u2019de sa\u011fl\u0131k sisteminin ve acil t\u0131bb\u0131n ge\u00e7ti\u011fi bu zor zamanlarda &#8221;Mobbing ve \u015eiddet&#8217;e du de! sloganlar\u0131m\u0131zla hep birlikte t\u00fcm Acil T\u0131p Asistanlar\u0131 ve sa\u011fl\u0131k \u00e7al\u0131\u015fanlar\u0131 i\u00e7in daha iyi ko\u015fullar yaratmak i\u00e7in buraday\u0131z. Birlikteli\u011fin ve ileti\u015fimin g\u00fcc\u00fcne inan\u0131yoruz.<\/p>\n<p><strong>Ortak sorunlar\u0131m\u0131z\u0131n kal\u0131c\u0131 \u00e7\u00f6z\u00fcmlerine ula\u015fmak ancak birbirimizle kuraca\u011f\u0131m\u0131z ileti\u015fim ve kliniklerimiz aras\u0131 standardizasyon ile m\u00fcmk\u00fcn olacakt\u0131r.<\/strong><\/p>\n<p>Her ge\u00e7en y\u0131l daha aktif, daha kalabal\u0131k, daha disiplinli ve ula\u015f\u0131labilirli\u011fi daha kolay bir \u015fekilde \u00e7al\u0131\u015fan ATAB i\u00e7in \u201cBEN DE VARIM!\u201d diyecek Asistan arkada\u015flar\u0131m\u0131zla tan\u0131\u015fmak i\u00e7in can at\u0131yoruz!..<\/p>\n","protected":false},"excerpt":{"rendered":"<p>Acil T\u0131p Asistan Birli\u011fi (ATAB), 2008 y\u0131l\u0131nda kurulmu\u015f ve o zamandan bu yana se\u00e7imle i\u015f ba\u015f\u0131na gelmi\u015f y\u00f6netim kurullar\u0131n\u0131n fedakarca emekleri ile&hellip;<\/p>\n","protected":false},"author":1599,"featured_media":0,"parent":0,"menu_order":0,"comment_status":"closed","ping_status":"closed","template":"","meta":{"_acf_changed":false,"inline_featured_image":false,"_lmt_disableupdate":"","_lmt_disable":"","footnotes":""},"class_list":["post-2443","page","type-page","status-publish","hentry"],"acf":[],"_links":{"self":[{"href":"https:\/\/tatd.org.tr\/atab\/wp-json\/wp\/v2\/pages\/2443","targetHints":{"allow":["GET"]}}],"collection":[{"href":"https:\/\/tatd.org.tr\/atab\/wp-json\/wp\/v2\/pages"}],"about":[{"href":"https:\/\/tatd.org.tr\/atab\/wp-json\/wp\/v2\/types\/page"}],"author":[{"embeddable":true,"href":"https:\/\/tatd.org.tr\/atab\/wp-json\/wp\/v2\/users\/1599"}],"replies":[{"embeddable":true,"href":"https:\/\/tatd.org.tr\/atab\/wp-json\/wp\/v2\/comments?post=2443"}],"version-history":[{"count":0,"href":"https:\/\/tatd.org.tr\/atab\/wp-json\/wp\/v2\/pages\/2443\/revisions"}],"wp:attachment":[{"href":"https:\/\/tatd.org.tr\/atab\/wp-json\/wp\/v2\/media?parent=2443"}],"curies":[{"name":"wp","href":"https:\/\/api.w.org\/{rel}","templated":true}]}}