{"id":1550,"date":"2021-10-19T21:23:23","date_gmt":"2021-10-19T18:23:23","guid":{"rendered":"https:\/\/tatd.org.tr\/atab\/?page_id=1550"},"modified":"2026-03-16T00:22:12","modified_gmt":"2026-03-15T21:22:12","slug":"acil-tip-asistan-sempozyumu-atas","status":"publish","type":"page","link":"https:\/\/tatd.org.tr\/atab\/etkinliklerimiz\/sempozyum-ve-kongreler\/acil-tip-asistan-sempozyumu-atas\/","title":{"rendered":"Acil T\u0131p Asistan Sempozyumu (ATAS)"},"content":{"rendered":"\n<p>Acil t\u0131p, ATAS (Acil T\u0131p Asistan Sempozyumu) ile \u00fclkemizde kendi bran\u015f\u0131ndaki t\u0131pta uzmanl\u0131k \u00f6\u011frencileri ad\u0131na sempozyum yapan ilk ve tek bran\u015ft\u0131r. \u0130lk olarak Ankara\u2019da 2006 y\u0131l\u0131nda yap\u0131lan ATAS, her y\u0131l ara vermeden ger\u00e7ekle\u015ftirildi ve art\u0131k geleneksel bir etkinlik olarak an\u0131lmaya ba\u015fland\u0131. ATAS\u2019\u0131n ger\u00e7ek bir asistanl\u0131k sempozyumu olmas\u0131 i\u00e7in sempozyum ba\u015fkanlar\u0131 ve d\u00fczenleme kurullar\u0131n\u0131n hemen tamam\u0131 acil t\u0131pta uzmanl\u0131k \u00f6\u011frencilerinden olu\u015fturuldu.<\/p>\n\n\n\n<p>Sempozyumunun bilimsel konular\u0131 genellikle kliniklerin tan\u0131t\u0131m\u0131,&nbsp; t\u0131pta uzmanl\u0131k \u00f6\u011frenimi, asistanlar\u0131n kariyer planlamalar\u0131, i\u015f imk\u00e2nlar\u0131 \u00fczerine yo\u011funla\u015fmaktad\u0131r. ATAS\u2019\u0131n esas ama\u00e7lar\u0131ndan birisi de acil t\u0131p asistanlar\u0131n\u0131n asistanlar\u0131n tan\u0131\u015fmalar\u0131, fikir al\u0131\u015fveri\u015fi yapmalar\u0131 ve kendi geleceklerini planlamalar\u0131 i\u00e7in uygun ortamlar olu\u015fturmakt\u0131r.<\/p>\n\n\n\n<p>Hen\u00fcz kariyerlerinin ba\u015flar\u0131nda olan acil t\u0131p asistanlar\u0131n\u0131n organizasyon yapma becerisi, liderlik, ki\u015fisel geli\u015fim i\u00e7in bulunmaz bir f\u0131rsat olu\u015fturan ATAS\u2019lar, Acil T\u0131p Asistan Birli\u011fi\u2019nin (ATAB) en \u00f6nemli organizasyonlar\u0131ndan birisidir. ATAB\u2019\u0131n ana misyonu olan, \u201cacil t\u0131pta uzmanl\u0131k \u00f6\u011frencilerinin kendi gelece\u011fi \u00fczerinde s\u00f6z sahibi olmas\u0131 ve her bak\u0131mdan yetkin acil t\u0131p uzmanlar\u0131n\u0131n yeti\u015ftirilmesi\u201d ad\u0131na ATAS\u2019lar \u00f6nemli bir kilometre ta\u015f\u0131 olmu\u015ftur.<\/p>\n\n\n\n<p>Acil T\u0131p Asistan Sempozyumlar\u0131 her y\u0131l \u00fclkenin \u00e7e\u015fitli \u015fehirlerinde dola\u015fmaya devam edecek. Acil T\u0131p asistanlar\u0131 kendi kliniklerinden getirdikleri tecr\u00fcbeler ve farkl\u0131l\u0131klar ile ATAS\u2019\u0131n ruhuna bir renk katacaklar.Art\u0131k kendi kan\u0131tlam\u0131\u015f bir organizasyon olan ATAS; T\u00fcrkiye Acil T\u0131p Derne\u011finin kanatlar\u0131 alt\u0131nda b\u00fcy\u00fcmeye devam edecektir.<\/p>\n\n\n\n<div class=\"wp-block-columns is-layout-flex wp-container-core-columns-is-layout-9d6595d7 wp-block-columns-is-layout-flex\">\n<div class=\"wp-block-column is-layout-flow wp-block-column-is-layout-flow\" style=\"flex-basis:100%\">\n<div class=\"wp-block-columns is-layout-flex wp-container-core-columns-is-layout-9d6595d7 wp-block-columns-is-layout-flex\">\n<div class=\"wp-block-column is-layout-flow wp-block-column-is-layout-flow\" style=\"flex-basis:100%\">\n<figure class=\"wp-block-table\"><div class=\"pcrstb-wrap\"><table class=\"has-fixed-layout\"><tbody><tr><td><strong>Poster<\/strong><\/td><td><strong>ATAS<\/strong><\/td><td><strong>Yer<\/strong><\/td><td><strong>Tarih<\/strong><\/td><td><strong>TATD Ba\u015fkan\u0131<\/strong><\/td><td><strong>Sempozyum Ba\u015fkan\u0131<\/strong><\/td><\/tr><tr><td><figure><img fetchpriority=\"high\" decoding=\"async\" class=\"alignnone wp-image-2325 size-medium\" src=\"https:\/\/tatd.org.tr\/atab\/wp-content\/uploads\/sites\/7\/2021\/11\/5bd06045e1ad7_ATAS_2006-225x300.jpg\" alt=\"\" width=\"225\" height=\"300\" srcset=\"https:\/\/tatd.org.tr\/atab\/wp-content\/uploads\/sites\/7\/2021\/11\/5bd06045e1ad7_ATAS_2006-225x300.jpg 225w, https:\/\/tatd.org.tr\/atab\/wp-content\/uploads\/sites\/7\/2021\/11\/5bd06045e1ad7_ATAS_2006-768x1024.jpg 768w, https:\/\/tatd.org.tr\/atab\/wp-content\/uploads\/sites\/7\/2021\/11\/5bd06045e1ad7_ATAS_2006-473x630.jpg 473w, https:\/\/tatd.org.tr\/atab\/wp-content\/uploads\/sites\/7\/2021\/11\/5bd06045e1ad7_ATAS_2006.jpg 810w\" sizes=\"(max-width: 225px) 100vw, 225px\" \/><\/figure><\/td><td>1. Acil T\u0131p Asistan Sempozyumu 2006<\/td><td>Ankara<\/td><td>17 Haziran 2006<br>18 Haziran 2006<\/td><td>Do\u00e7. Dr. Cem Oktay<\/td><td><\/td><\/tr><tr><td><figure><img decoding=\"async\" class=\"alignnone size-medium wp-image-2326\" src=\"https:\/\/tatd.org.tr\/atab\/wp-content\/uploads\/sites\/7\/2021\/11\/5bd060da8c491_ATAS_2007-214x300.jpg\" alt=\"\" width=\"214\" height=\"300\" srcset=\"https:\/\/tatd.org.tr\/atab\/wp-content\/uploads\/sites\/7\/2021\/11\/5bd060da8c491_ATAS_2007-214x300.jpg 214w, https:\/\/tatd.org.tr\/atab\/wp-content\/uploads\/sites\/7\/2021\/11\/5bd060da8c491_ATAS_2007-732x1024.jpg 732w, https:\/\/tatd.org.tr\/atab\/wp-content\/uploads\/sites\/7\/2021\/11\/5bd060da8c491_ATAS_2007-768x1074.jpg 768w, https:\/\/tatd.org.tr\/atab\/wp-content\/uploads\/sites\/7\/2021\/11\/5bd060da8c491_ATAS_2007-450x630.jpg 450w, https:\/\/tatd.org.tr\/atab\/wp-content\/uploads\/sites\/7\/2021\/11\/5bd060da8c491_ATAS_2007.jpg 772w\" sizes=\"(max-width: 214px) 100vw, 214px\" \/><\/figure><\/td><td>2. Acil T\u0131p Asistan Sempozyumu 2007<\/td><td>Diyarbak\u0131r<\/td><td>8 Haziran 2007<br>8 Haziran 2007<\/td><td>Do\u00e7. Dr. Cem Oktay<\/td><td><\/td><\/tr><tr><td><figure><img decoding=\"async\" class=\"alignnone size-medium wp-image-2327\" src=\"https:\/\/tatd.org.tr\/atab\/wp-content\/uploads\/sites\/7\/2021\/11\/5bd0610909771_ATAS_2008-211x300.jpg\" alt=\"\" width=\"211\" height=\"300\" srcset=\"https:\/\/tatd.org.tr\/atab\/wp-content\/uploads\/sites\/7\/2021\/11\/5bd0610909771_ATAS_2008-211x300.jpg 211w, https:\/\/tatd.org.tr\/atab\/wp-content\/uploads\/sites\/7\/2021\/11\/5bd0610909771_ATAS_2008-442x630.jpg 442w, https:\/\/tatd.org.tr\/atab\/wp-content\/uploads\/sites\/7\/2021\/11\/5bd0610909771_ATAS_2008.jpg 523w\" sizes=\"(max-width: 211px) 100vw, 211px\" \/><\/figure><\/td><td>3. Acil T\u0131p Asistan Sempozyumu 2008<\/td><td>Eski\u015fehir<\/td><td>14 Haziran 2008<br>16 Haziran 2008<\/td><td>Yrd. Do\u00e7. Dr. R\u0131dvan Atilla<\/td><td><\/td><\/tr><tr><td><\/td><td>4. Acil T\u0131p Asistan Sempozyumu 2009<\/td><td>\u0130zmir<\/td><td>19 Haziran 2009<br>21 Haziran 2009<\/td><td>Yrd. Do\u00e7. Dr. R\u0131dvan Atilla<\/td><td><\/td><\/tr><tr><td><figure><img loading=\"lazy\" decoding=\"async\" class=\"alignnone size-medium wp-image-2328\" src=\"https:\/\/tatd.org.tr\/atab\/wp-content\/uploads\/sites\/7\/2021\/11\/5bd06174eec06_ATAS_2010-300x212.jpg\" alt=\"\" width=\"300\" height=\"212\" srcset=\"https:\/\/tatd.org.tr\/atab\/wp-content\/uploads\/sites\/7\/2021\/11\/5bd06174eec06_ATAS_2010-300x212.jpg 300w, https:\/\/tatd.org.tr\/atab\/wp-content\/uploads\/sites\/7\/2021\/11\/5bd06174eec06_ATAS_2010-1024x724.jpg 1024w, https:\/\/tatd.org.tr\/atab\/wp-content\/uploads\/sites\/7\/2021\/11\/5bd06174eec06_ATAS_2010-768x543.jpg 768w, https:\/\/tatd.org.tr\/atab\/wp-content\/uploads\/sites\/7\/2021\/11\/5bd06174eec06_ATAS_2010-891x630.jpg 891w, https:\/\/tatd.org.tr\/atab\/wp-content\/uploads\/sites\/7\/2021\/11\/5bd06174eec06_ATAS_2010.jpg 1527w\" sizes=\"(max-width: 300px) 100vw, 300px\" \/><\/figure><\/td><td>5. Acil T\u0131p Asistan Sempozyumu 2010<\/td><td>\u0130stanbul<\/td><td>3 Haziran 2010<br>6 Haziran 2010<\/td><td>Do\u00e7. Dr. Levent Av\u015faro\u011fullar\u0131<\/td><td><\/td><\/tr><tr><td><figure><img loading=\"lazy\" decoding=\"async\" class=\"alignnone size-full wp-image-2329\" src=\"https:\/\/tatd.org.tr\/atab\/wp-content\/uploads\/sites\/7\/2021\/11\/5bd061b5a6ee9_atas_2011.jpg\" alt=\"\" width=\"100\" height=\"143\"><\/figure><\/td><td>6. Acil T\u0131p Asistan Sempozyumu 2011<\/td><td>Antalya<\/td><td>2 Haziran 2011<br>5 Haziran 2011<\/td><td>Prof. Dr. Levent Av\u015faro\u011fullar\u0131<\/td><td>Dr. Alp Giray Ayd\u0131n<\/td><\/tr><tr><td><figure><img loading=\"lazy\" decoding=\"async\" class=\"alignnone size-full wp-image-2330\" src=\"https:\/\/tatd.org.tr\/atab\/wp-content\/uploads\/sites\/7\/2021\/11\/5bd061f8a7b0f_2012-nevsehir_atas.jpg\" alt=\"\" width=\"100\" height=\"143\"><\/figure><\/td><td>7. Acil T\u0131p Asistan Sempozyumu 2012<\/td><td>Nev\u015fehir<\/td><td>24 May\u0131s 2012<br>27 May\u0131s 2012<\/td><td>Prof. Dr. Levent Av\u015faro\u011fullar\u0131<\/td><td>Dr. Umut Ocak, Dr. Tayfun \u00d6zt\u00fcrk<\/td><\/tr><tr><td><figure><img loading=\"lazy\" decoding=\"async\" class=\"alignnone size-medium wp-image-2331\" src=\"https:\/\/tatd.org.tr\/atab\/wp-content\/uploads\/sites\/7\/2021\/11\/5bd0622f24b1c_atas_poster_rize-177x300.jpg\" alt=\"\" width=\"177\" height=\"300\" srcset=\"https:\/\/tatd.org.tr\/atab\/wp-content\/uploads\/sites\/7\/2021\/11\/5bd0622f24b1c_atas_poster_rize-177x300.jpg 177w, https:\/\/tatd.org.tr\/atab\/wp-content\/uploads\/sites\/7\/2021\/11\/5bd0622f24b1c_atas_poster_rize-372x630.jpg 372w, https:\/\/tatd.org.tr\/atab\/wp-content\/uploads\/sites\/7\/2021\/11\/5bd0622f24b1c_atas_poster_rize.jpg 500w\" sizes=\"(max-width: 177px) 100vw, 177px\" \/><\/figure><\/td><td>8. Acil T\u0131p Asistan Sempozyumu 2013<\/td><td>Rize<\/td><td>30 May\u0131s 2013<br>2 Haziran 2013<\/td><td>Prof. Dr. Levent Av\u015faro\u011fullar\u0131<\/td><td>Dr. Bar\u0131\u015f Giakoup<\/td><\/tr><tr><td><figure><img loading=\"lazy\" decoding=\"async\" class=\"alignnone size-medium wp-image-2332\" src=\"https:\/\/tatd.org.tr\/atab\/wp-content\/uploads\/sites\/7\/2021\/11\/5bd0625fab87e_ATAS_2014_izmir-300x214.jpg\" alt=\"\" width=\"300\" height=\"214\" srcset=\"https:\/\/tatd.org.tr\/atab\/wp-content\/uploads\/sites\/7\/2021\/11\/5bd0625fab87e_ATAS_2014_izmir-300x214.jpg 300w, https:\/\/tatd.org.tr\/atab\/wp-content\/uploads\/sites\/7\/2021\/11\/5bd0625fab87e_ATAS_2014_izmir.jpg 600w\" sizes=\"(max-width: 300px) 100vw, 300px\" \/><\/figure><\/td><td>9. Acil T\u0131p Asistan Sempozyumu 2014<\/td><td>\u0130zmir<\/td><td>27 May\u0131s 2014<br>1 Haziran 2014<\/td><td>Prof. Dr. Y\u0131ld\u0131ray \u00c7ete<\/td><td>Dr. Murat \u00c7etin<\/td><\/tr><tr><td><figure><img loading=\"lazy\" decoding=\"async\" class=\"alignnone size-medium wp-image-2333\" src=\"https:\/\/tatd.org.tr\/atab\/wp-content\/uploads\/sites\/7\/2021\/11\/5bd0628e55a7f_ATAS_2015_BURSA-300x215.jpg\" alt=\"\" width=\"300\" height=\"215\" srcset=\"https:\/\/tatd.org.tr\/atab\/wp-content\/uploads\/sites\/7\/2021\/11\/5bd0628e55a7f_ATAS_2015_BURSA-300x215.jpg 300w, https:\/\/tatd.org.tr\/atab\/wp-content\/uploads\/sites\/7\/2021\/11\/5bd0628e55a7f_ATAS_2015_BURSA-1024x735.jpg 1024w, https:\/\/tatd.org.tr\/atab\/wp-content\/uploads\/sites\/7\/2021\/11\/5bd0628e55a7f_ATAS_2015_BURSA-768x552.jpg 768w, https:\/\/tatd.org.tr\/atab\/wp-content\/uploads\/sites\/7\/2021\/11\/5bd0628e55a7f_ATAS_2015_BURSA-877x630.jpg 877w, https:\/\/tatd.org.tr\/atab\/wp-content\/uploads\/sites\/7\/2021\/11\/5bd0628e55a7f_ATAS_2015_BURSA.jpg 1100w\" sizes=\"(max-width: 300px) 100vw, 300px\" \/><\/figure><\/td><td>10. Acil T\u0131p Asistan Sempozyumu 2015<\/td><td>Bursa<\/td><td>20 May\u0131s 2015<br>24 May\u0131s 2015<\/td><td>Prof. Dr. Y\u0131ld\u0131ray \u00c7ete<\/td><td>Dr. Okan Ayd\u0131n<\/td><\/tr><tr><td><figure><img loading=\"lazy\" decoding=\"async\" class=\"alignnone size-medium wp-image-2335\" src=\"https:\/\/tatd.org.tr\/atab\/wp-content\/uploads\/sites\/7\/2021\/11\/5bd062bddc84e_ATAS_2016_Trabzon-213x300.jpg\" alt=\"\" width=\"213\" height=\"300\" srcset=\"https:\/\/tatd.org.tr\/atab\/wp-content\/uploads\/sites\/7\/2021\/11\/5bd062bddc84e_ATAS_2016_Trabzon-213x300.jpg 213w, https:\/\/tatd.org.tr\/atab\/wp-content\/uploads\/sites\/7\/2021\/11\/5bd062bddc84e_ATAS_2016_Trabzon-725x1024.jpg 725w, https:\/\/tatd.org.tr\/atab\/wp-content\/uploads\/sites\/7\/2021\/11\/5bd062bddc84e_ATAS_2016_Trabzon-446x630.jpg 446w, https:\/\/tatd.org.tr\/atab\/wp-content\/uploads\/sites\/7\/2021\/11\/5bd062bddc84e_ATAS_2016_Trabzon.jpg 765w\" sizes=\"(max-width: 213px) 100vw, 213px\" \/><\/figure><\/td><td>11. Acil T\u0131p Asistan Sempozyumu 2016<\/td><td>Trabzon<\/td><td>26 May\u0131s 2016<br>29 May\u0131s 2016<\/td><td>Prof. Dr. Y\u0131ld\u0131ray \u00c7ete<\/td><td>Dr. G\u00fcrkan Altunta\u015f<\/td><\/tr><tr><td><figure><img loading=\"lazy\" decoding=\"async\" class=\"alignnone size-medium wp-image-2334\" src=\"https:\/\/tatd.org.tr\/atab\/wp-content\/uploads\/sites\/7\/2021\/11\/5bd062f3b1704_Atas_2017_adana-215x300.png\" alt=\"\" width=\"215\" height=\"300\" srcset=\"https:\/\/tatd.org.tr\/atab\/wp-content\/uploads\/sites\/7\/2021\/11\/5bd062f3b1704_Atas_2017_adana-215x300.png 215w, https:\/\/tatd.org.tr\/atab\/wp-content\/uploads\/sites\/7\/2021\/11\/5bd062f3b1704_Atas_2017_adana-451x630.png 451w, https:\/\/tatd.org.tr\/atab\/wp-content\/uploads\/sites\/7\/2021\/11\/5bd062f3b1704_Atas_2017_adana.png 458w\" sizes=\"(max-width: 215px) 100vw, 215px\" \/><\/figure><\/td><td>12. Acil T\u0131p Asistan Sempozyumu 2017<\/td><td>Adana<\/td><td>5 May\u0131s 2017<br>7 May\u0131s 2017<\/td><td>Prof. Dr. Y\u0131ld\u0131ray \u00c7ete<\/td><td>Dr.G\u00f6khan Sa\u011flamol, Dr.Samet \u00d6cel<\/td><\/tr><tr><td><figure><img loading=\"lazy\" decoding=\"async\" class=\"alignnone size-medium wp-image-2336\" src=\"https:\/\/tatd.org.tr\/atab\/wp-content\/uploads\/sites\/7\/2021\/11\/ATAS-2018-240x300.jpg\" alt=\"\" width=\"240\" height=\"300\" srcset=\"https:\/\/tatd.org.tr\/atab\/wp-content\/uploads\/sites\/7\/2021\/11\/ATAS-2018-240x300.jpg 240w, https:\/\/tatd.org.tr\/atab\/wp-content\/uploads\/sites\/7\/2021\/11\/ATAS-2018-819x1024.jpg 819w, https:\/\/tatd.org.tr\/atab\/wp-content\/uploads\/sites\/7\/2021\/11\/ATAS-2018-768x960.jpg 768w, https:\/\/tatd.org.tr\/atab\/wp-content\/uploads\/sites\/7\/2021\/11\/ATAS-2018-504x630.jpg 504w, https:\/\/tatd.org.tr\/atab\/wp-content\/uploads\/sites\/7\/2021\/11\/ATAS-2018.jpg 864w\" sizes=\"(max-width: 240px) 100vw, 240px\" \/><\/figure><\/td><td>13. Acil T\u0131p Asistan Sempozyumu 2018<\/td><td>Kocaeli<\/td><td>3 May\u0131s 2018<br>6 May\u0131s 2018<\/td><td>Prof. Dr. Ersin Aksay<\/td><td>Dr. \u0130. Ula\u015f \u00d6zturan<\/td><\/tr><tr><td><figure><img loading=\"lazy\" decoding=\"async\" class=\"alignnone size-medium wp-image-2337\" src=\"https:\/\/tatd.org.tr\/atab\/wp-content\/uploads\/sites\/7\/2021\/11\/ATAS-2019-212x300.jpg\" alt=\"\" width=\"212\" height=\"300\" srcset=\"https:\/\/tatd.org.tr\/atab\/wp-content\/uploads\/sites\/7\/2021\/11\/ATAS-2019-212x300.jpg 212w, https:\/\/tatd.org.tr\/atab\/wp-content\/uploads\/sites\/7\/2021\/11\/ATAS-2019-724x1024.jpg 724w, https:\/\/tatd.org.tr\/atab\/wp-content\/uploads\/sites\/7\/2021\/11\/ATAS-2019-446x630.jpg 446w, https:\/\/tatd.org.tr\/atab\/wp-content\/uploads\/sites\/7\/2021\/11\/ATAS-2019.jpg 764w\" sizes=\"(max-width: 212px) 100vw, 212px\" \/><\/figure><\/td><td>14. Acil T\u0131p Asistan Sempozyumu 2019<\/td><td>Diyarbak\u0131r<\/td><td>18 Nisan 2019<br>21 Nisan 2019<\/td><td>Prof. Dr. Ersin Aksay<\/td><td>Dr. Ramazan Yi\u011fit<\/td><\/tr><tr><td><figure><img loading=\"lazy\" decoding=\"async\" class=\"alignnone size-medium wp-image-2747\" src=\"https:\/\/tatd.org.tr\/atab\/wp-content\/uploads\/sites\/7\/2022\/10\/13b0a592a9680bdff82ea2d42aa315fb-300x300.jpg\" alt=\"\" width=\"300\" height=\"300\" srcset=\"https:\/\/tatd.org.tr\/atab\/wp-content\/uploads\/sites\/7\/2022\/10\/13b0a592a9680bdff82ea2d42aa315fb-300x300.jpg 300w, https:\/\/tatd.org.tr\/atab\/wp-content\/uploads\/sites\/7\/2022\/10\/13b0a592a9680bdff82ea2d42aa315fb-150x150.jpg 150w, https:\/\/tatd.org.tr\/atab\/wp-content\/uploads\/sites\/7\/2022\/10\/13b0a592a9680bdff82ea2d42aa315fb-768x768.jpg 768w, https:\/\/tatd.org.tr\/atab\/wp-content\/uploads\/sites\/7\/2022\/10\/13b0a592a9680bdff82ea2d42aa315fb-630x630.jpg 630w, https:\/\/tatd.org.tr\/atab\/wp-content\/uploads\/sites\/7\/2022\/10\/13b0a592a9680bdff82ea2d42aa315fb.jpg 1000w\" sizes=\"(max-width: 300px) 100vw, 300px\" \/><\/figure><\/td><td>16. Acil T\u0131p Asistan Sempozyumu 2020<\/td><td>Online<\/td><td>22 May\u0131s 2021<br>23 May\u0131s 2021<\/td><td>Prof. Dr. S\u00fcleyman T\u00fcredi<\/td><td>Dr. Zafer Be\u015fer<\/td><\/tr><tr><td><figure><img loading=\"lazy\" decoding=\"async\" class=\"alignnone size-medium wp-image-2748\" src=\"https:\/\/tatd.org.tr\/atab\/wp-content\/uploads\/sites\/7\/2022\/10\/0f6991da1943e2a4c54fe316d169fbfb-300x225.png\" alt=\"\" width=\"300\" height=\"225\" srcset=\"https:\/\/tatd.org.tr\/atab\/wp-content\/uploads\/sites\/7\/2022\/10\/0f6991da1943e2a4c54fe316d169fbfb-300x225.png 300w, https:\/\/tatd.org.tr\/atab\/wp-content\/uploads\/sites\/7\/2022\/10\/0f6991da1943e2a4c54fe316d169fbfb-768x576.png 768w, https:\/\/tatd.org.tr\/atab\/wp-content\/uploads\/sites\/7\/2022\/10\/0f6991da1943e2a4c54fe316d169fbfb-840x630.png 840w, https:\/\/tatd.org.tr\/atab\/wp-content\/uploads\/sites\/7\/2022\/10\/0f6991da1943e2a4c54fe316d169fbfb.png 1024w\" sizes=\"(max-width: 300px) 100vw, 300px\" \/><\/figure><\/td><td>15. Acil T\u0131p Asistan Sempozyumu 2021<\/td><td>\u0130zmir<\/td><td>12 May\u0131s 2022<br>15 May\u0131s 2022<\/td><td>Prof. Dr. Serkan Y\u0131lmaz<\/td><td>Dr. Ay\u015feg\u00fcl Kaymak\u00e7\u0131<\/td><\/tr><tr><td><img decoding=\"async\" src=\"https:\/\/tatd.org.tr\/atab\/wp-content\/uploads\/sites\/7\/2023\/11\/b54e27b8d9685c996425fc20bf326d92-1024x1024.png\" alt=\"Bu g\u00f6rsel bo\u015f bir alt niteli\u011fe sahip; dosya ad\u0131 b54e27b8d9685c996425fc20bf326d92-1024x1024.png\"><\/td><td>16.Acil T\u0131p Asistan Sempozyumu<\/td><td>\u0130stanbul<\/td><td>8 May\u0131s 2023<br>11 May\u0131s 2023<\/td><td>Prof. Dr. Serkan Y\u0131lmaz<\/td><td>Dr.Furkan Yak\u0131n<\/td><\/tr><tr><td><img loading=\"lazy\" decoding=\"async\" width=\"1491\" height=\"2110\" class=\"wp-image-2863\" style=\"width: 150px\" src=\"https:\/\/tatd.org.tr\/atab\/wp-content\/uploads\/sites\/7\/2024\/04\/b7589385533d87e1c1edeaeac1bea7dc.png\" alt=\"\" srcset=\"https:\/\/tatd.org.tr\/atab\/wp-content\/uploads\/sites\/7\/2024\/04\/b7589385533d87e1c1edeaeac1bea7dc.png 1491w, https:\/\/tatd.org.tr\/atab\/wp-content\/uploads\/sites\/7\/2024\/04\/b7589385533d87e1c1edeaeac1bea7dc-212x300.png 212w, https:\/\/tatd.org.tr\/atab\/wp-content\/uploads\/sites\/7\/2024\/04\/b7589385533d87e1c1edeaeac1bea7dc-724x1024.png 724w, https:\/\/tatd.org.tr\/atab\/wp-content\/uploads\/sites\/7\/2024\/04\/b7589385533d87e1c1edeaeac1bea7dc-768x1087.png 768w, https:\/\/tatd.org.tr\/atab\/wp-content\/uploads\/sites\/7\/2024\/04\/b7589385533d87e1c1edeaeac1bea7dc-1085x1536.png 1085w, https:\/\/tatd.org.tr\/atab\/wp-content\/uploads\/sites\/7\/2024\/04\/b7589385533d87e1c1edeaeac1bea7dc-1447x2048.png 1447w, https:\/\/tatd.org.tr\/atab\/wp-content\/uploads\/sites\/7\/2024\/04\/b7589385533d87e1c1edeaeac1bea7dc-445x630.png 445w\" sizes=\"(max-width: 1491px) 100vw, 1491px\" \/><\/td><td>17. Acil T\u0131p Asistan Sempozyumu 2024<\/td><td>Samsun<\/td><td>23 May\u0131s 2024<br>26 May\u0131s 2024<\/td><td>Do\u00e7.Dr.B\u00fclent ERB\u0130L<\/td><td>Dr.M. Ra\u015fit KILI\u00c7<\/td><\/tr><tr><td><img loading=\"lazy\" decoding=\"async\" width=\"2048\" height=\"2560\" class=\"wp-image-3366\" style=\"width: 150px\" src=\"https:\/\/tatd.org.tr\/atab\/wp-content\/uploads\/sites\/7\/2026\/01\/atas-2025.jpg\" alt=\"\" srcset=\"https:\/\/tatd.org.tr\/atab\/wp-content\/uploads\/sites\/7\/2026\/01\/atas-2025.jpg 2048w, https:\/\/tatd.org.tr\/atab\/wp-content\/uploads\/sites\/7\/2026\/01\/atas-2025-240x300.jpg 240w, https:\/\/tatd.org.tr\/atab\/wp-content\/uploads\/sites\/7\/2026\/01\/atas-2025-819x1024.jpg 819w, https:\/\/tatd.org.tr\/atab\/wp-content\/uploads\/sites\/7\/2026\/01\/atas-2025-768x960.jpg 768w, https:\/\/tatd.org.tr\/atab\/wp-content\/uploads\/sites\/7\/2026\/01\/atas-2025-1229x1536.jpg 1229w, https:\/\/tatd.org.tr\/atab\/wp-content\/uploads\/sites\/7\/2026\/01\/atas-2025-1638x2048.jpg 1638w, https:\/\/tatd.org.tr\/atab\/wp-content\/uploads\/sites\/7\/2026\/01\/atas-2025-1920x2400.jpg 1920w, https:\/\/tatd.org.tr\/atab\/wp-content\/uploads\/sites\/7\/2026\/01\/atas-2025-1170x1463.jpg 1170w, https:\/\/tatd.org.tr\/atab\/wp-content\/uploads\/sites\/7\/2026\/01\/atas-2025-585x731.jpg 585w\" sizes=\"(max-width: 2048px) 100vw, 2048px\" \/><\/td><td>18. Acil T\u0131p Asistan Sempozyumu 2025<\/td><td>Ayd\u0131n<\/td><td>22 May\u0131s 2025<br>25 May\u0131s 2025<\/td><td>Do\u00e7.Dr.B\u00fclent ERB\u0130L<\/td><td>Dr.Hamdi UYAR<\/td><\/tr><tr><td><img loading=\"lazy\" decoding=\"async\" width=\"1704\" height=\"2560\" class=\"wp-image-3367\" style=\"width: 150px\" src=\"https:\/\/tatd.org.tr\/atab\/wp-content\/uploads\/sites\/7\/2026\/01\/atas-2026-scaled.jpg\" alt=\"\" srcset=\"https:\/\/tatd.org.tr\/atab\/wp-content\/uploads\/sites\/7\/2026\/01\/atas-2026-scaled.jpg 1704w, https:\/\/tatd.org.tr\/atab\/wp-content\/uploads\/sites\/7\/2026\/01\/atas-2026-200x300.jpg 200w, https:\/\/tatd.org.tr\/atab\/wp-content\/uploads\/sites\/7\/2026\/01\/atas-2026-682x1024.jpg 682w, https:\/\/tatd.org.tr\/atab\/wp-content\/uploads\/sites\/7\/2026\/01\/atas-2026-768x1154.jpg 768w, https:\/\/tatd.org.tr\/atab\/wp-content\/uploads\/sites\/7\/2026\/01\/atas-2026-1023x1536.jpg 1023w, https:\/\/tatd.org.tr\/atab\/wp-content\/uploads\/sites\/7\/2026\/01\/atas-2026-1363x2048.jpg 1363w, https:\/\/tatd.org.tr\/atab\/wp-content\/uploads\/sites\/7\/2026\/01\/atas-2026-1170x1757.jpg 1170w, https:\/\/tatd.org.tr\/atab\/wp-content\/uploads\/sites\/7\/2026\/01\/atas-2026-585x879.jpg 585w\" sizes=\"(max-width: 1704px) 100vw, 1704px\" \/><\/td><td>19. Acil T\u0131p Sempozyumu 2026<\/td><td>Antalya<\/td><td>14 May\u0131s 2026<br>17 May\u0131s 2026<\/td><td>Prof.Dr.B\u00fclent ERB\u0130L<\/td><td>Dr.Nuran Bahar AKG\u00d6L<\/td><\/tr><\/tbody><\/table><\/div><\/figure>\n\n\n\n<p><\/p>\n<\/div>\n<\/div>\n<\/div>\n<\/div>\n\n\n\n<p><\/p>\n","protected":false},"excerpt":{"rendered":"<p>Acil t\u0131p, ATAS (Acil T\u0131p Asistan Sempozyumu) ile \u00fclkemizde kendi bran\u015f\u0131ndaki t\u0131pta uzmanl\u0131k \u00f6\u011frencileri ad\u0131na sempozyum yapan ilk ve tek bran\u015ft\u0131r. \u0130lk&hellip;<\/p>\n","protected":false},"author":1599,"featured_media":0,"parent":2641,"menu_order":0,"comment_status":"closed","ping_status":"closed","template":"","meta":{"_acf_changed":false,"inline_featured_image":false,"_lmt_disableupdate":"","_lmt_disable":"","footnotes":""},"class_list":["post-1550","page","type-page","status-publish","hentry"],"acf":[],"_links":{"self":[{"href":"https:\/\/tatd.org.tr\/atab\/wp-json\/wp\/v2\/pages\/1550","targetHints":{"allow":["GET"]}}],"collection":[{"href":"https:\/\/tatd.org.tr\/atab\/wp-json\/wp\/v2\/pages"}],"about":[{"href":"https:\/\/tatd.org.tr\/atab\/wp-json\/wp\/v2\/types\/page"}],"author":[{"embeddable":true,"href":"https:\/\/tatd.org.tr\/atab\/wp-json\/wp\/v2\/users\/1599"}],"replies":[{"embeddable":true,"href":"https:\/\/tatd.org.tr\/atab\/wp-json\/wp\/v2\/comments?post=1550"}],"version-history":[{"count":0,"href":"https:\/\/tatd.org.tr\/atab\/wp-json\/wp\/v2\/pages\/1550\/revisions"}],"up":[{"embeddable":true,"href":"https:\/\/tatd.org.tr\/atab\/wp-json\/wp\/v2\/pages\/2641"}],"wp:attachment":[{"href":"https:\/\/tatd.org.tr\/atab\/wp-json\/wp\/v2\/media?parent=1550"}],"curies":[{"name":"wp","href":"https:\/\/api.w.org\/{rel}","templated":true}]}}