{"id":1496,"date":"2021-10-19T18:39:24","date_gmt":"2021-10-19T15:39:24","guid":{"rendered":"https:\/\/tatd.org.tr\/atab\/?page_id=1496"},"modified":"2021-10-19T18:39:24","modified_gmt":"2021-10-19T15:39:24","slug":"atab-1-yurutme-kurulu","status":"publish","type":"page","link":"https:\/\/tatd.org.tr\/atab\/hakkimizda\/kurullar\/atab-yurutme-kurullari\/atab-1-yurutme-kurulu\/","title":{"rendered":"ATAB 1. Y\u00fcr\u00fctme Kurulu (2008 &#8211; )"},"content":{"rendered":"<p>ATAB 1. YK g\u00f6rev s\u00fcresi 2008 &#8211; XXX aras\u0131nda ger\u00e7ekle\u015fmi\u015ftir.<\/p>\n<div class=\"pcrstb-wrap\"><table style=\"border-collapse: collapse;width: 100%\" border=\"1\">\n<tbody>\n<tr style=\"height: 24px\">\n<td style=\"width: 50%;height: 24px\"><strong>YK Ba\u015fkan<\/strong><\/td>\n<td style=\"width: 50%;height: 24px\">\u00d6zg\u00fcr \u00c7evrim<\/td>\n<\/tr>\n<tr style=\"height: 24px\">\n<td style=\"width: 50%;height: 24px\"><strong>YK Ba\u015fkan Yard\u0131mc\u0131s\u0131<\/strong><\/td>\n<td style=\"width: 50%;height: 24px\">S\u0131la \u015ead\u0131ll\u0131o\u011flu<\/td>\n<\/tr>\n<tr style=\"height: 24px\">\n<td style=\"width: 50%;height: 24px\"><strong>YK Genel Sekreter<\/strong><\/td>\n<td style=\"width: 50%;height: 24px\">Tu\u011frul Zeytin<\/td>\n<\/tr>\n<tr style=\"height: 29px\">\n<td style=\"width: 50%;height: 29px\"><\/td>\n<td style=\"width: 50%;height: 29px\">Y\u0131lmaz Ayd\u0131n<\/td>\n<\/tr>\n<tr style=\"height: 24px\">\n<td style=\"width: 50%;height: 24px\"><\/td>\n<td style=\"width: 50%;height: 24px\">Mustafa \u0130pek<\/td>\n<\/tr>\n<tr style=\"height: 24px\">\n<td style=\"width: 50%;height: 24px\"><\/td>\n<td style=\"width: 50%;height: 24px\">Nihat Ak<\/td>\n<\/tr>\n<tr style=\"height: 24px\">\n<td style=\"width: 50%;height: 24px\"><\/td>\n<td style=\"width: 50%;height: 24px\"><\/td>\n<\/tr>\n<tr style=\"height: 24px\">\n<td style=\"width: 50%;height: 24px\"><\/td>\n<td style=\"width: 50%;height: 24px\"><\/td>\n<\/tr>\n<tr style=\"height: 24px\">\n<td style=\"width: 50%;height: 24px\"><\/td>\n<td style=\"width: 50%;height: 24px\"><\/td>\n<\/tr>\n<tr style=\"height: 20px\">\n<td style=\"width: 50%;height: 20px\"><\/td>\n<td style=\"width: 50%;height: 20px\"><\/td>\n<\/tr>\n<tr style=\"height: 24px\">\n<td style=\"width: 50%;height: 24px\"><\/td>\n<td style=\"width: 50%;height: 24px\"><\/td>\n<\/tr>\n<\/tbody>\n<\/table><\/div>\n","protected":false},"excerpt":{"rendered":"<p>ATAB 1. YK g\u00f6rev s\u00fcresi 2008 &#8211; XXX aras\u0131nda ger\u00e7ekle\u015fmi\u015ftir. YK Ba\u015fkan \u00d6zg\u00fcr \u00c7evrim YK Ba\u015fkan Yard\u0131mc\u0131s\u0131 S\u0131la \u015ead\u0131ll\u0131o\u011flu YK Genel Sekreter&hellip;<\/p>\n","protected":false},"author":1599,"featured_media":0,"parent":1465,"menu_order":24,"comment_status":"closed","ping_status":"closed","template":"","meta":{"_acf_changed":false,"inline_featured_image":false,"_lmt_disableupdate":"","_lmt_disable":"","footnotes":""},"class_list":["post-1496","page","type-page","status-publish","hentry"],"acf":[],"_links":{"self":[{"href":"https:\/\/tatd.org.tr\/atab\/wp-json\/wp\/v2\/pages\/1496","targetHints":{"allow":["GET"]}}],"collection":[{"href":"https:\/\/tatd.org.tr\/atab\/wp-json\/wp\/v2\/pages"}],"about":[{"href":"https:\/\/tatd.org.tr\/atab\/wp-json\/wp\/v2\/types\/page"}],"author":[{"embeddable":true,"href":"https:\/\/tatd.org.tr\/atab\/wp-json\/wp\/v2\/users\/1599"}],"replies":[{"embeddable":true,"href":"https:\/\/tatd.org.tr\/atab\/wp-json\/wp\/v2\/comments?post=1496"}],"version-history":[{"count":0,"href":"https:\/\/tatd.org.tr\/atab\/wp-json\/wp\/v2\/pages\/1496\/revisions"}],"up":[{"embeddable":true,"href":"https:\/\/tatd.org.tr\/atab\/wp-json\/wp\/v2\/pages\/1465"}],"wp:attachment":[{"href":"https:\/\/tatd.org.tr\/atab\/wp-json\/wp\/v2\/media?parent=1496"}],"curies":[{"name":"wp","href":"https:\/\/api.w.org\/{rel}","templated":true}]}}