{"id":1487,"date":"2021-10-19T18:38:06","date_gmt":"2021-10-19T15:38:06","guid":{"rendered":"https:\/\/tatd.org.tr\/atab\/?page_id=1487"},"modified":"2021-10-19T18:38:06","modified_gmt":"2021-10-19T15:38:06","slug":"atab-5-yurutme-kurulu","status":"publish","type":"page","link":"https:\/\/tatd.org.tr\/atab\/hakkimizda\/kurullar\/atab-yurutme-kurullari\/atab-5-yurutme-kurulu\/","title":{"rendered":"ATAB 4. Y\u00fcr\u00fctme Kurulu"},"content":{"rendered":"<p>ATAB 4. YK g\u00f6rev s\u00fcresi XXX &#8211; XXX aras\u0131nda ger\u00e7ekle\u015fmi\u015ftir.<\/p>\n<div class=\"pcrstb-wrap\"><table style=\"border-collapse: collapse;width: 100%\" border=\"1\">\n<tbody>\n<tr style=\"height: 24px\">\n<td style=\"width: 50%;height: 24px\"><strong>YK Ba\u015fkan<\/strong><\/td>\n<td style=\"width: 50%;height: 24px\">Elif Dilek \u00c7akal<\/td>\n<\/tr>\n<tr style=\"height: 24px\">\n<td style=\"width: 50%;height: 24px\"><strong>YK Ba\u015fkan Yard\u0131mc\u0131s\u0131<\/strong><\/td>\n<td style=\"width: 50%;height: 24px\">Ezgi \u015eeker Eren<\/td>\n<\/tr>\n<tr style=\"height: 24px\">\n<td style=\"width: 50%;height: 24px\"><strong>YK Genel Sekreter<\/strong><\/td>\n<td style=\"width: 50%;height: 24px\">Bulut Demirel<\/td>\n<\/tr>\n<tr style=\"height: 29px\">\n<td style=\"width: 50%;height: 29px\"><\/td>\n<td style=\"width: 50%;height: 29px\">Mehmet Fatih Kor\u00e7ak<\/td>\n<\/tr>\n<tr style=\"height: 24px\">\n<td style=\"width: 50%;height: 24px\"><\/td>\n<td style=\"width: 50%;height: 24px\">Mustafa Emin \u00c7anak\u00e7\u0131<\/td>\n<\/tr>\n<tr style=\"height: 24px\">\n<td style=\"width: 50%;height: 24px\"><\/td>\n<td style=\"width: 50%;height: 24px\">Okan Ayd\u0131n<\/td>\n<\/tr>\n<tr style=\"height: 24px\">\n<td style=\"width: 50%;height: 24px\"><\/td>\n<td style=\"width: 50%;height: 24px\">\u00d6nc\u00fc Sancak<\/td>\n<\/tr>\n<tr style=\"height: 24px\">\n<td style=\"width: 50%;height: 24px\"><\/td>\n<td style=\"width: 50%;height: 24px\">Salahi Engin<\/td>\n<\/tr>\n<tr style=\"height: 24px\">\n<td style=\"width: 50%;height: 24px\"><\/td>\n<td style=\"width: 50%;height: 24px\">Sezer E\u015ffer<\/td>\n<\/tr>\n<tr style=\"height: 20px\">\n<td style=\"width: 50%;height: 20px\"><\/td>\n<td style=\"width: 50%;height: 20px\"><\/td>\n<\/tr>\n<tr style=\"height: 24px\">\n<td style=\"width: 50%;height: 24px\"><\/td>\n<td style=\"width: 50%;height: 24px\"><\/td>\n<\/tr>\n<\/tbody>\n<\/table><\/div>\n","protected":false},"excerpt":{"rendered":"<p>ATAB 4. YK g\u00f6rev s\u00fcresi XXX &#8211; XXX aras\u0131nda ger\u00e7ekle\u015fmi\u015ftir. YK Ba\u015fkan Elif Dilek \u00c7akal YK Ba\u015fkan Yard\u0131mc\u0131s\u0131 Ezgi \u015eeker Eren YK&hellip;<\/p>\n","protected":false},"author":1599,"featured_media":0,"parent":1465,"menu_order":12,"comment_status":"closed","ping_status":"closed","template":"","meta":{"_acf_changed":false,"inline_featured_image":false,"_lmt_disableupdate":"","_lmt_disable":"","footnotes":""},"class_list":["post-1487","page","type-page","status-publish","hentry"],"acf":[],"_links":{"self":[{"href":"https:\/\/tatd.org.tr\/atab\/wp-json\/wp\/v2\/pages\/1487","targetHints":{"allow":["GET"]}}],"collection":[{"href":"https:\/\/tatd.org.tr\/atab\/wp-json\/wp\/v2\/pages"}],"about":[{"href":"https:\/\/tatd.org.tr\/atab\/wp-json\/wp\/v2\/types\/page"}],"author":[{"embeddable":true,"href":"https:\/\/tatd.org.tr\/atab\/wp-json\/wp\/v2\/users\/1599"}],"replies":[{"embeddable":true,"href":"https:\/\/tatd.org.tr\/atab\/wp-json\/wp\/v2\/comments?post=1487"}],"version-history":[{"count":0,"href":"https:\/\/tatd.org.tr\/atab\/wp-json\/wp\/v2\/pages\/1487\/revisions"}],"up":[{"embeddable":true,"href":"https:\/\/tatd.org.tr\/atab\/wp-json\/wp\/v2\/pages\/1465"}],"wp:attachment":[{"href":"https:\/\/tatd.org.tr\/atab\/wp-json\/wp\/v2\/media?parent=1487"}],"curies":[{"name":"wp","href":"https:\/\/api.w.org\/{rel}","templated":true}]}}