{"id":1485,"date":"2021-10-19T18:37:47","date_gmt":"2021-10-19T15:37:47","guid":{"rendered":"https:\/\/tatd.org.tr\/atab\/?page_id=1485"},"modified":"2021-10-19T18:37:47","modified_gmt":"2021-10-19T15:37:47","slug":"atab-6-yurutme-kurulu","status":"publish","type":"page","link":"https:\/\/tatd.org.tr\/atab\/hakkimizda\/kurullar\/atab-yurutme-kurullari\/atab-6-yurutme-kurulu\/","title":{"rendered":"ATAB 6. Y\u00fcr\u00fctme Kurulu (2016-2018)"},"content":{"rendered":"<p>ATAB 6. YK g\u00f6rev s\u00fcresi 29 May\u0131s 2016-6 May\u0131s 2018 aras\u0131nda ger\u00e7ekle\u015fmi\u015ftir.<\/p>\n<div class=\"pcrstb-wrap\"><table style=\"border-collapse: collapse;width: 100%\" border=\"1\">\n<tbody>\n<tr style=\"height: 24px\">\n<td style=\"width: 50%;height: 24px\"><strong>YK Ba\u015fkan<\/strong><\/td>\n<td style=\"width: 50%;height: 24px\">G\u00fcltekin Kad\u0131<\/td>\n<\/tr>\n<tr style=\"height: 24px\">\n<td style=\"width: 50%;height: 24px\"><strong>YK Ba\u015fkan Yard\u0131mc\u0131s\u0131<\/strong><\/td>\n<td style=\"width: 50%;height: 24px\">Necip G\u00f6khan G\u00fcner<\/td>\n<\/tr>\n<tr style=\"height: 24px\">\n<td style=\"width: 50%;height: 24px\"><strong>YK Genel Sekreter<\/strong><\/td>\n<td style=\"width: 50%;height: 24px\">Altu\u011f Kanbakan<\/td>\n<\/tr>\n<tr style=\"height: 29px\">\n<td style=\"width: 50%;height: 29px\"><\/td>\n<td style=\"width: 50%;height: 29px\">M\u00fcmin Murat Yaz\u0131c\u0131<\/td>\n<\/tr>\n<tr style=\"height: 24px\">\n<td style=\"width: 50%;height: 24px\"><\/td>\n<td style=\"width: 50%;height: 24px\">Samet \u00d6cel<\/td>\n<\/tr>\n<tr style=\"height: 24px\">\n<td style=\"width: 50%;height: 24px\"><\/td>\n<td style=\"width: 50%;height: 24px\">B\u00fc\u015fra \u0130htiyar<\/td>\n<\/tr>\n<tr style=\"height: 24px\">\n<td style=\"width: 50%;height: 24px\"><\/td>\n<td style=\"width: 50%;height: 24px\">\u015eebnem \u015eakar<\/td>\n<\/tr>\n<tr style=\"height: 24px\">\n<td style=\"width: 50%;height: 24px\"><\/td>\n<td style=\"width: 50%;height: 24px\">Muhammet Fatih Be\u015fer<\/td>\n<\/tr>\n<tr style=\"height: 24px\">\n<td style=\"width: 50%;height: 24px\"><\/td>\n<td style=\"width: 50%;height: 24px\">Esra G\u00fcnalp<\/td>\n<\/tr>\n<tr style=\"height: 20px\">\n<td style=\"width: 50%;height: 20px\"><\/td>\n<td style=\"width: 50%;height: 20px\">Halil \u00d6lmez<\/td>\n<\/tr>\n<tr style=\"height: 24px\">\n<td style=\"width: 50%;height: 24px\"><\/td>\n<td style=\"width: 50%;height: 24px\">Burak Solgun<\/td>\n<\/tr>\n<\/tbody>\n<\/table><\/div>\n","protected":false},"excerpt":{"rendered":"<p>ATAB 6. YK g\u00f6rev s\u00fcresi 29 May\u0131s 2016-6 May\u0131s 2018 aras\u0131nda ger\u00e7ekle\u015fmi\u015ftir. YK Ba\u015fkan G\u00fcltekin Kad\u0131 YK Ba\u015fkan Yard\u0131mc\u0131s\u0131 Necip G\u00f6khan G\u00fcner&hellip;<\/p>\n","protected":false},"author":1599,"featured_media":0,"parent":1465,"menu_order":10,"comment_status":"closed","ping_status":"closed","template":"","meta":{"_acf_changed":false,"inline_featured_image":false,"_lmt_disableupdate":"","_lmt_disable":"","footnotes":""},"class_list":["post-1485","page","type-page","status-publish","hentry"],"acf":[],"_links":{"self":[{"href":"https:\/\/tatd.org.tr\/atab\/wp-json\/wp\/v2\/pages\/1485","targetHints":{"allow":["GET"]}}],"collection":[{"href":"https:\/\/tatd.org.tr\/atab\/wp-json\/wp\/v2\/pages"}],"about":[{"href":"https:\/\/tatd.org.tr\/atab\/wp-json\/wp\/v2\/types\/page"}],"author":[{"embeddable":true,"href":"https:\/\/tatd.org.tr\/atab\/wp-json\/wp\/v2\/users\/1599"}],"replies":[{"embeddable":true,"href":"https:\/\/tatd.org.tr\/atab\/wp-json\/wp\/v2\/comments?post=1485"}],"version-history":[{"count":0,"href":"https:\/\/tatd.org.tr\/atab\/wp-json\/wp\/v2\/pages\/1485\/revisions"}],"up":[{"embeddable":true,"href":"https:\/\/tatd.org.tr\/atab\/wp-json\/wp\/v2\/pages\/1465"}],"wp:attachment":[{"href":"https:\/\/tatd.org.tr\/atab\/wp-json\/wp\/v2\/media?parent=1485"}],"curies":[{"name":"wp","href":"https:\/\/api.w.org\/{rel}","templated":true}]}}