{"id":1483,"date":"2021-10-19T18:37:17","date_gmt":"2021-10-19T15:37:17","guid":{"rendered":"https:\/\/tatd.org.tr\/atab\/?page_id=1483"},"modified":"2021-10-19T18:37:17","modified_gmt":"2021-10-19T15:37:17","slug":"atab-7-yurutme-kurulu","status":"publish","type":"page","link":"https:\/\/tatd.org.tr\/atab\/hakkimizda\/kurullar\/atab-yurutme-kurullari\/atab-7-yurutme-kurulu\/","title":{"rendered":"ATAB 7. Y\u00fcr\u00fctme Kurulu (2018-2021)"},"content":{"rendered":"<p>ATAB 7. YK g\u00f6rev s\u00fcresi 6 May\u0131s 2018 &#8211; 23 May\u0131s 2021 aras\u0131nda ger\u00e7ekle\u015fmi\u015ftir.<\/p>\n<div class=\"pcrstb-wrap\"><table style=\"border-collapse: collapse;width: 100%\" border=\"1\">\n<tbody>\n<tr>\n<td style=\"width: 16.1417%\"><strong>YK Ba\u015fkan\u0131<\/strong><\/td>\n<td style=\"width: 24.1379%\" width=\"156\">Zafer BE\u015eER<\/td>\n<\/tr>\n<tr>\n<td style=\"width: 16.1417%\"><strong>YK Ba\u015fkan Yard\u0131mc\u0131s\u0131<\/strong><\/td>\n<td style=\"width: 24.1379%\" width=\"156\">Burcu YILMAZ<\/td>\n<\/tr>\n<tr>\n<td style=\"width: 16.1417%\"><strong>YK Sekreteri<\/strong><\/td>\n<td style=\"width: 24.1379%\" width=\"156\">Altu\u011f KANBAKAN<\/td>\n<\/tr>\n<tr>\n<td style=\"width: 16.1417%\"><strong>\u00a0<\/strong><\/td>\n<td style=\"width: 24.1379%\" width=\"156\">M\u00fcge ASLAN<\/td>\n<\/tr>\n<tr>\n<td style=\"width: 16.1417%\"><strong>\u00a0<\/strong><\/td>\n<td style=\"width: 24.1379%\" width=\"156\">R\u0131dvan ALGAN<\/td>\n<\/tr>\n<tr>\n<td style=\"width: 16.1417%\"><strong>\u00a0<\/strong><\/td>\n<td style=\"width: 24.1379%\" width=\"156\">\u00c7a\u011flar KUAS<\/td>\n<\/tr>\n<tr>\n<td style=\"width: 16.1417%\"><strong>\u00a0<\/strong><\/td>\n<td style=\"width: 24.1379%\" width=\"156\">Halil \u00d6LMEZ<\/td>\n<\/tr>\n<tr>\n<td style=\"width: 16.1417%\"><strong>\u00a0<\/strong><\/td>\n<td style=\"width: 24.1379%\" width=\"156\">Hakan \u00d6ZEROL<\/td>\n<\/tr>\n<tr>\n<td style=\"width: 16.1417%\"><strong>\u00a0<\/strong><\/td>\n<td style=\"width: 24.1379%\" width=\"156\">B\u00fc\u015fra SAPMAZ<\/td>\n<\/tr>\n<tr>\n<td style=\"width: 16.1417%\"><strong>\u00a0<\/strong><\/td>\n<td style=\"width: 24.1379%\" width=\"156\">\u00d6mer TA\u015eKIN<\/td>\n<\/tr>\n<tr>\n<td style=\"width: 16.1417%\"><strong>\u00a0<\/strong><\/td>\n<td style=\"width: 24.1379%\" width=\"156\">Furkan YALDIZKAYA<\/td>\n<\/tr>\n<tr>\n<td style=\"width: 16.1417%\"><strong>\u00a0<\/strong><\/td>\n<td style=\"width: 24.1379%\" width=\"156\">Melek C\u0130R\u0130K<\/td>\n<\/tr>\n<\/tbody>\n<\/table><\/div>\n<p>&nbsp;<\/p>\n","protected":false},"excerpt":{"rendered":"<p>ATAB 7. YK g\u00f6rev s\u00fcresi 6 May\u0131s 2018 &#8211; 23 May\u0131s 2021 aras\u0131nda ger\u00e7ekle\u015fmi\u015ftir. YK Ba\u015fkan\u0131 Zafer BE\u015eER YK Ba\u015fkan Yard\u0131mc\u0131s\u0131 Burcu&hellip;<\/p>\n","protected":false},"author":1599,"featured_media":0,"parent":1465,"menu_order":9,"comment_status":"closed","ping_status":"closed","template":"","meta":{"_acf_changed":false,"inline_featured_image":false,"_lmt_disableupdate":"","_lmt_disable":"","footnotes":""},"class_list":["post-1483","page","type-page","status-publish","hentry"],"acf":[],"_links":{"self":[{"href":"https:\/\/tatd.org.tr\/atab\/wp-json\/wp\/v2\/pages\/1483","targetHints":{"allow":["GET"]}}],"collection":[{"href":"https:\/\/tatd.org.tr\/atab\/wp-json\/wp\/v2\/pages"}],"about":[{"href":"https:\/\/tatd.org.tr\/atab\/wp-json\/wp\/v2\/types\/page"}],"author":[{"embeddable":true,"href":"https:\/\/tatd.org.tr\/atab\/wp-json\/wp\/v2\/users\/1599"}],"replies":[{"embeddable":true,"href":"https:\/\/tatd.org.tr\/atab\/wp-json\/wp\/v2\/comments?post=1483"}],"version-history":[{"count":0,"href":"https:\/\/tatd.org.tr\/atab\/wp-json\/wp\/v2\/pages\/1483\/revisions"}],"up":[{"embeddable":true,"href":"https:\/\/tatd.org.tr\/atab\/wp-json\/wp\/v2\/pages\/1465"}],"wp:attachment":[{"href":"https:\/\/tatd.org.tr\/atab\/wp-json\/wp\/v2\/media?parent=1483"}],"curies":[{"name":"wp","href":"https:\/\/api.w.org\/{rel}","templated":true}]}}