{"id":1465,"date":"2021-10-19T18:29:02","date_gmt":"2021-10-19T15:29:02","guid":{"rendered":"https:\/\/tatd.org.tr\/atab\/?page_id=1465"},"modified":"2021-11-22T01:25:57","modified_gmt":"2021-11-21T22:25:57","slug":"atab-yurutme-kurullari","status":"publish","type":"page","link":"https:\/\/tatd.org.tr\/atab\/hakkimizda\/kurullar\/atab-yurutme-kurullari\/","title":{"rendered":"\u00d6nceki Y\u00fcr\u00fctme Kurullar\u0131"},"content":{"rendered":"<p>T\u00fcm ATAB y\u00fcr\u00fctme kurullar\u0131 \u00fcyelerini yandaki men\u00fcden g\u00f6rebilirsiniz.<\/p>\n","protected":false},"excerpt":{"rendered":"<p>T\u00fcm ATAB y\u00fcr\u00fctme kurullar\u0131 \u00fcyelerini yandaki men\u00fcden g\u00f6rebilirsiniz.<\/p>\n","protected":false},"author":1599,"featured_media":0,"parent":2628,"menu_order":5,"comment_status":"closed","ping_status":"closed","template":"","meta":{"_acf_changed":false,"inline_featured_image":false,"_lmt_disableupdate":"","_lmt_disable":"","footnotes":""},"class_list":["post-1465","page","type-page","status-publish","hentry"],"acf":[],"_links":{"self":[{"href":"https:\/\/tatd.org.tr\/atab\/wp-json\/wp\/v2\/pages\/1465","targetHints":{"allow":["GET"]}}],"collection":[{"href":"https:\/\/tatd.org.tr\/atab\/wp-json\/wp\/v2\/pages"}],"about":[{"href":"https:\/\/tatd.org.tr\/atab\/wp-json\/wp\/v2\/types\/page"}],"author":[{"embeddable":true,"href":"https:\/\/tatd.org.tr\/atab\/wp-json\/wp\/v2\/users\/1599"}],"replies":[{"embeddable":true,"href":"https:\/\/tatd.org.tr\/atab\/wp-json\/wp\/v2\/comments?post=1465"}],"version-history":[{"count":0,"href":"https:\/\/tatd.org.tr\/atab\/wp-json\/wp\/v2\/pages\/1465\/revisions"}],"up":[{"embeddable":true,"href":"https:\/\/tatd.org.tr\/atab\/wp-json\/wp\/v2\/pages\/2628"}],"wp:attachment":[{"href":"https:\/\/tatd.org.tr\/atab\/wp-json\/wp\/v2\/media?parent=1465"}],"curies":[{"name":"wp","href":"https:\/\/api.w.org\/{rel}","templated":true}]}}