{"id":1460,"date":"2021-10-19T18:21:55","date_gmt":"2021-10-19T15:21:55","guid":{"rendered":"https:\/\/tatd.org.tr\/atab\/?page_id=1460"},"modified":"2023-12-21T20:57:43","modified_gmt":"2023-12-21T17:57:43","slug":"tarihce","status":"publish","type":"page","link":"https:\/\/tatd.org.tr\/atab\/hakkimizda\/tarihce\/","title":{"rendered":"Tarih\u00e7e"},"content":{"rendered":"\n<h3 class=\"wp-block-heading\">ATAB&#8217;\u0131n Kurulu\u015fu ve Tarih\u00e7esi<\/h3>\n\n\n\n<p>\u00dclkemizde 1993\u2019te ilk temelleri at\u0131lan Acil T\u0131p yolculu\u011fu giderek b\u00fcy\u00fcyen ve geli\u015fen ailesiyle dikkat \u00e7eker hale gelmi\u015ftir. Acil T\u0131p yolculu\u011funun yeni \u00fcyelerine navigat\u00f6rl\u00fck yapan 2008&#8217;den beri amac\u0131 T\u00fcrkiye Cumhuriyeti\u2019ndeki t\u00fcm Acil T\u0131p asistanlar\u0131n\u0131 bir araya getirmek, birbirleriyle ileti\u015fimlerinin s\u00fcreklili\u011fini sa\u011flamak olan ATAB her iki senede bir demokratik se\u00e7imle kendisine yeni ve dinamik y\u00f6netim kurulu se\u00e7mektedir.<\/p>\n\n\n\n<p>Acil T\u0131p asistanlar\u0131 olarak, zorlu \u00e7al\u0131\u015fma ko\u015fullar\u0131 ve e\u011fitimin a\u011f\u0131rl\u0131\u011f\u0131 alt\u0131nda kendi ya\u015fam bi\u00e7imlerini bile bu mesle\u011fe g\u00f6re \u015fekillendiren doktorlar oldu\u011fumuzu g\u00f6z \u00f6n\u00fcne al\u0131rsak, birlikte y\u00fcr\u00fcnen yollarda engebelerin daha kolay a\u015f\u0131labilece\u011fini \u00f6ng\u00f6rmekteyiz.<\/p>\n\n\n\n<p>Asistanl\u0131k e\u011fitiminin temel ta\u015flar\u0131ndan olan teorik ve pratik e\u011fitimlerin yan\u0131 s\u0131ra, sahada da dinamik kalabilmek, \u00f6zl\u00fck haklar\u0131m\u0131z\u0131 \u00f6\u011frenmek ve hem mesleki hem sosyal ya\u015fant\u0131m\u0131z\u0131 daha kaliteli bir hale getirmek i\u00e7in ATAB olarak TATD\u2019nin organizasyonunu yapt\u0131\u011f\u0131 alanlarda aktif g\u00f6rev alarak temel amac\u0131m\u0131z\u0131n ilk ad\u0131mlar\u0131n\u0131 atmaktay\u0131z.<\/p>\n\n\n\n<p>Y\u00fcr\u00fct\u00fclen projelerin devam\u0131 ve yeni projelerin \u00fcretilebilmesi gayesiyle y\u00f6netim kurulu ile birlikte \u00e7al\u0131\u015fmalar yapacak, ortak ve yeni hedefler belirleyecek Acil T\u0131p asistanlar\u0131n\u0131 Acil T\u0131p Asistan Birli\u011fi G\u00f6n\u00fcll\u00fcleri ad\u0131 alt\u0131nda toplamay\u0131 hedeflemekteyiz. B\u00f6ylece hem \u00fclkemizde projelerimizi daha kapsaml\u0131 hale getirmek, hem de lokal veya genel saha \u00f6nlemlerini daha h\u0131zl\u0131 ve etkili alabilmeyi kolayla\u015ft\u0131racakt\u0131r.<\/p>\n\n\n\n<p>ATAB Y\u00f6netim Kurulu ile birlikte \u00e7al\u0131\u015fmak, toplant\u0131lara kat\u0131lmak, Acil T\u0131bb\u0131n ve asistanl\u0131k haklar\u0131n\u0131n iyile\u015ftirilmesi ve birbirleriyle olan ileti\u015fimin g\u00fc\u00e7lenmesini isteyen asistanlar\u0131m\u0131z\u0131 Acil T\u0131p Asistan Birli\u011fi G\u00f6n\u00fcll\u00fcs\u00fc olarak aram\u0131zda g\u00f6rmekten mutluluk duyar\u0131z.<\/p>\n\n\n\n<p>Acil T\u0131p Asistan Birli\u011fi Y\u00fcr\u00fctme Kurulu<\/p>\n","protected":false},"excerpt":{"rendered":"<p>ATAB&#8217;\u0131n Kurulu\u015fu ve Tarih\u00e7esi \u00dclkemizde 1993\u2019te ilk temelleri at\u0131lan Acil T\u0131p yolculu\u011fu giderek b\u00fcy\u00fcyen ve geli\u015fen ailesiyle dikkat \u00e7eker hale gelmi\u015ftir. Acil&hellip;<\/p>\n","protected":false},"author":5251,"featured_media":0,"parent":2443,"menu_order":0,"comment_status":"closed","ping_status":"closed","template":"","meta":{"_acf_changed":false,"inline_featured_image":false,"_lmt_disableupdate":"","_lmt_disable":"","footnotes":""},"class_list":["post-1460","page","type-page","status-publish","hentry"],"acf":[],"_links":{"self":[{"href":"https:\/\/tatd.org.tr\/atab\/wp-json\/wp\/v2\/pages\/1460","targetHints":{"allow":["GET"]}}],"collection":[{"href":"https:\/\/tatd.org.tr\/atab\/wp-json\/wp\/v2\/pages"}],"about":[{"href":"https:\/\/tatd.org.tr\/atab\/wp-json\/wp\/v2\/types\/page"}],"author":[{"embeddable":true,"href":"https:\/\/tatd.org.tr\/atab\/wp-json\/wp\/v2\/users\/5251"}],"replies":[{"embeddable":true,"href":"https:\/\/tatd.org.tr\/atab\/wp-json\/wp\/v2\/comments?post=1460"}],"version-history":[{"count":0,"href":"https:\/\/tatd.org.tr\/atab\/wp-json\/wp\/v2\/pages\/1460\/revisions"}],"up":[{"embeddable":true,"href":"https:\/\/tatd.org.tr\/atab\/wp-json\/wp\/v2\/pages\/2443"}],"wp:attachment":[{"href":"https:\/\/tatd.org.tr\/atab\/wp-json\/wp\/v2\/media?parent=1460"}],"curies":[{"name":"wp","href":"https:\/\/api.w.org\/{rel}","templated":true}]}}