{"id":8,"date":"2021-11-02T08:16:09","date_gmt":"2021-11-02T08:16:09","guid":{"rendered":"https:\/\/soledaddemo.pencidesign.net\/soledad-modern-news-magazine\/?page_id=8"},"modified":"2026-01-07T20:08:01","modified_gmt":"2026-01-07T17:08:01","slug":"hakkimizda-2","status":"publish","type":"page","link":"https:\/\/tatd.org.tr\/arastirma\/hakkimizda-2\/","title":{"rendered":"Hakk\u0131m\u0131zda"},"content":{"rendered":"\t\t<div data-elementor-type=\"wp-page\" data-elementor-id=\"8\" class=\"elementor elementor-8\" data-elementor-post-type=\"page\">\n\t\t\t\t\t\t<section class=\"penci-section penci-dmcheck penci-elbg-activate penci-enSticky penci-repons-elsection penci-con_sb2_sb1 penci-structure-22 elementor-section elementor-top-section elementor-element elementor-element-35af948 elementor-section-boxed elementor-section-height-default elementor-section-height-default\" data-id=\"35af948\" data-element_type=\"section\" data-e-type=\"section\" data-settings=\"{&quot;background_background&quot;:&quot;classic&quot;}\">\n\t\t\t\t\t\t\t<div class=\"elementor-background-overlay\"><\/div>\n\t\t\t\t\t\t\t<div class=\"elementor-container elementor-column-gap-extended\">\n\t\t\t\t\t<div class=\"penci-ercol-66 penci-ercol-order-1 penci-sticky-ct  penci-dmcheck penci-elbg-activate  elementor-column elementor-col-66 elementor-top-column elementor-element elementor-element-29b88e4\" data-id=\"29b88e4\" data-element_type=\"column\" data-e-type=\"column\" data-settings=\"{&quot;background_background&quot;:&quot;classic&quot;}\">\n\t\t\t<div class=\"elementor-widget-wrap elementor-element-populated\">\n\t\t\t\t\t\t<div class=\"elementor-element elementor-element-d190b98 elementor-widget elementor-widget-penci-text-block\" data-id=\"d190b98\" data-element_type=\"widget\" data-e-type=\"widget\" data-widget_type=\"penci-text-block.default\">\n\t\t\t\t<div class=\"elementor-widget-container\">\n\t\t\t\t\t\t\t<div class=\"penci-block-vc penci-text-editor\">\n\t\t\t    <div class=\"penci-border-arrow penci-homepage-title penci-home-latest-posts style-15 pcalign-center pciconp-right pcicon-file block-title-icon-left\">\n        <h3 class=\"inner-arrow\">\n        <span>\n                    <span>Ara\u015ft\u0131rma Komitesi<\/a>                <\/span>\n        <\/h3>\n\t\t        <\/div>\n\t\t\t\t\t<div class=\"penci-block_content\">\n\t\t\t\t<div class=\"elementor-text-editor elementor-clearfix\"><p><!-- \/wp:paragraph --><\/p>\n<p style=\"margin: 0cm;text-align: justify;line-height: 18pt;background-image: initial;background-position: initial;background-size: initial;background-repeat: initial;background-attachment: initial;font-size: 12pt;, serif\"><span lang=\"EN-US\" style=\"font-family: Roboto\"><b>AKOM<\/b>,&nbsp;ara\u015ft\u0131rma faaliyetlerinin&nbsp;<\/span><span style=\"font-family: Roboto;font-weight: var( --e-global-typography-secondary-font-weight )\">T\u00fcrkiye Acil T\u0131p Derne\u011fi (<\/span><span style=\"font-family: Roboto;font-size: 12pt;font-weight: var( --e-global-typography-secondary-font-weight )\">TATD) vizyonu ile uyumunun de\u011ferlendirilmesini ve takibini; ara\u015ft\u0131rma veri tabanlar\u0131 haz\u0131rlanmas\u0131 ve y\u00f6netimini; bilimsel proje s\u00fcre\u00e7lerinin takip ve idaresini; dernek \u00fcyelerinin ara\u015ft\u0131rma ve yay\u0131n becerilerinin geli\u015ftirilmesini; klinik uygulama rehber ve k\u0131lavuzlar\u0131 haz\u0131rlanmas\u0131n\u0131; derne\u011fin ara\u015ft\u0131rma altyap\u0131s\u0131n\u0131n geli\u015ftirilmesine y\u00f6nelik i\u015fbirlikleri yap\u0131lmas\u0131n\u0131; ara\u015ft\u0131rma alan\u0131nda derne\u011fin gelecek vizyonuna uygun liderler yeti\u015ftirilmesini ama\u00e7lamaktad\u0131r. <\/span><b style=\"font-family: Roboto;font-size: 12pt\">AKOM<\/b><span style=\"font-family: Roboto;font-size: 12pt;font-weight: var( --e-global-typography-secondary-font-weight )\">, TATD\u2019nin i\u00e7inde yer ald\u0131\u011f\u0131 a\u015fa\u011f\u0131da ayr\u0131nt\u0131lar\u0131 anlat\u0131lan bilimsel faaliyetler i\u00e7inde s\u00f6z sahibidir (AKOM Y\u00f6nergesi i\u00e7in&nbsp;<\/span><a href=\"https:\/\/tatd.org.tr\/arastirma\/wp-content\/uploads\/sites\/23\/2024\/07\/TATD-AKOM-Yonergesi_2024-1.pdf\" target=\"_blank\"><b>TIKLAYIN<\/b><\/a><span style=\"font-family: Roboto;font-size: 12pt;font-weight: var( --e-global-typography-secondary-font-weight )\">).<\/span><\/p>\n<p style=\"margin: 0cm;font-size: 12pt;font-family: 'Times New Roman', serif;color: #000000;background-image: initial;background-position: initial;background-size: initial;background-repeat: initial;background-attachment: initial\"><span style=\"font-family: Roboto;color: #313131\"><b>AKOM<\/b>, rehber haz\u0131rlama s\u00fcre\u00e7lerinde&nbsp;t\u00fcm \u00f6neri ve kan\u0131t d\u00fczeylerini belirlerken d\u00fcnyada kabul g\u00f6rm\u00fc\u015f (<b><i>GRADE<\/i>&nbsp;yakla\u015f\u0131m\u0131<\/b>) k\u0131lavuz haz\u0131rlama tekniklerine uyar.<\/span><\/p>\n<p style=\"margin: 0cm;font-size: 12pt;font-family: 'Times New Roman', serif;color: #000000;font-weight: 400;background-image: initial;background-position: initial;background-size: initial;background-repeat: initial;background-attachment: initial\"><span style=\"font-family: Roboto;color: #313131\">&nbsp;<\/span><\/p>\n<h2 style=\"margin: 0cm;line-height: 32px;font-size: 16pt;font-family: 'Aptos Display', sans-serif;color: #0f4761;font-weight: var(--pchead-wei);background-image: initial;background-position: initial;background-size: initial;background-repeat: initial;background-attachment: initial\"><span style=\"font-size: 12pt;line-height: 24px;font-family: Roboto;color: #6800c5\">AKOM&nbsp;a\u015fa\u011f\u0131daki gruplardan olu\u015fur<\/span><\/h2>\n<p style=\"margin: 0cm;font-size: 12pt;font-family: 'Times New Roman', serif;color: #000000;font-weight: 400;background-image: initial;background-position: initial;background-size: initial;background-repeat: initial;background-attachment: initial\"><span style=\"font-family: Roboto;color: #313131\">AKOM Ba\u015fkan ve Genel Sekreteri<\/span><\/p>\n<p style=\"margin: 0cm;font-size: 12pt;font-family: 'Times New Roman', serif;color: #000000;font-weight: 400;background-image: initial;background-position: initial;background-size: initial;background-repeat: initial;background-attachment: initial\"><span style=\"font-family: Roboto;color: #313131\">AKOM Dan\u0131\u015fma Kurulu (AKOM-DK)<\/span><\/p>\n<p style=\"margin: 0cm;font-size: 12pt;font-family: 'Times New Roman', serif;color: #000000;font-weight: 400;background-image: initial;background-position: initial;background-size: initial;background-repeat: initial;background-attachment: initial\"><span style=\"font-family: Roboto;color: #313131\">AKOM Proje \u00dcyeleri (AKOM-\u00dcYE)<\/span><\/p>\n<p style=\"margin: 0cm;font-size: 12pt;font-family: 'Times New Roman', serif;color: #000000;font-weight: 400;background-image: initial;background-position: initial;background-size: initial;background-repeat: initial;background-attachment: initial\"><span style=\"font-family: Roboto;color: #313131\">Acil T\u0131p Akademisi (ATAK)<\/span><\/p>\n<p style=\"margin: 0cm;font-size: 12pt;font-family: 'Times New Roman', serif;color: #000000;font-weight: 400;background-image: initial;background-position: initial;background-size: initial;background-repeat: initial;background-attachment: initial\"><span style=\"font-family: Roboto;color: #313131\">&nbsp;<\/span><\/p>\n<h2 style=\"margin: 0cm;line-height: 32px;font-size: 16pt;font-family: 'Aptos Display', sans-serif;color: #0f4761;font-weight: var(--pchead-wei);background-image: initial;background-position: initial;background-size: initial;background-repeat: initial;background-attachment: initial\"><span style=\"font-size: 12pt;line-height: 24px;font-family: Roboto;color: #6800c5\">AKOM Faaliyetleri<\/span><\/h2>\n<p style=\"margin: 0cm;font-size: 12pt;font-family: 'Times New Roman', serif;text-align: justify;line-height: normal;color: #000000;font-weight: 400;background-image: initial;background-position: initial;background-size: initial;background-repeat: initial;background-attachment: initial\"><span style=\"font-family: Roboto;color: #313131\">Kan\u0131ta dayal\u0131 cevaplar (KDC)<\/span><\/p>\n<p style=\"margin: 0cm;font-size: 12pt;font-family: 'Times New Roman', serif;text-align: justify;line-height: normal;color: #000000;font-weight: 400;background-image: initial;background-position: initial;background-size: initial;background-repeat: initial;background-attachment: initial\"><span style=\"font-family: Roboto;color: #313131\">Klinik politikalar (KP)<\/span><\/p>\n<p style=\"margin: 0cm;font-size: 12pt;font-family: 'Times New Roman', serif;text-align: justify;line-height: normal;color: #000000;font-weight: 400;background-image: initial;background-position: initial;background-size: initial;background-repeat: initial;background-attachment: initial\"><span style=\"font-family: Roboto;color: #313131\">Klinik uygulama rehberleri (KUR)<\/span><\/p>\n<p style=\"margin: 0cm;font-size: 12pt;font-family: 'Times New Roman', serif;text-align: justify;line-height: normal;color: #000000;font-weight: 400;background-image: initial;background-position: initial;background-size: initial;background-repeat: initial;background-attachment: initial\"><span style=\"font-family: Roboto;color: #313131\">Klinik g\u00f6r\u00fc\u015fler (KG)<\/span><\/p><\/div>\n\t\t\t<\/div>\n\t\t<\/div>\n\t\t\t\t\t\t<\/div>\n\t\t\t\t<\/div>\n\t\t\t\t\t<\/div>\n\t\t<\/div>\n\t\t\t\t<div class=\"penci-ercol-33 penci-ercol-order-2 penci-sticky-sb penci-sidebarSC   elementor-column elementor-col-33 elementor-top-column elementor-element elementor-element-836b521\" data-id=\"836b521\" data-element_type=\"column\" data-e-type=\"column\">\n\t\t\t<div class=\"elementor-widget-wrap elementor-element-populated\">\n\t\t\t\t\t\t<div class=\"elementor-element elementor-element-b384825 elementor-widget elementor-widget-penci-text-block\" data-id=\"b384825\" data-element_type=\"widget\" data-e-type=\"widget\" data-widget_type=\"penci-text-block.default\">\n\t\t\t\t<div class=\"elementor-widget-container\">\n\t\t\t\t\t\t\t<div class=\"penci-block-vc penci-text-editor\">\n\t\t\t    <div class=\"penci-border-arrow penci-homepage-title penci-home-latest-posts style-15 pcalign-center pciconp-right pcicon-book block-title-icon-left\">\n        <h3 class=\"inner-arrow\">\n        <span>\n                    <span>Kurullar<\/a>                <\/span>\n        <\/h3>\n\t\t        <\/div>\n\t\t\t\t\t<div class=\"penci-block_content\">\n\t\t\t\t<div class=\"elementor-text-editor elementor-clearfix\"><h2><strong>Ba\u015fkan<\/strong><\/h2>\n<p>Do\u00e7. Dr. G\u00f6khan Aksel&nbsp;<\/p>\n<h2>&nbsp;<\/h2>\n<div>\n<h2 style=\"font-size: 15px\"><strong>Genel Sekreter<\/strong><\/h2>\n<p>Prof. Dr. \u015eeref Kerem \u00c7orbac\u0131o\u011flu<\/p>\n<p><br><\/p>\n<h2 style=\"font-size: 15px\"><strong>Dan\u0131\u015fma Kurulu*<\/strong><\/h2>\n<p>*Proje bazl\u0131 olu\u015fturulacakt\u0131r.<\/p>\n<\/div>\n<div>&nbsp;<\/div>\n<h2>AKOM Proje \u00dcyeleri*<\/h2><p>*Proje bazl\u0131 olu\u015fturulacakt\u0131r.<br><\/p><\/div>\n\t\t\t<\/div>\n\t\t<\/div>\n\t\t\t\t\t\t<\/div>\n\t\t\t\t<\/div>\n\t\t\t\t\t<\/div>\n\t\t<\/div>\n\t\t\t\t\t<\/div>\n\t\t<\/section>\n\t\t<div class=\"elementor-element elementor-element-0f889ba e-flex e-con-boxed e-con e-parent\" data-id=\"0f889ba\" data-element_type=\"container\" data-e-type=\"container\">\n\t\t\t\t\t<div class=\"e-con-inner\">\n\t\t\t\t<div class=\"elementor-element elementor-element-f3aead8 elementor-widget__width-initial elementor-widget elementor-widget-image\" data-id=\"f3aead8\" data-element_type=\"widget\" data-e-type=\"widget\" data-widget_type=\"image.default\">\n\t\t\t\t<div class=\"elementor-widget-container\">\n\t\t\t\t\t\t\t\t\t\t\t\t\t\t\t<img fetchpriority=\"high\" decoding=\"async\" width=\"780\" height=\"1024\" src=\"https:\/\/tatd.org.tr\/arastirma\/wp-content\/uploads\/sites\/23\/2024\/07\/Ekran-Resmi-2024-07-26-12.41.13-780x1024.png\" class=\"attachment-large size-large wp-image-1830\" alt=\"\" srcset=\"https:\/\/tatd.org.tr\/arastirma\/wp-content\/uploads\/sites\/23\/2024\/07\/Ekran-Resmi-2024-07-26-12.41.13-780x1024.png 780w, https:\/\/tatd.org.tr\/arastirma\/wp-content\/uploads\/sites\/23\/2024\/07\/Ekran-Resmi-2024-07-26-12.41.13-228x300.png 228w, https:\/\/tatd.org.tr\/arastirma\/wp-content\/uploads\/sites\/23\/2024\/07\/Ekran-Resmi-2024-07-26-12.41.13-768x1009.png 768w, https:\/\/tatd.org.tr\/arastirma\/wp-content\/uploads\/sites\/23\/2024\/07\/Ekran-Resmi-2024-07-26-12.41.13-76x100.png 76w, https:\/\/tatd.org.tr\/arastirma\/wp-content\/uploads\/sites\/23\/2024\/07\/Ekran-Resmi-2024-07-26-12.41.13-1169x1536.png 1169w, https:\/\/tatd.org.tr\/arastirma\/wp-content\/uploads\/sites\/23\/2024\/07\/Ekran-Resmi-2024-07-26-12.41.13-1559x2048.png 1559w, https:\/\/tatd.org.tr\/arastirma\/wp-content\/uploads\/sites\/23\/2024\/07\/Ekran-Resmi-2024-07-26-12.41.13-1170x1537.png 1170w, https:\/\/tatd.org.tr\/arastirma\/wp-content\/uploads\/sites\/23\/2024\/07\/Ekran-Resmi-2024-07-26-12.41.13-585x768.png 585w, https:\/\/tatd.org.tr\/arastirma\/wp-content\/uploads\/sites\/23\/2024\/07\/Ekran-Resmi-2024-07-26-12.41.13.png 1614w\" sizes=\"(max-width: 780px) 100vw, 780px\" \/>\t\t\t\t\t\t\t\t\t\t\t\t\t\t\t<\/div>\n\t\t\t\t<\/div>\n\t\t\t\t\t<\/div>\n\t\t\t\t<\/div>\n\t\t<div class=\"elementor-element elementor-element-7f53ddd e-flex e-con-boxed e-con e-parent\" data-id=\"7f53ddd\" data-element_type=\"container\" data-e-type=\"container\">\n\t\t\t\t\t<div class=\"e-con-inner\">\n\t\t<div class=\"elementor-element elementor-element-9a385dd e-con-full e-flex e-con e-child\" data-id=\"9a385dd\" data-element_type=\"container\" data-e-type=\"container\">\n\t\t\t\t<div class=\"elementor-element elementor-element-7991011 elementor-widget elementor-widget-image\" data-id=\"7991011\" data-element_type=\"widget\" data-e-type=\"widget\" data-widget_type=\"image.default\">\n\t\t\t\t<div class=\"elementor-widget-container\">\n\t\t\t\t\t\t\t\t\t\t\t\t<figure class=\"wp-caption\">\n\t\t\t\t\t\t\t\t\t\t<img decoding=\"async\" width=\"1024\" height=\"331\" src=\"https:\/\/tatd.org.tr\/arastirma\/wp-content\/uploads\/sites\/23\/2024\/07\/pico-1024x331.png\" class=\"elementor-animation-shrink attachment-large size-large wp-image-1637\" alt=\"\" srcset=\"https:\/\/tatd.org.tr\/arastirma\/wp-content\/uploads\/sites\/23\/2024\/07\/pico-1024x331.png 1024w, https:\/\/tatd.org.tr\/arastirma\/wp-content\/uploads\/sites\/23\/2024\/07\/pico-300x97.png 300w, https:\/\/tatd.org.tr\/arastirma\/wp-content\/uploads\/sites\/23\/2024\/07\/pico-768x248.png 768w, https:\/\/tatd.org.tr\/arastirma\/wp-content\/uploads\/sites\/23\/2024\/07\/pico-100x32.png 100w, https:\/\/tatd.org.tr\/arastirma\/wp-content\/uploads\/sites\/23\/2024\/07\/pico-1536x497.png 1536w, https:\/\/tatd.org.tr\/arastirma\/wp-content\/uploads\/sites\/23\/2024\/07\/pico-2048x662.png 2048w, https:\/\/tatd.org.tr\/arastirma\/wp-content\/uploads\/sites\/23\/2024\/07\/pico-1920x621.png 1920w, https:\/\/tatd.org.tr\/arastirma\/wp-content\/uploads\/sites\/23\/2024\/07\/pico-1170x378.png 1170w, https:\/\/tatd.org.tr\/arastirma\/wp-content\/uploads\/sites\/23\/2024\/07\/pico-585x189.png 585w\" sizes=\"(max-width: 1024px) 100vw, 1024px\" \/>\t\t\t\t\t\t\t\t\t\t\t<figcaption class=\"widget-image-caption wp-caption-text\">Yan\u0131tlanmas\u0131n\u0131 istedi\u011finiz klinik sorular\u0131n\u0131z\u0131 bize iletin!<\/figcaption>\n\t\t\t\t\t\t\t\t\t\t<\/figure>\n\t\t\t\t\t\t\t\t\t<\/div>\n\t\t\t\t<\/div>\n\t\t\t\t<div class=\"elementor-element elementor-element-a4d3aa8 elementor-widget elementor-widget-image\" data-id=\"a4d3aa8\" data-element_type=\"widget\" data-e-type=\"widget\" data-widget_type=\"image.default\">\n\t\t\t\t<div class=\"elementor-widget-container\">\n\t\t\t\t\t\t\t\t\t\t\t\t<figure class=\"wp-caption\">\n\t\t\t\t\t\t\t\t\t\t\t<a href=\"https:\/\/www.gradepro.org\/\" target=\"_blank\">\n\t\t\t\t\t\t\t<img decoding=\"async\" width=\"1024\" height=\"331\" src=\"https:\/\/tatd.org.tr\/arastirma\/wp-content\/uploads\/sites\/23\/2024\/07\/gradepro-1024x331.png\" class=\"elementor-animation-shrink attachment-large size-large wp-image-1643\" alt=\"\" srcset=\"https:\/\/tatd.org.tr\/arastirma\/wp-content\/uploads\/sites\/23\/2024\/07\/gradepro-1024x331.png 1024w, https:\/\/tatd.org.tr\/arastirma\/wp-content\/uploads\/sites\/23\/2024\/07\/gradepro-300x97.png 300w, https:\/\/tatd.org.tr\/arastirma\/wp-content\/uploads\/sites\/23\/2024\/07\/gradepro-768x248.png 768w, https:\/\/tatd.org.tr\/arastirma\/wp-content\/uploads\/sites\/23\/2024\/07\/gradepro-100x32.png 100w, https:\/\/tatd.org.tr\/arastirma\/wp-content\/uploads\/sites\/23\/2024\/07\/gradepro-1536x497.png 1536w, https:\/\/tatd.org.tr\/arastirma\/wp-content\/uploads\/sites\/23\/2024\/07\/gradepro-2048x662.png 2048w, https:\/\/tatd.org.tr\/arastirma\/wp-content\/uploads\/sites\/23\/2024\/07\/gradepro-1920x621.png 1920w, https:\/\/tatd.org.tr\/arastirma\/wp-content\/uploads\/sites\/23\/2024\/07\/gradepro-1170x378.png 1170w, https:\/\/tatd.org.tr\/arastirma\/wp-content\/uploads\/sites\/23\/2024\/07\/gradepro-585x189.png 585w\" sizes=\"(max-width: 1024px) 100vw, 1024px\" \/>\t\t\t\t\t\t\t\t<\/a>\n\t\t\t\t\t\t\t\t\t\t\t<figcaption class=\"widget-image-caption wp-caption-text\">Kan\u0131t derecelendirme -&gt; GradePro'ya ula\u015fmak i\u00e7in t\u0131klay\u0131n!<\/figcaption>\n\t\t\t\t\t\t\t\t\t\t<\/figure>\n\t\t\t\t\t\t\t\t\t<\/div>\n\t\t\t\t<\/div>\n\t\t\t\t<div class=\"elementor-element elementor-element-e76ef27 elementor-widget elementor-widget-image\" data-id=\"e76ef27\" data-element_type=\"widget\" data-e-type=\"widget\" data-widget_type=\"image.default\">\n\t\t\t\t<div class=\"elementor-widget-container\">\n\t\t\t\t\t\t\t\t\t\t\t\t<figure class=\"wp-caption\">\n\t\t\t\t\t\t\t\t\t\t\t<a href=\"https:\/\/sites.google.com\/site\/riskofbiastool\/welcome\" target=\"_blank\">\n\t\t\t\t\t\t\t<img loading=\"lazy\" decoding=\"async\" width=\"1024\" height=\"331\" src=\"https:\/\/tatd.org.tr\/arastirma\/wp-content\/uploads\/sites\/23\/2024\/07\/rob2-1024x331.png\" class=\"elementor-animation-shrink attachment-large size-large wp-image-1642\" alt=\"\" srcset=\"https:\/\/tatd.org.tr\/arastirma\/wp-content\/uploads\/sites\/23\/2024\/07\/rob2-1024x331.png 1024w, https:\/\/tatd.org.tr\/arastirma\/wp-content\/uploads\/sites\/23\/2024\/07\/rob2-300x97.png 300w, https:\/\/tatd.org.tr\/arastirma\/wp-content\/uploads\/sites\/23\/2024\/07\/rob2-768x248.png 768w, https:\/\/tatd.org.tr\/arastirma\/wp-content\/uploads\/sites\/23\/2024\/07\/rob2-100x32.png 100w, https:\/\/tatd.org.tr\/arastirma\/wp-content\/uploads\/sites\/23\/2024\/07\/rob2-1536x497.png 1536w, https:\/\/tatd.org.tr\/arastirma\/wp-content\/uploads\/sites\/23\/2024\/07\/rob2-2048x662.png 2048w, https:\/\/tatd.org.tr\/arastirma\/wp-content\/uploads\/sites\/23\/2024\/07\/rob2-1920x621.png 1920w, https:\/\/tatd.org.tr\/arastirma\/wp-content\/uploads\/sites\/23\/2024\/07\/rob2-1170x378.png 1170w, https:\/\/tatd.org.tr\/arastirma\/wp-content\/uploads\/sites\/23\/2024\/07\/rob2-585x189.png 585w\" sizes=\"(max-width: 1024px) 100vw, 1024px\" \/>\t\t\t\t\t\t\t\t<\/a>\n\t\t\t\t\t\t\t\t\t\t\t<figcaption class=\"widget-image-caption wp-caption-text\">Yanl\u0131l\u0131k de\u011ferlendirme ara\u00e7lar\u0131 -&gt; Cochrane Risk of Bias<\/figcaption>\n\t\t\t\t\t\t\t\t\t\t<\/figure>\n\t\t\t\t\t\t\t\t\t<\/div>\n\t\t\t\t<\/div>\n\t\t\t\t<div class=\"elementor-element elementor-element-24bd50c elementor-widget elementor-widget-image\" data-id=\"24bd50c\" data-element_type=\"widget\" data-e-type=\"widget\" data-widget_type=\"image.default\">\n\t\t\t\t<div class=\"elementor-widget-container\">\n\t\t\t\t\t\t\t\t\t\t\t\t<figure class=\"wp-caption\">\n\t\t\t\t\t\t\t\t\t\t\t<a href=\"https:\/\/turkjemergmed.com\/\" target=\"_blank\">\n\t\t\t\t\t\t\t<img loading=\"lazy\" decoding=\"async\" width=\"1024\" height=\"331\" src=\"https:\/\/tatd.org.tr\/arastirma\/wp-content\/uploads\/sites\/23\/2024\/07\/tjem-1024x331.png\" class=\"elementor-animation-shrink attachment-large size-large wp-image-1644\" alt=\"\" srcset=\"https:\/\/tatd.org.tr\/arastirma\/wp-content\/uploads\/sites\/23\/2024\/07\/tjem-1024x331.png 1024w, https:\/\/tatd.org.tr\/arastirma\/wp-content\/uploads\/sites\/23\/2024\/07\/tjem-300x97.png 300w, https:\/\/tatd.org.tr\/arastirma\/wp-content\/uploads\/sites\/23\/2024\/07\/tjem-768x248.png 768w, https:\/\/tatd.org.tr\/arastirma\/wp-content\/uploads\/sites\/23\/2024\/07\/tjem-100x32.png 100w, https:\/\/tatd.org.tr\/arastirma\/wp-content\/uploads\/sites\/23\/2024\/07\/tjem-1536x497.png 1536w, https:\/\/tatd.org.tr\/arastirma\/wp-content\/uploads\/sites\/23\/2024\/07\/tjem-2048x662.png 2048w, https:\/\/tatd.org.tr\/arastirma\/wp-content\/uploads\/sites\/23\/2024\/07\/tjem-1920x621.png 1920w, https:\/\/tatd.org.tr\/arastirma\/wp-content\/uploads\/sites\/23\/2024\/07\/tjem-1170x378.png 1170w, https:\/\/tatd.org.tr\/arastirma\/wp-content\/uploads\/sites\/23\/2024\/07\/tjem-585x189.png 585w\" sizes=\"(max-width: 1024px) 100vw, 1024px\" \/>\t\t\t\t\t\t\t\t<\/a>\n\t\t\t\t\t\t\t\t\t\t\t<figcaption class=\"widget-image-caption wp-caption-text\">Rehberlerimiz Turk J Emerg Med'de yay\u0131nlanmaktad\u0131r.<\/figcaption>\n\t\t\t\t\t\t\t\t\t\t<\/figure>\n\t\t\t\t\t\t\t\t\t<\/div>\n\t\t\t\t<\/div>\n\t\t\t\t<div class=\"elementor-element elementor-element-6f56615 elementor-widget elementor-widget-image\" data-id=\"6f56615\" data-element_type=\"widget\" data-e-type=\"widget\" data-widget_type=\"image.default\">\n\t\t\t\t<div class=\"elementor-widget-container\">\n\t\t\t\t\t\t\t\t\t\t\t\t<figure class=\"wp-caption\">\n\t\t\t\t\t\t\t\t\t\t<img loading=\"lazy\" decoding=\"async\" width=\"1024\" height=\"331\" src=\"https:\/\/tatd.org.tr\/arastirma\/wp-content\/uploads\/sites\/23\/2024\/07\/a2-1024x331.png\" class=\"elementor-animation-shrink attachment-large size-large wp-image-1640\" alt=\"\" srcset=\"https:\/\/tatd.org.tr\/arastirma\/wp-content\/uploads\/sites\/23\/2024\/07\/a2-1024x331.png 1024w, https:\/\/tatd.org.tr\/arastirma\/wp-content\/uploads\/sites\/23\/2024\/07\/a2-300x97.png 300w, https:\/\/tatd.org.tr\/arastirma\/wp-content\/uploads\/sites\/23\/2024\/07\/a2-768x248.png 768w, https:\/\/tatd.org.tr\/arastirma\/wp-content\/uploads\/sites\/23\/2024\/07\/a2-100x32.png 100w, https:\/\/tatd.org.tr\/arastirma\/wp-content\/uploads\/sites\/23\/2024\/07\/a2-1536x497.png 1536w, https:\/\/tatd.org.tr\/arastirma\/wp-content\/uploads\/sites\/23\/2024\/07\/a2-2048x662.png 2048w, https:\/\/tatd.org.tr\/arastirma\/wp-content\/uploads\/sites\/23\/2024\/07\/a2-1920x621.png 1920w, https:\/\/tatd.org.tr\/arastirma\/wp-content\/uploads\/sites\/23\/2024\/07\/a2-1170x378.png 1170w, https:\/\/tatd.org.tr\/arastirma\/wp-content\/uploads\/sites\/23\/2024\/07\/a2-585x189.png 585w\" sizes=\"(max-width: 1024px) 100vw, 1024px\" \/>\t\t\t\t\t\t\t\t\t\t\t<figcaption class=\"widget-image-caption wp-caption-text\">Hen\u00fcz yay\u0131nlanmam\u0131\u015f taslak rehberler i\u00e7in \u00f6neri yap!<\/figcaption>\n\t\t\t\t\t\t\t\t\t\t<\/figure>\n\t\t\t\t\t\t\t\t\t<\/div>\n\t\t\t\t<\/div>\n\t\t\t\t<\/div>\n\t\t\t\t\t<\/div>\n\t\t\t\t<\/div>\n\t\t\t\t<\/div>\n\t\t","protected":false},"excerpt":{"rendered":"<p>Ara\u015ft\u0131rma Komitesi AKOM,&nbsp;ara\u015ft\u0131rma faaliyetlerinin&nbsp;T\u00fcrkiye Acil T\u0131p Derne\u011fi (TATD) vizyonu ile uyumunun de\u011ferlendirilmesini ve takibini; ara\u015ft\u0131rma veri tabanlar\u0131 haz\u0131rlanmas\u0131 ve y\u00f6netimini; bilimsel proje&hellip;<\/p>\n","protected":false},"author":6041,"featured_media":0,"parent":0,"menu_order":0,"comment_status":"closed","ping_status":"closed","template":"page-fullwidth.php","meta":{"_acf_changed":false,"inline_featured_image":false,"_lmt_disableupdate":"","_lmt_disable":"","footnotes":""},"class_list":["post-8","page","type-page","status-publish","hentry"],"acf":[],"_links":{"self":[{"href":"https:\/\/tatd.org.tr\/arastirma\/wp-json\/wp\/v2\/pages\/8","targetHints":{"allow":["GET"]}}],"collection":[{"href":"https:\/\/tatd.org.tr\/arastirma\/wp-json\/wp\/v2\/pages"}],"about":[{"href":"https:\/\/tatd.org.tr\/arastirma\/wp-json\/wp\/v2\/types\/page"}],"author":[{"embeddable":true,"href":"https:\/\/tatd.org.tr\/arastirma\/wp-json\/wp\/v2\/users\/6041"}],"replies":[{"embeddable":true,"href":"https:\/\/tatd.org.tr\/arastirma\/wp-json\/wp\/v2\/comments?post=8"}],"version-history":[{"count":0,"href":"https:\/\/tatd.org.tr\/arastirma\/wp-json\/wp\/v2\/pages\/8\/revisions"}],"wp:attachment":[{"href":"https:\/\/tatd.org.tr\/arastirma\/wp-json\/wp\/v2\/media?parent=8"}],"curies":[{"name":"wp","href":"https:\/\/api.w.org\/{rel}","templated":true}]}}