{"id":1654,"date":"2024-07-21T19:03:05","date_gmt":"2024-07-21T16:03:05","guid":{"rendered":"https:\/\/tatd.org.tr\/arastirma\/?page_id=1654"},"modified":"2024-07-23T12:11:03","modified_gmt":"2024-07-23T09:11:03","slug":"klinik-arastirmalar","status":"publish","type":"page","link":"https:\/\/tatd.org.tr\/arastirma\/klinik-arastirmalar\/","title":{"rendered":"Klinik Ara\u015ft\u0131rmalar"},"content":{"rendered":"\t\t<div data-elementor-type=\"wp-page\" data-elementor-id=\"1654\" class=\"elementor elementor-1654\" data-elementor-post-type=\"page\">\n\t\t\t\t<div class=\"elementor-element elementor-element-7338ead e-flex e-con-boxed e-con e-parent\" data-id=\"7338ead\" data-element_type=\"container\" data-e-type=\"container\">\n\t\t\t\t\t<div class=\"e-con-inner\">\n\t\t<div class=\"elementor-element elementor-element-113ebfd e-con-full e-flex e-con e-child\" data-id=\"113ebfd\" data-element_type=\"container\" data-e-type=\"container\">\n\t\t\t\t<div class=\"elementor-element elementor-element-56669a4 elementor-widget__width-initial elementor-widget elementor-widget-image\" data-id=\"56669a4\" data-element_type=\"widget\" data-e-type=\"widget\" data-widget_type=\"image.default\">\n\t\t\t\t<div class=\"elementor-widget-container\">\n\t\t\t\t\t\t\t\t\t\t\t\t\t\t\t<img fetchpriority=\"high\" decoding=\"async\" width=\"1000\" height=\"1000\" src=\"https:\/\/tatd.org.tr\/arastirma\/wp-content\/uploads\/sites\/23\/2024\/07\/bbbb.jpg\" class=\"attachment-large size-large wp-image-1655\" alt=\"\" srcset=\"https:\/\/tatd.org.tr\/arastirma\/wp-content\/uploads\/sites\/23\/2024\/07\/bbbb.jpg 1000w, https:\/\/tatd.org.tr\/arastirma\/wp-content\/uploads\/sites\/23\/2024\/07\/bbbb-300x300.jpg 300w, https:\/\/tatd.org.tr\/arastirma\/wp-content\/uploads\/sites\/23\/2024\/07\/bbbb-150x150.jpg 150w, https:\/\/tatd.org.tr\/arastirma\/wp-content\/uploads\/sites\/23\/2024\/07\/bbbb-768x768.jpg 768w, https:\/\/tatd.org.tr\/arastirma\/wp-content\/uploads\/sites\/23\/2024\/07\/bbbb-100x100.jpg 100w, https:\/\/tatd.org.tr\/arastirma\/wp-content\/uploads\/sites\/23\/2024\/07\/bbbb-585x585.jpg 585w\" sizes=\"(max-width: 1000px) 100vw, 1000px\" \/>\t\t\t\t\t\t\t\t\t\t\t\t\t\t\t<\/div>\n\t\t\t\t<\/div>\n\t\t\t\t<\/div>\n\t\t<div class=\"elementor-element elementor-element-2dd5469 e-con-full e-flex e-con e-child\" data-id=\"2dd5469\" data-element_type=\"container\" data-e-type=\"container\">\n\t\t\t\t<div class=\"elementor-element elementor-element-3ad591b elementor-widget elementor-widget-penci-small-list\" data-id=\"3ad591b\" data-element_type=\"widget\" data-e-type=\"widget\" data-widget_type=\"penci-small-list.default\">\n\t\t\t\t<div class=\"elementor-widget-container\">\n\t\t\t\t\t<script>if( typeof(penciBlock) === \"undefined\" ) {function penciBlock() { this.atts_json = ''; this.content = ''; }}var penciBlocksArray = penciBlocksArray || [];var PENCILOCALCACHE = PENCILOCALCACHE || {};var pcblock_8490 = new penciBlock();pcblock_8490.blockID=\"pcblock_8490\";pcblock_8490.atts_json = '{\"type\":\"grid\",\"dformat\":\"\",\"date_pos\":\"left\",\"column\":\"1\",\"tab_column\":\"\",\"mb_column\":\"\",\"imgpos\":\"left\",\"thumb_size\":\"\",\"mthumb_size\":\"\",\"post_meta\":[\"title\",\"date\"],\"primary_cat\":\"\",\"title_length\":\"\",\"excerpt_pos\":\"below\",\"rmstyle\":\"filled\",\"excerpt_length\":15,\"nocrop\":\"\",\"hide_cat_mobile\":\"\",\"hide_meta_mobile\":\"\",\"hide_excerpt_mobile\":\"\",\"hide_rm_mobile\":\"\",\"imgtop_mobile\":\"\",\"ver_border\":\"\",\"hide_thumb\":\"\",\"show_reviewpie\":\"\",\"show_formaticon\":\"\",\"disable_lazy\":\"\",\"show_excerpt\":\"\",\"show_readmore\":\"\",\"query\":{\"orderby\":\"date\",\"order\":\"desc\",\"ignore_sticky_posts\":1,\"post_status\":\"publish\",\"post__not_in\":[],\"post_type\":\"post\",\"posts_per_page\":6,\"tax_query\":[{\"taxonomy\":\"category\",\"field\":\"term_id\",\"terms\":[\"10020\"]}]},\"category_ids\":\"\",\"taxonomy\":\"\"}';penciBlocksArray.push(pcblock_8490);<\/script>        <div class=\"penci-wrapper-smalllist\">\n\t\t\t\t\t\t            <div class=\"penci-smalllist-wrapper\">\n\t\t\t\t                    <div class=\"penci-smalllist pcsl-wrapper pwsl-id-default\">\n                        <div class=\"pcsl-inner penci-clearfix pcsl-grid pcsl-imgpos-left pcsl-col-1 pcsl-tabcol-2 pcsl-mobcol-1\">\n\t\t\t\t\t\t\t\t\t\t\t\t\t\t\t\t\t\t\t\t\t\t\t\t                                    <div class=\"pcsl-item\">\n                                        <div class=\"pcsl-itemin\">\n                                            <div class=\"pcsl-iteminer\">\n\t\t\t\t\t\t\t\t\t\t\t\t\n\t\t\t\t\t\t\t\t\t\t\t\t                                                    <div class=\"pcsl-thumb\">\n\t\t\t\t\t\t\t\t\t\t\t\t\t\t\t\t\t\t\t\t\t\t\t\t\t\t\t\t                                                            <a  data-bgset=\"https:\/\/tatd.org.tr\/arastirma\/wp-content\/uploads\/sites\/23\/2025\/05\/ayicik-1-263x175.jpg\" href=\"https:\/\/tatd.org.tr\/arastirma\/2025\/05\/27\/cocuk-acil-tip-cok-merkezli-calisma\/\"\n                                                               title=\"TATD-\u00c7ocuk Acil T\u0131p-AKOM \u00c7ok Merkezli Prospektif Kohort \u00c7al\u0131\u015fmas\u0131: Acil Serviste \u00c7ocuk Kafa Travmas\u0131 Y\u00f6netimi\"\n                                                               class=\"penci-lazy penci-image-holder\">\n\t                                                                                                                        <\/a>\n\n                                                    <\/div>\n\t\t\t\t\t\t\t\t\t\t\t\t                                                <div class=\"pcsl-content\">\n\t\t\t\t\t\t\t\t\t\t\t\t\t\n\t\t\t\t\t\t\t\t\t\t\t\t\t                                                        <div class=\"pcsl-title\">\n                                                            <a href=\"https:\/\/tatd.org.tr\/arastirma\/2025\/05\/27\/cocuk-acil-tip-cok-merkezli-calisma\/\">TATD-\u00c7ocuk Acil T\u0131p-AKOM \u00c7ok Merkezli Prospektif Kohort \u00c7al\u0131\u015fmas\u0131: Acil Serviste \u00c7ocuk Kafa Travmas\u0131 Y\u00f6netimi<\/a>\n                                                        <\/div>\n\t\t\t\t\t\t\t\t\t\t\t\t\t\n\t\t\t\t\t\t\t\t\t\t\t\t\t                                                        <div class=\"grid-post-box-meta pcsl-meta\">\n\t\t\t\t\t\t\t\t\t\t\t\t\t\t\t\t\t\t\t\t\t\t\t\t\t\t\t\t\t\t                                                                <span class=\"sl-date\"><time class=\"entry-date published\" datetime=\"2025-05-27T18:32:50+03:00\">27 May\u0131s 2025<\/time><\/span>\n\t\t\t\t\t\t\t\t\t\t\t\t\t\t\t\t\t\t\t\t\t\t\t\t\t\t\t\t\t\t\t\t\t\t\t\t\t\t\t\t\t\t\t\t\t\t\t\t\t\t\t\t\t\t\t\t\t\t\t\t\t\t\t\t\t\t\t\t\t\t\t\t\t\t\t\t\t\t\t\t\t\t\t\t\t\t\t\t\t\t                                                        <\/div>\n\t\t\t\t\t\t\t\t\t\t\t\t\t\n\t\t\t\t\t\t\t\t\t\t\t\t\t\t\t\t\t\t\t\t\t\t\t\t\t\t\n                                                <\/div>\n\n\t\t\t\t\t\t\t\t\t\t\t\t                                            <\/div>\n                                        <\/div>\n                                    <\/div>\n                                \t\t\t\t\t\t\t\t\t\t\t\t\t\t\t\t\t                                    <div class=\"pcsl-item\">\n                                        <div class=\"pcsl-itemin\">\n                                            <div class=\"pcsl-iteminer\">\n\t\t\t\t\t\t\t\t\t\t\t\t\n\t\t\t\t\t\t\t\t\t\t\t\t                                                    <div class=\"pcsl-thumb\">\n\t\t\t\t\t\t\t\t\t\t\t\t\t\t\t\t\t\t\t\t\t\t\t\t\t\t\t\t                                                            <a  data-bgset=\"https:\/\/tatd.org.tr\/arastirma\/wp-content\/uploads\/sites\/23\/2024\/07\/fa731190-3dd3-4cf2-97f0-6fa41f4c5a3b-263x175.png\" href=\"https:\/\/tatd.org.tr\/arastirma\/2024\/07\/26\/tatd-akom-cok-merkezli-prospektif-kohort-calismasi-acil-servise-provoke-edilmemis-nobetle-basvuran-yetiskin-hastalarda-erken-donem-nobet-tekrarinin-prediktorlerinin-belirlenmesi-ve-pragmatik-bir-regr\/\"\n                                                               title=\"TATD-AKOM \u00c7ok Merkezli Prospektif Kohort \u00c7al\u0131\u015fmas\u0131: Acil servise provoke edilmemi\u015f n\u00f6betle ba\u015fvuran yeti\u015fkin hastalarda erken d\u00f6nem n\u00f6bet tekrar\u0131n\u0131n predikt\u00f6rlerinin belirlenmesi ve pragmatik bir regresyon modelinin geli\u015ftirilmesi\"\n                                                               class=\"penci-lazy penci-image-holder\">\n\t                                                                                                                        <\/a>\n\n                                                    <\/div>\n\t\t\t\t\t\t\t\t\t\t\t\t                                                <div class=\"pcsl-content\">\n\t\t\t\t\t\t\t\t\t\t\t\t\t\n\t\t\t\t\t\t\t\t\t\t\t\t\t                                                        <div class=\"pcsl-title\">\n                                                            <a href=\"https:\/\/tatd.org.tr\/arastirma\/2024\/07\/26\/tatd-akom-cok-merkezli-prospektif-kohort-calismasi-acil-servise-provoke-edilmemis-nobetle-basvuran-yetiskin-hastalarda-erken-donem-nobet-tekrarinin-prediktorlerinin-belirlenmesi-ve-pragmatik-bir-regr\/\">TATD-AKOM \u00c7ok Merkezli Prospektif Kohort \u00c7al\u0131\u015fmas\u0131: Acil servise provoke edilmemi\u015f n\u00f6betle ba\u015fvuran yeti\u015fkin hastalarda erken d\u00f6nem n\u00f6bet tekrar\u0131n\u0131n predikt\u00f6rlerinin belirlenmesi ve pragmatik bir regresyon modelinin geli\u015ftirilmesi<\/a>\n                                                        <\/div>\n\t\t\t\t\t\t\t\t\t\t\t\t\t\n\t\t\t\t\t\t\t\t\t\t\t\t\t                                                        <div class=\"grid-post-box-meta pcsl-meta\">\n\t\t\t\t\t\t\t\t\t\t\t\t\t\t\t\t\t\t\t\t\t\t\t\t\t\t\t\t\t\t                                                                <span class=\"sl-date\"><time class=\"entry-date published\" datetime=\"2024-07-26T09:47:38+03:00\">26 Temmuz 2024<\/time><\/span>\n\t\t\t\t\t\t\t\t\t\t\t\t\t\t\t\t\t\t\t\t\t\t\t\t\t\t\t\t\t\t\t\t\t\t\t\t\t\t\t\t\t\t\t\t\t\t\t\t\t\t\t\t\t\t\t\t\t\t\t\t\t\t\t\t\t\t\t\t\t\t\t\t\t\t\t\t\t\t\t\t\t\t\t\t\t\t\t\t\t\t                                                        <\/div>\n\t\t\t\t\t\t\t\t\t\t\t\t\t\n\t\t\t\t\t\t\t\t\t\t\t\t\t\t\t\t\t\t\t\t\t\t\t\t\t\t\n                                                <\/div>\n\n\t\t\t\t\t\t\t\t\t\t\t\t                                            <\/div>\n                                        <\/div>\n                                    <\/div>\n                                \t\t\t\t\t\t\t\t\t\t\t\t\t\t\t\t\t                                    <div class=\"pcsl-item\">\n                                        <div class=\"pcsl-itemin\">\n                                            <div class=\"pcsl-iteminer\">\n\t\t\t\t\t\t\t\t\t\t\t\t\n\t\t\t\t\t\t\t\t\t\t\t\t                                                    <div class=\"pcsl-thumb\">\n\t\t\t\t\t\t\t\t\t\t\t\t\t\t\t\t\t\t\t\t\t\t\t\t\t\t\t\t                                                            <a  data-bgset=\"https:\/\/tatd.org.tr\/arastirma\/wp-content\/uploads\/sites\/23\/2024\/07\/metanol-263x175.png\" href=\"https:\/\/tatd.org.tr\/arastirma\/2024\/07\/09\/tatd-toksikoloji-calisma-grubu-cok-merkezli-tanimlayici-calismasi-acil-serviste-toksik-alkol-zehirlenmesi-tanisi-alan-hastalarin-degerlendirilmesi\/\"\n                                                               title=\"TATD Toksikoloji \u00c7al\u0131\u015fma Grubu \u00c7ok Merkezli Tan\u0131mlay\u0131c\u0131 \u00c7al\u0131\u015fmas\u0131: Acil Serviste Toksik Alkol Zehirlenmesi Tan\u0131s\u0131 Alan Hastalar\u0131n De\u011ferlendirilmesi\"\n                                                               class=\"penci-lazy penci-image-holder\">\n\t                                                                                                                        <\/a>\n\n                                                    <\/div>\n\t\t\t\t\t\t\t\t\t\t\t\t                                                <div class=\"pcsl-content\">\n\t\t\t\t\t\t\t\t\t\t\t\t\t\n\t\t\t\t\t\t\t\t\t\t\t\t\t                                                        <div class=\"pcsl-title\">\n                                                            <a href=\"https:\/\/tatd.org.tr\/arastirma\/2024\/07\/09\/tatd-toksikoloji-calisma-grubu-cok-merkezli-tanimlayici-calismasi-acil-serviste-toksik-alkol-zehirlenmesi-tanisi-alan-hastalarin-degerlendirilmesi\/\">TATD Toksikoloji \u00c7al\u0131\u015fma Grubu \u00c7ok Merkezli Tan\u0131mlay\u0131c\u0131 \u00c7al\u0131\u015fmas\u0131: Acil Serviste Toksik Alkol Zehirlenmesi Tan\u0131s\u0131 Alan Hastalar\u0131n De\u011ferlendirilmesi<\/a>\n                                                        <\/div>\n\t\t\t\t\t\t\t\t\t\t\t\t\t\n\t\t\t\t\t\t\t\t\t\t\t\t\t                                                        <div class=\"grid-post-box-meta pcsl-meta\">\n\t\t\t\t\t\t\t\t\t\t\t\t\t\t\t\t\t\t\t\t\t\t\t\t\t\t\t\t\t\t                                                                <span class=\"sl-date\"><time class=\"entry-date published\" datetime=\"2024-07-09T10:35:25+03:00\">9 Temmuz 2024<\/time><\/span>\n\t\t\t\t\t\t\t\t\t\t\t\t\t\t\t\t\t\t\t\t\t\t\t\t\t\t\t\t\t\t\t\t\t\t\t\t\t\t\t\t\t\t\t\t\t\t\t\t\t\t\t\t\t\t\t\t\t\t\t\t\t\t\t\t\t\t\t\t\t\t\t\t\t\t\t\t\t\t\t\t\t\t\t\t\t\t\t\t\t\t                                                        <\/div>\n\t\t\t\t\t\t\t\t\t\t\t\t\t\n\t\t\t\t\t\t\t\t\t\t\t\t\t\t\t\t\t\t\t\t\t\t\t\t\t\t\n                                                <\/div>\n\n\t\t\t\t\t\t\t\t\t\t\t\t                                            <\/div>\n                                        <\/div>\n                                    <\/div>\n                                \t\t\t\t\t\t\t\t\t\t\t\t\t\t\t\t                        <\/div>\n\n\t\t\t\t\t\t\n                    <\/div>\n\t\t\t\t\t            <\/div>\n        <\/div>\n\t\t\t\t\t\t<\/div>\n\t\t\t\t<\/div>\n\t\t\t\t<\/div>\n\t\t\t\t\t<\/div>\n\t\t\t\t<\/div>\n\t\t<div class=\"elementor-element elementor-element-fbc86dd e-flex e-con-boxed e-con e-parent\" data-id=\"fbc86dd\" data-element_type=\"container\" data-e-type=\"container\">\n\t\t\t\t\t<div class=\"e-con-inner\">\n\t\t<div class=\"elementor-element elementor-element-d43cb74 e-con-full e-flex e-con e-child\" data-id=\"d43cb74\" data-element_type=\"container\" data-e-type=\"container\">\n\t\t<div class=\"elementor-element elementor-element-2dd8728 e-con-full e-flex e-con e-child\" data-id=\"2dd8728\" data-element_type=\"container\" data-e-type=\"container\">\n\t\t\t\t<div class=\"elementor-element elementor-element-c1a9507 elementor-widget elementor-widget-image\" data-id=\"c1a9507\" data-element_type=\"widget\" data-e-type=\"widget\" data-widget_type=\"image.default\">\n\t\t\t\t<div class=\"elementor-widget-container\">\n\t\t\t\t\t\t\t\t\t\t\t\t<figure class=\"wp-caption\">\n\t\t\t\t\t\t\t\t\t\t\t<a href=\"https:\/\/tatd.org.tr\/arastirma\/pico_oner\/\" target=\"_blank\">\n\t\t\t\t\t\t\t<img decoding=\"async\" width=\"1024\" height=\"331\" src=\"https:\/\/tatd.org.tr\/arastirma\/wp-content\/uploads\/sites\/23\/2024\/07\/pico-1024x331.png\" class=\"elementor-animation-shrink attachment-large size-large wp-image-1637\" alt=\"\" srcset=\"https:\/\/tatd.org.tr\/arastirma\/wp-content\/uploads\/sites\/23\/2024\/07\/pico-1024x331.png 1024w, https:\/\/tatd.org.tr\/arastirma\/wp-content\/uploads\/sites\/23\/2024\/07\/pico-300x97.png 300w, https:\/\/tatd.org.tr\/arastirma\/wp-content\/uploads\/sites\/23\/2024\/07\/pico-768x248.png 768w, https:\/\/tatd.org.tr\/arastirma\/wp-content\/uploads\/sites\/23\/2024\/07\/pico-100x32.png 100w, https:\/\/tatd.org.tr\/arastirma\/wp-content\/uploads\/sites\/23\/2024\/07\/pico-1536x497.png 1536w, https:\/\/tatd.org.tr\/arastirma\/wp-content\/uploads\/sites\/23\/2024\/07\/pico-2048x662.png 2048w, https:\/\/tatd.org.tr\/arastirma\/wp-content\/uploads\/sites\/23\/2024\/07\/pico-1920x621.png 1920w, https:\/\/tatd.org.tr\/arastirma\/wp-content\/uploads\/sites\/23\/2024\/07\/pico-1170x378.png 1170w, https:\/\/tatd.org.tr\/arastirma\/wp-content\/uploads\/sites\/23\/2024\/07\/pico-585x189.png 585w\" sizes=\"(max-width: 1024px) 100vw, 1024px\" \/>\t\t\t\t\t\t\t\t<\/a>\n\t\t\t\t\t\t\t\t\t\t\t<figcaption class=\"widget-image-caption wp-caption-text\">Yan\u0131tlanmas\u0131n\u0131 istedi\u011finiz klinik sorular\u0131n\u0131z\u0131 bize iletin!<\/figcaption>\n\t\t\t\t\t\t\t\t\t\t<\/figure>\n\t\t\t\t\t\t\t\t\t<\/div>\n\t\t\t\t<\/div>\n\t\t\t\t<div class=\"elementor-element elementor-element-f1f65e3 elementor-widget elementor-widget-image\" data-id=\"f1f65e3\" data-element_type=\"widget\" data-e-type=\"widget\" data-widget_type=\"image.default\">\n\t\t\t\t<div class=\"elementor-widget-container\">\n\t\t\t\t\t\t\t\t\t\t\t\t<figure class=\"wp-caption\">\n\t\t\t\t\t\t\t\t\t\t<img decoding=\"async\" width=\"1024\" height=\"331\" src=\"https:\/\/tatd.org.tr\/arastirma\/wp-content\/uploads\/sites\/23\/2024\/07\/a2-1024x331.png\" class=\"elementor-animation-shrink attachment-large size-large wp-image-1640\" alt=\"\" srcset=\"https:\/\/tatd.org.tr\/arastirma\/wp-content\/uploads\/sites\/23\/2024\/07\/a2-1024x331.png 1024w, https:\/\/tatd.org.tr\/arastirma\/wp-content\/uploads\/sites\/23\/2024\/07\/a2-300x97.png 300w, https:\/\/tatd.org.tr\/arastirma\/wp-content\/uploads\/sites\/23\/2024\/07\/a2-768x248.png 768w, https:\/\/tatd.org.tr\/arastirma\/wp-content\/uploads\/sites\/23\/2024\/07\/a2-100x32.png 100w, https:\/\/tatd.org.tr\/arastirma\/wp-content\/uploads\/sites\/23\/2024\/07\/a2-1536x497.png 1536w, https:\/\/tatd.org.tr\/arastirma\/wp-content\/uploads\/sites\/23\/2024\/07\/a2-2048x662.png 2048w, https:\/\/tatd.org.tr\/arastirma\/wp-content\/uploads\/sites\/23\/2024\/07\/a2-1920x621.png 1920w, https:\/\/tatd.org.tr\/arastirma\/wp-content\/uploads\/sites\/23\/2024\/07\/a2-1170x378.png 1170w, https:\/\/tatd.org.tr\/arastirma\/wp-content\/uploads\/sites\/23\/2024\/07\/a2-585x189.png 585w\" sizes=\"(max-width: 1024px) 100vw, 1024px\" \/>\t\t\t\t\t\t\t\t\t\t\t<figcaption class=\"widget-image-caption wp-caption-text\">Hen\u00fcz yay\u0131nlanmam\u0131\u015f taslak rehberler i\u00e7in \u00f6neri yap!<\/figcaption>\n\t\t\t\t\t\t\t\t\t\t<\/figure>\n\t\t\t\t\t\t\t\t\t<\/div>\n\t\t\t\t<\/div>\n\t\t\t\t<\/div>\n\t\t\t\t<\/div>\n\t\t\t\t\t<\/div>\n\t\t\t\t<\/div>\n\t\t\t\t<\/div>\n\t\t","protected":false},"excerpt":{"rendered":"<p>\/*! elementor &#8211; v3.22.0 &#8211; 26-06-2024 *\/ .elementor-widget-image{text-align:center}.elementor-widget-image a{display:inline-block}.elementor-widget-image a img[src$=&#8221;.svg&#8221;]{width:48px}.elementor-widget-image img{vertical-align:middle;display:inline-block} Klinik Ara\u015ft\u0131rmalar &#8211; Test 19 Ocak 2024 Yan\u0131tlanmas\u0131n\u0131 istedi\u011finiz klinik&hellip;<\/p>\n","protected":false},"author":1385,"featured_media":0,"parent":0,"menu_order":0,"comment_status":"closed","ping_status":"closed","template":"","meta":{"_acf_changed":false,"inline_featured_image":false,"_lmt_disableupdate":"","_lmt_disable":"","footnotes":""},"class_list":["post-1654","page","type-page","status-publish","hentry"],"acf":[],"_links":{"self":[{"href":"https:\/\/tatd.org.tr\/arastirma\/wp-json\/wp\/v2\/pages\/1654","targetHints":{"allow":["GET"]}}],"collection":[{"href":"https:\/\/tatd.org.tr\/arastirma\/wp-json\/wp\/v2\/pages"}],"about":[{"href":"https:\/\/tatd.org.tr\/arastirma\/wp-json\/wp\/v2\/types\/page"}],"author":[{"embeddable":true,"href":"https:\/\/tatd.org.tr\/arastirma\/wp-json\/wp\/v2\/users\/1385"}],"replies":[{"embeddable":true,"href":"https:\/\/tatd.org.tr\/arastirma\/wp-json\/wp\/v2\/comments?post=1654"}],"version-history":[{"count":0,"href":"https:\/\/tatd.org.tr\/arastirma\/wp-json\/wp\/v2\/pages\/1654\/revisions"}],"wp:attachment":[{"href":"https:\/\/tatd.org.tr\/arastirma\/wp-json\/wp\/v2\/media?parent=1654"}],"curies":[{"name":"wp","href":"https:\/\/api.w.org\/{rel}","templated":true}]}}