{"id":1650,"date":"2024-07-21T18:54:00","date_gmt":"2024-07-21T15:54:00","guid":{"rendered":"https:\/\/tatd.org.tr\/arastirma\/?page_id=1650"},"modified":"2024-07-23T12:10:53","modified_gmt":"2024-07-23T09:10:53","slug":"kanita-dayali-cevaplar","status":"publish","type":"page","link":"https:\/\/tatd.org.tr\/arastirma\/kanita-dayali-cevaplar\/","title":{"rendered":"Kan\u0131ta Dayal\u0131 Cevaplar"},"content":{"rendered":"\t\t<div data-elementor-type=\"wp-page\" data-elementor-id=\"1650\" class=\"elementor elementor-1650\" data-elementor-post-type=\"page\">\n\t\t\t\t<div class=\"elementor-element elementor-element-a489556 e-flex e-con-boxed e-con e-parent\" data-id=\"a489556\" data-element_type=\"container\" data-e-type=\"container\">\n\t\t\t\t\t<div class=\"e-con-inner\">\n\t\t<div class=\"elementor-element elementor-element-341a2ad e-con-full e-flex e-con e-child\" data-id=\"341a2ad\" data-element_type=\"container\" data-e-type=\"container\">\n\t\t\t\t<div class=\"elementor-element elementor-element-12d8cd4 elementor-widget elementor-widget-image\" data-id=\"12d8cd4\" data-element_type=\"widget\" data-e-type=\"widget\" data-widget_type=\"image.default\">\n\t\t\t\t<div class=\"elementor-widget-container\">\n\t\t\t\t\t\t\t\t\t\t\t\t\t\t\t<img fetchpriority=\"high\" decoding=\"async\" width=\"800\" height=\"903\" src=\"https:\/\/tatd.org.tr\/arastirma\/wp-content\/uploads\/sites\/23\/2024\/07\/aaa.jpg\" class=\"attachment-large size-large wp-image-1651\" alt=\"\" srcset=\"https:\/\/tatd.org.tr\/arastirma\/wp-content\/uploads\/sites\/23\/2024\/07\/aaa.jpg 800w, https:\/\/tatd.org.tr\/arastirma\/wp-content\/uploads\/sites\/23\/2024\/07\/aaa-266x300.jpg 266w, https:\/\/tatd.org.tr\/arastirma\/wp-content\/uploads\/sites\/23\/2024\/07\/aaa-768x867.jpg 768w, https:\/\/tatd.org.tr\/arastirma\/wp-content\/uploads\/sites\/23\/2024\/07\/aaa-89x100.jpg 89w, https:\/\/tatd.org.tr\/arastirma\/wp-content\/uploads\/sites\/23\/2024\/07\/aaa-585x660.jpg 585w\" sizes=\"(max-width: 800px) 100vw, 800px\" \/>\t\t\t\t\t\t\t\t\t\t\t\t\t\t\t<\/div>\n\t\t\t\t<\/div>\n\t\t\t\t<\/div>\n\t\t<div class=\"elementor-element elementor-element-275b256 e-con-full e-flex e-con e-child\" data-id=\"275b256\" data-element_type=\"container\" data-e-type=\"container\">\n\t\t\t\t<div class=\"elementor-element elementor-element-0f6d992 elementor-widget elementor-widget-penci-small-list\" data-id=\"0f6d992\" data-element_type=\"widget\" data-e-type=\"widget\" data-widget_type=\"penci-small-list.default\">\n\t\t\t\t<div class=\"elementor-widget-container\">\n\t\t\t\t\t<script>if( typeof(penciBlock) === \"undefined\" ) {function penciBlock() { this.atts_json = ''; this.content = ''; }}var penciBlocksArray = penciBlocksArray || [];var PENCILOCALCACHE = PENCILOCALCACHE || {};var pcblock_1332 = new penciBlock();pcblock_1332.blockID=\"pcblock_1332\";pcblock_1332.atts_json = '{\"type\":\"grid\",\"dformat\":\"\",\"date_pos\":\"left\",\"column\":\"1\",\"tab_column\":\"\",\"mb_column\":\"\",\"imgpos\":\"left\",\"thumb_size\":\"\",\"mthumb_size\":\"\",\"post_meta\":[\"title\",\"date\"],\"primary_cat\":\"\",\"title_length\":\"\",\"excerpt_pos\":\"below\",\"rmstyle\":\"filled\",\"excerpt_length\":15,\"nocrop\":\"\",\"hide_cat_mobile\":\"\",\"hide_meta_mobile\":\"\",\"hide_excerpt_mobile\":\"\",\"hide_rm_mobile\":\"\",\"imgtop_mobile\":\"\",\"ver_border\":\"\",\"hide_thumb\":\"\",\"show_reviewpie\":\"\",\"show_formaticon\":\"\",\"disable_lazy\":\"\",\"show_excerpt\":\"\",\"show_readmore\":\"\",\"query\":{\"orderby\":\"date\",\"order\":\"desc\",\"ignore_sticky_posts\":1,\"post_status\":\"publish\",\"post__not_in\":[],\"post_type\":\"post\",\"posts_per_page\":6,\"tax_query\":[{\"taxonomy\":\"category\",\"field\":\"term_id\",\"terms\":[\"10017\"]}]},\"category_ids\":\"\",\"taxonomy\":\"\"}';penciBlocksArray.push(pcblock_1332);<\/script>        <div class=\"penci-wrapper-smalllist\">\n\t\t\t\t\t\t            <div class=\"penci-smalllist-wrapper\">\n\t\t\t\t                    <div class=\"penci-smalllist pcsl-wrapper pwsl-id-default\">\n                        <div class=\"pcsl-inner penci-clearfix pcsl-grid pcsl-imgpos-left pcsl-col-1 pcsl-tabcol-2 pcsl-mobcol-1\">\n\t\t\t\t\t\t\t\t\t\t\t\t\t\t\t\t\t\t\t\t\t\t\t\t                                    <div class=\"pcsl-item pcsl-nothumb\">\n                                        <div class=\"pcsl-itemin\">\n                                            <div class=\"pcsl-iteminer\">\n\t\t\t\t\t\t\t\t\t\t\t\t\n\t\t\t\t\t\t\t\t\t\t\t\t                                                <div class=\"pcsl-content\">\n\t\t\t\t\t\t\t\t\t\t\t\t\t\n\t\t\t\t\t\t\t\t\t\t\t\t\t                                                        <div class=\"pcsl-title\">\n                                                            <a href=\"https:\/\/tatd.org.tr\/arastirma\/2024\/07\/26\/acil-serviste-hipotansif-hastalarin-ventilasyon-yonetiminde-nimv-ve-imv-icin-peep-kullanilabilir-mi\/\">Acil serviste hipotansif hastalar\u0131n ventilasyon y\u00f6netiminde NIMV ve IMV i\u00e7in PEEP kullan\u0131labilir mi?<\/a>\n                                                        <\/div>\n\t\t\t\t\t\t\t\t\t\t\t\t\t\n\t\t\t\t\t\t\t\t\t\t\t\t\t                                                        <div class=\"grid-post-box-meta pcsl-meta\">\n\t\t\t\t\t\t\t\t\t\t\t\t\t\t\t\t\t\t\t\t\t\t\t\t\t\t\t\t\t\t                                                                <span class=\"sl-date\"><time class=\"entry-date published\" datetime=\"2024-07-26T11:07:37+03:00\">26 Temmuz 2024<\/time><\/span>\n\t\t\t\t\t\t\t\t\t\t\t\t\t\t\t\t\t\t\t\t\t\t\t\t\t\t\t\t\t\t\t\t\t\t\t\t\t\t\t\t\t\t\t\t\t\t\t\t\t\t\t\t\t\t\t\t\t\t\t\t\t\t\t\t\t\t\t\t\t\t\t\t\t\t\t\t\t\t\t\t\t\t\t\t\t\t\t\t\t\t                                                        <\/div>\n\t\t\t\t\t\t\t\t\t\t\t\t\t\n\t\t\t\t\t\t\t\t\t\t\t\t\t\t\t\t\t\t\t\t\t\t\t\t\t\t\n                                                <\/div>\n\n\t\t\t\t\t\t\t\t\t\t\t\t                                            <\/div>\n                                        <\/div>\n                                    <\/div>\n                                \t\t\t\t\t\t\t\t\t\t\t\t\t\t\t\t\t                                    <div class=\"pcsl-item pcsl-nothumb\">\n                                        <div class=\"pcsl-itemin\">\n                                            <div class=\"pcsl-iteminer\">\n\t\t\t\t\t\t\t\t\t\t\t\t\n\t\t\t\t\t\t\t\t\t\t\t\t                                                <div class=\"pcsl-content\">\n\t\t\t\t\t\t\t\t\t\t\t\t\t\n\t\t\t\t\t\t\t\t\t\t\t\t\t                                                        <div class=\"pcsl-title\">\n                                                            <a href=\"https:\/\/tatd.org.tr\/arastirma\/2024\/07\/20\/kafa-trv-da-hipertonik-salinle-mannitol-kdc\/\">Travmatik Beyin Hasarl\u0131 Hastalarda Artm\u0131\u015f \u0130ntrakranial Bas\u0131nc\u0131n Y\u00f6netiminde Hipertonik Salin &amp; Mannitol<\/a>\n                                                        <\/div>\n\t\t\t\t\t\t\t\t\t\t\t\t\t\n\t\t\t\t\t\t\t\t\t\t\t\t\t                                                        <div class=\"grid-post-box-meta pcsl-meta\">\n\t\t\t\t\t\t\t\t\t\t\t\t\t\t\t\t\t\t\t\t\t\t\t\t\t\t\t\t\t\t                                                                <span class=\"sl-date\"><time class=\"entry-date published\" datetime=\"2024-07-20T16:30:54+03:00\">20 Temmuz 2024<\/time><\/span>\n\t\t\t\t\t\t\t\t\t\t\t\t\t\t\t\t\t\t\t\t\t\t\t\t\t\t\t\t\t\t\t\t\t\t\t\t\t\t\t\t\t\t\t\t\t\t\t\t\t\t\t\t\t\t\t\t\t\t\t\t\t\t\t\t\t\t\t\t\t\t\t\t\t\t\t\t\t\t\t\t\t\t\t\t\t\t\t\t\t\t                                                        <\/div>\n\t\t\t\t\t\t\t\t\t\t\t\t\t\n\t\t\t\t\t\t\t\t\t\t\t\t\t\t\t\t\t\t\t\t\t\t\t\t\t\t\n                                                <\/div>\n\n\t\t\t\t\t\t\t\t\t\t\t\t                                            <\/div>\n                                        <\/div>\n                                    <\/div>\n                                \t\t\t\t\t\t\t\t\t\t\t\t\t\t\t\t                        <\/div>\n\n\t\t\t\t\t\t\n                    <\/div>\n\t\t\t\t\t            <\/div>\n        <\/div>\n\t\t\t\t\t\t<\/div>\n\t\t\t\t<\/div>\n\t\t\t\t<\/div>\n\t\t\t\t\t<\/div>\n\t\t\t\t<\/div>\n\t\t<div class=\"elementor-element elementor-element-9bfe688 e-flex e-con-boxed e-con e-parent\" data-id=\"9bfe688\" data-element_type=\"container\" data-e-type=\"container\">\n\t\t\t\t\t<div class=\"e-con-inner\">\n\t\t<div class=\"elementor-element elementor-element-84b0141 e-con-full e-flex e-con e-child\" data-id=\"84b0141\" data-element_type=\"container\" data-e-type=\"container\">\n\t\t<div class=\"elementor-element elementor-element-adb701b e-con-full e-flex e-con e-child\" data-id=\"adb701b\" data-element_type=\"container\" data-e-type=\"container\">\n\t\t\t\t<div class=\"elementor-element elementor-element-c0a7dbd elementor-widget elementor-widget-image\" data-id=\"c0a7dbd\" data-element_type=\"widget\" data-e-type=\"widget\" data-widget_type=\"image.default\">\n\t\t\t\t<div class=\"elementor-widget-container\">\n\t\t\t\t\t\t\t\t\t\t\t\t<figure class=\"wp-caption\">\n\t\t\t\t\t\t\t\t\t\t\t<a href=\"https:\/\/tatd.org.tr\/arastirma\/pico_oner\/\" target=\"_blank\">\n\t\t\t\t\t\t\t<img decoding=\"async\" width=\"1024\" height=\"331\" src=\"https:\/\/tatd.org.tr\/arastirma\/wp-content\/uploads\/sites\/23\/2024\/07\/pico-1024x331.png\" class=\"elementor-animation-shrink attachment-large size-large wp-image-1637\" alt=\"\" srcset=\"https:\/\/tatd.org.tr\/arastirma\/wp-content\/uploads\/sites\/23\/2024\/07\/pico-1024x331.png 1024w, https:\/\/tatd.org.tr\/arastirma\/wp-content\/uploads\/sites\/23\/2024\/07\/pico-300x97.png 300w, https:\/\/tatd.org.tr\/arastirma\/wp-content\/uploads\/sites\/23\/2024\/07\/pico-768x248.png 768w, https:\/\/tatd.org.tr\/arastirma\/wp-content\/uploads\/sites\/23\/2024\/07\/pico-100x32.png 100w, https:\/\/tatd.org.tr\/arastirma\/wp-content\/uploads\/sites\/23\/2024\/07\/pico-1536x497.png 1536w, https:\/\/tatd.org.tr\/arastirma\/wp-content\/uploads\/sites\/23\/2024\/07\/pico-2048x662.png 2048w, https:\/\/tatd.org.tr\/arastirma\/wp-content\/uploads\/sites\/23\/2024\/07\/pico-1920x621.png 1920w, https:\/\/tatd.org.tr\/arastirma\/wp-content\/uploads\/sites\/23\/2024\/07\/pico-1170x378.png 1170w, https:\/\/tatd.org.tr\/arastirma\/wp-content\/uploads\/sites\/23\/2024\/07\/pico-585x189.png 585w\" sizes=\"(max-width: 1024px) 100vw, 1024px\" \/>\t\t\t\t\t\t\t\t<\/a>\n\t\t\t\t\t\t\t\t\t\t\t<figcaption class=\"widget-image-caption wp-caption-text\">Yan\u0131tlanmas\u0131n\u0131 istedi\u011finiz klinik sorular\u0131n\u0131z\u0131 bize iletin!<\/figcaption>\n\t\t\t\t\t\t\t\t\t\t<\/figure>\n\t\t\t\t\t\t\t\t\t<\/div>\n\t\t\t\t<\/div>\n\t\t\t\t<div class=\"elementor-element elementor-element-82d83fd elementor-widget elementor-widget-image\" data-id=\"82d83fd\" data-element_type=\"widget\" data-e-type=\"widget\" data-widget_type=\"image.default\">\n\t\t\t\t<div class=\"elementor-widget-container\">\n\t\t\t\t\t\t\t\t\t\t\t\t<figure class=\"wp-caption\">\n\t\t\t\t\t\t\t\t\t\t<img decoding=\"async\" width=\"1024\" height=\"331\" src=\"https:\/\/tatd.org.tr\/arastirma\/wp-content\/uploads\/sites\/23\/2024\/07\/a2-1024x331.png\" class=\"elementor-animation-shrink attachment-large size-large wp-image-1640\" alt=\"\" srcset=\"https:\/\/tatd.org.tr\/arastirma\/wp-content\/uploads\/sites\/23\/2024\/07\/a2-1024x331.png 1024w, https:\/\/tatd.org.tr\/arastirma\/wp-content\/uploads\/sites\/23\/2024\/07\/a2-300x97.png 300w, https:\/\/tatd.org.tr\/arastirma\/wp-content\/uploads\/sites\/23\/2024\/07\/a2-768x248.png 768w, https:\/\/tatd.org.tr\/arastirma\/wp-content\/uploads\/sites\/23\/2024\/07\/a2-100x32.png 100w, https:\/\/tatd.org.tr\/arastirma\/wp-content\/uploads\/sites\/23\/2024\/07\/a2-1536x497.png 1536w, https:\/\/tatd.org.tr\/arastirma\/wp-content\/uploads\/sites\/23\/2024\/07\/a2-2048x662.png 2048w, https:\/\/tatd.org.tr\/arastirma\/wp-content\/uploads\/sites\/23\/2024\/07\/a2-1920x621.png 1920w, https:\/\/tatd.org.tr\/arastirma\/wp-content\/uploads\/sites\/23\/2024\/07\/a2-1170x378.png 1170w, https:\/\/tatd.org.tr\/arastirma\/wp-content\/uploads\/sites\/23\/2024\/07\/a2-585x189.png 585w\" sizes=\"(max-width: 1024px) 100vw, 1024px\" \/>\t\t\t\t\t\t\t\t\t\t\t<figcaption class=\"widget-image-caption wp-caption-text\">Hen\u00fcz yay\u0131nlanmam\u0131\u015f taslak rehberler i\u00e7in \u00f6neri yap!<\/figcaption>\n\t\t\t\t\t\t\t\t\t\t<\/figure>\n\t\t\t\t\t\t\t\t\t<\/div>\n\t\t\t\t<\/div>\n\t\t\t\t<\/div>\n\t\t\t\t<\/div>\n\t\t\t\t\t<\/div>\n\t\t\t\t<\/div>\n\t\t\t\t<\/div>\n\t\t","protected":false},"excerpt":{"rendered":"<p>\/*! elementor &#8211; v3.22.0 &#8211; 26-06-2024 *\/ .elementor-widget-image{text-align:center}.elementor-widget-image a{display:inline-block}.elementor-widget-image a img[src$=&#8221;.svg&#8221;]{width:48px}.elementor-widget-image img{vertical-align:middle;display:inline-block} Statusta kepra vs valproik asit-KDC 20 Temmuz 2024 Kafa trv&hellip;<\/p>\n","protected":false},"author":1385,"featured_media":0,"parent":0,"menu_order":0,"comment_status":"closed","ping_status":"closed","template":"","meta":{"_acf_changed":false,"inline_featured_image":false,"_lmt_disableupdate":"","_lmt_disable":"","footnotes":""},"class_list":["post-1650","page","type-page","status-publish","hentry"],"acf":[],"_links":{"self":[{"href":"https:\/\/tatd.org.tr\/arastirma\/wp-json\/wp\/v2\/pages\/1650","targetHints":{"allow":["GET"]}}],"collection":[{"href":"https:\/\/tatd.org.tr\/arastirma\/wp-json\/wp\/v2\/pages"}],"about":[{"href":"https:\/\/tatd.org.tr\/arastirma\/wp-json\/wp\/v2\/types\/page"}],"author":[{"embeddable":true,"href":"https:\/\/tatd.org.tr\/arastirma\/wp-json\/wp\/v2\/users\/1385"}],"replies":[{"embeddable":true,"href":"https:\/\/tatd.org.tr\/arastirma\/wp-json\/wp\/v2\/comments?post=1650"}],"version-history":[{"count":0,"href":"https:\/\/tatd.org.tr\/arastirma\/wp-json\/wp\/v2\/pages\/1650\/revisions"}],"wp:attachment":[{"href":"https:\/\/tatd.org.tr\/arastirma\/wp-json\/wp\/v2\/media?parent=1650"}],"curies":[{"name":"wp","href":"https:\/\/api.w.org\/{rel}","templated":true}]}}