{"id":16,"date":"2021-11-02T08:17:33","date_gmt":"2021-11-02T08:17:33","guid":{"rendered":"https:\/\/soledaddemo.pencidesign.net\/soledad-modern-news-magazine\/?page_id=16"},"modified":"2024-07-25T11:29:44","modified_gmt":"2024-07-25T08:29:44","slug":"pico_oner","status":"publish","type":"page","link":"https:\/\/tatd.org.tr\/arastirma\/pico_oner\/","title":{"rendered":"PICO \u00d6ner"},"content":{"rendered":"\t\t<div data-elementor-type=\"wp-page\" data-elementor-id=\"16\" class=\"elementor elementor-16\" data-elementor-post-type=\"page\">\n\t\t\t\t<div class=\"elementor-element elementor-element-05c8ba2 e-flex e-con-boxed e-con e-parent\" data-id=\"05c8ba2\" data-element_type=\"container\" data-e-type=\"container\">\n\t\t\t\t\t<div class=\"e-con-inner\">\n\t\t<div class=\"elementor-element elementor-element-763e2b8 e-con-full e-flex e-con e-child\" data-id=\"763e2b8\" data-element_type=\"container\" data-e-type=\"container\">\n\t\t\t\t<div class=\"elementor-element elementor-element-38aad71 elementor-widget elementor-widget-text-editor\" data-id=\"38aad71\" data-element_type=\"widget\" data-e-type=\"widget\" data-widget_type=\"text-editor.default\">\n\t\t\t\t<div class=\"elementor-widget-container\">\n\t\t\t\t\t\t\t\t\t<p><b>L\u00dcTFEN OKUYUN!<\/b><\/p><p>\u00a0<\/p><div>De\u011ferli Acil T\u0131p Doktorlar\u0131,<div>AKOM olarak siz sahada \u00e7al\u0131\u015fan hekimlerimizin yan\u0131tlanmas\u0131n\u0131 istedikleri klinik sorular\u0131n\u0131z\u0131 kan\u0131ta dayal\u0131 olarak yan\u0131tlamay\u0131 ve web sitemizin &#8220;Kan\u0131ta Dayal\u0131 Cevaplar&#8221; (KDC) b\u00f6l\u00fcm\u00fcnde yay\u0131nlamay\u0131 ama\u00e7lamaktay\u0131z.<\/div><div>\u00d6zellikle k\u0131lavuzlarda ve\/veya literat\u00fcrde kar\u015f\u0131l\u0131\u011f\u0131 olmayan ya da o konuda \u00e7eli\u015fkili \u00f6neriler olan, veya k\u0131lavuz \u00f6nerisinin T\u00fcrkiye \u00f6zelinde uygulanamaz oldu\u011funu d\u00fc\u015f\u00fcnd\u00fc\u011f\u00fcn\u00fcz klinik sorular\u0131n\u0131z\u0131 l\u00fctfen bize iletin. Sizlerden gelen klinik sorular\u0131 de\u011ferlendirerek cevaplamaya uygun oldu\u011funa karar verilenleri kan\u0131ta dayal\u0131 olarak cevaplayaca\u011f\u0131z. Sizden ricam\u0131z klinik sorular\u0131 m\u00fcmk\u00fcnse <b>PICO\u00a0<\/b>format\u0131na uygun olarak g\u00f6ndermeniz.\u00a0<\/div><div>\u00a0<\/div><div><i><b>A\u015fa\u011f\u0131da bir klinik soru ve bu sorunun PICO format\u0131na g\u00f6re nas\u0131l yap\u0131land\u0131r\u0131ld\u0131\u011f\u0131n\u0131n \u00f6rne\u011fini bulacaks\u0131n\u0131z:<\/b><\/i><\/div><div>\u00a0<\/div><div><b>\u00d6rnek klinik soru:<\/b><\/div><div>-Acil t\u0131p doktoru olarak \u00e7oklu travmas\u0131 olan hastalarda tomografi isterken acaba son zamanlarda yayg\u0131nla\u015fan bir protokol olan\u00a0<b>Pan-CT<\/b>\u00a0(<span style=\"text-decoration: underline\">T\u00fcm v\u00fccut BT<\/span>: ba\u015f, boyun, toraks, bat\u0131n ve pelvis BT) mi istemeli yoksa ATLS k\u0131lavuzunda \u00f6nerildi\u011fi \u015fekilde \u00f6nce fizik muayene, grafi, USG ve sonra se\u00e7ili b\u00f6lgenin (\u00f6rne\u011fin sadece bat\u0131n BT) tomografisi mi istenmeli (Se\u00e7ici<span style=\"text-decoration: underline\">\u00a0BT<\/span>) diye merak ediyorsunuz. Acaba Pan-CT yakla\u015f\u0131m\u0131, mortalite oranlar\u0131n\u0131 azalt\u0131yor mu? Literat\u00fcrdeki kan\u0131tlar bize ne diyor?<\/div><\/div><div>\u00a0<\/div><div><b>Bu soruyu PICO format\u0131na uygun hale getirip do\u011fru bir ara\u015ft\u0131rma sorusuna \u00e7evirecek olursak:<\/b><\/div><div>\u00a0<\/div><div><b>P<\/b>\u00a0(Patient, population, problem): Acil servise gelen \u00e7oklu travma hastalar\u0131nda<\/div><div><b>I<\/b>\u00a0(Intervention-m\u00fcdahale): Pan-CT yakla\u015f\u0131m\u0131n\u0131n<\/div><div><b>C<\/b> (Comparison-kar\u015f\u0131la\u015ft\u0131rma): Geleneksel ATLS \u00f6nerisi olan se\u00e7ici BT yakla\u015f\u0131m\u0131na k\u0131yasla<\/div><div><b>O<\/b>\u00a0(Outcome-Sonlan\u0131m): Mortalite s\u0131kl\u0131klar\u0131 a\u00e7\u0131s\u0131ndan fark var m\u0131d\u0131r?<\/div><div>\u00a0<\/div><div><b>Ara\u015ft\u0131rma sorusunun bize g\u00f6ndermemizi istedi\u011fimiz son hali:\u00a0<\/b><\/div><div><div>&#8220;Acil servise gelen \u00e7oklu travma hastalar\u0131nda Pan-CT yakla\u015f\u0131m\u0131 ile geleneksel ATLS \u00f6nerisi olan se\u00e7ici BT yakla\u015f\u0131m\u0131n\u0131n mortalite s\u0131kl\u0131klar\u0131 a\u00e7\u0131s\u0131ndan bir fark var m\u0131d\u0131r?&#8221;<\/div><div>\u00a0<\/div><\/div><div><strong>NOT<\/strong>: PICO format\u0131na d\u00f6n\u00fc\u015ft\u00fcremedi\u011finiz ya da bu formata uygun olmayan sorular\u0131n\u0131z\u0131 serbest metin \u015feklinde de iletebilirsiniz.<\/div>\t\t\t\t\t\t\t\t<\/div>\n\t\t\t\t<\/div>\n\t\t\t\t<\/div>\n\t\t<div class=\"elementor-element elementor-element-7800481 e-con-full e-flex e-con e-child\" data-id=\"7800481\" data-element_type=\"container\" data-e-type=\"container\">\n\t\t\t\t<div class=\"elementor-element elementor-element-5a2fecd elementor-widget__width-initial elementor-widget elementor-widget-shortcode\" data-id=\"5a2fecd\" data-element_type=\"widget\" data-e-type=\"widget\" data-widget_type=\"shortcode.default\">\n\t\t\t\t<div class=\"elementor-widget-container\">\n\t\t\t\t\t\t\t<div class=\"elementor-shortcode\">\n<div class=\"wpcf7 no-js\" id=\"wpcf7-f1698-o1\" lang=\"tr-TR\" dir=\"ltr\" data-wpcf7-id=\"1698\">\n<div class=\"screen-reader-response\"><p role=\"status\" aria-live=\"polite\" aria-atomic=\"true\"><\/p> <ul><\/ul><\/div>\n<form action=\"\/arastirma\/wp-json\/wp\/v2\/pages\/16#wpcf7-f1698-o1\" method=\"post\" class=\"wpcf7-form init\" aria-label=\"\u0130leti\u015fim Formu\" novalidate=\"novalidate\" data-status=\"init\">\n<fieldset class=\"hidden-fields-container\"><input type=\"hidden\" name=\"_wpcf7\" value=\"1698\" \/><input type=\"hidden\" name=\"_wpcf7_version\" value=\"6.1.5\" \/><input type=\"hidden\" name=\"_wpcf7_locale\" value=\"tr_TR\" \/><input type=\"hidden\" name=\"_wpcf7_unit_tag\" value=\"wpcf7-f1698-o1\" \/><input type=\"hidden\" name=\"_wpcf7_container_post\" value=\"0\" \/><input type=\"hidden\" name=\"_wpcf7_posted_data_hash\" value=\"\" \/>\n<\/fieldset>\n<p><label><\/label>\n<\/p>\n<p>Ad\u0131n\u0131z ve Soyad\u0131n\u0131z\n<\/p>\n<p><span class=\"wpcf7-form-control-wrap\" data-name=\"your-name\"><input size=\"40\" maxlength=\"400\" class=\"wpcf7-form-control wpcf7-text wpcf7-validates-as-required\" autocomplete=\"name\" aria-required=\"true\" aria-invalid=\"false\" placeholder=\"Bu alana ad ve soyad\u0131n\u0131z\u0131 girin\" value=\"\" type=\"text\" name=\"your-name\" \/><\/span>\n<\/p>\n<p><label><\/label>\n<\/p>\n<p>E-posta adresiniz\n<\/p>\n<p><label><span class=\"wpcf7-form-control-wrap\" data-name=\"your-email\"><input size=\"40\" maxlength=\"400\" class=\"wpcf7-form-control wpcf7-email wpcf7-validates-as-required wpcf7-text wpcf7-validates-as-email\" autocomplete=\"email\" aria-required=\"true\" aria-invalid=\"false\" placeholder=\"e-posta adresinizi buraya girin\" value=\"\" type=\"email\" name=\"your-email\" \/><\/span><\/label>\n<\/p>\n<p><label><\/label>\n<\/p>\n<p>Klinik Soru Konusu\n<\/p>\n<p><label><span class=\"wpcf7-form-control-wrap\" data-name=\"your-subject\"><textarea cols=\"40\" rows=\"10\" maxlength=\"2000\" class=\"wpcf7-form-control wpcf7-textarea wpcf7-validates-as-required\" aria-required=\"true\" aria-invalid=\"false\" placeholder=\"Klinik sorunun konusunu buraya yaz\u0131n. \n\u00d6rn. Travmada g\u00f6r\u00fcnt\u00fcleme, \u00c7ocuklarda s\u0131v\u0131 res\u00fcsitasyonu gibi\" name=\"your-subject\"><\/textarea><\/span><\/label>\n<\/p>\n<p><label><\/label>\n<\/p>\n<p>Klinik Sorunuz\n<\/p>\n<p><label> <span class=\"wpcf7-form-control-wrap\" data-name=\"your-message\"><textarea cols=\"40\" rows=\"10\" maxlength=\"2000\" class=\"wpcf7-form-control wpcf7-textarea wpcf7-validates-as-required\" aria-required=\"true\" aria-invalid=\"false\" placeholder=\"Klinik sorunuzu bu alana yaz\u0131n. \nM\u00fcmk\u00fcnse sorunuzu PICO format\u0131nda yaz\u0131n, m\u00fcmk\u00fcn de\u011filse serbest metin olarak yazabilirsiniz (Sa\u011f tarafta PICO format\u0131 ile ilgili detayl\u0131 a\u00e7\u0131klama mevcut).\" name=\"your-message\"><\/textarea><\/span> <\/label>\n<\/p>\n<p><label>Not: Birden fazla sorunuz varsa alt alta yazabilirsiniz.<\/label><br \/>\n<div class=\"cf7-cf-turnstile\" style=\"margin-top: 0px; margin-bottom: -15px;\"> <div id=\"cf-turnstile-cf7-2714555564\" class=\"cf-turnstile\" data-sitekey=\"0x4AAAAAAADgERcYGvRHQ3f-\" data-theme=\"light\" data-language=\"auto\" data-size=\"normal\" data-retry=\"auto\" data-retry-interval=\"1000\" data-refresh-expired=\"auto\" data-refresh-timeout=\"auto\" data-action=\"contact-form-7\" data-callback=\"turnstileCF7Callback\" data-error-callback=\"cfturnstileErrorCallback\" data-appearance=\"always\"><\/div> <div class=\"cf-turnstile-failed-text cf-turnstile-failed-text-cf7-2714555564\"><\/div> <script> function cfturnstileErrorCallback() { var cfTurnstileFailedText = document.querySelector('.cf-turnstile-failed-text-cf7-2714555564'); cfTurnstileFailedText.innerHTML = '<p><i>\u0130nsan oldu\u011funuz do\u011frulanamad\u0131. Sorun ya\u015f\u0131yorsan\u0131z l\u00fctfen bizimle ileti\u015fime ge\u00e7in.<\/i><\/p>'; } function cfturnstileCallback() { var cfTurnstileFailedText = document.querySelector('.cf-turnstile-failed-text-cf7-2714555564'); cfTurnstileFailedText.innerHTML = ''; } <\/script> <script>document.addEventListener(\"DOMContentLoaded\", function() { setTimeout(function(){ var e=document.getElementById(\"cf-turnstile-cf7-2714555564\"); if(e&&!e.innerHTML.trim()){turnstile.render(e, {sitekey:\"0x4AAAAAAADgERcYGvRHQ3f-\"});} }, 200); });<\/script> <br class=\"cf-turnstile-br cf-turnstile-br-cf7-2714555564\"> <style>#cf-turnstile-cf7-2714555564 { margin-left: -15px; }<\/style> <script>document.addEventListener(\"DOMContentLoaded\",function(){document.querySelectorAll('.wpcf7-form').forEach(function(e){e.addEventListener('submit',function(){if(document.getElementById('cf-turnstile-cf7-2714555564')){setTimeout(function(){turnstile.reset('#cf-turnstile-cf7-2714555564');},1000)}})})});<\/script> <\/div><br\/><input class=\"wpcf7-form-control wpcf7-submit has-spinner\" type=\"submit\" value=\"G\u00f6nder\" \/>\n<\/p><p style=\"display: none !important;\" class=\"akismet-fields-container\" data-prefix=\"_wpcf7_ak_\"><label>&#916;<textarea name=\"_wpcf7_ak_hp_textarea\" cols=\"45\" rows=\"8\" maxlength=\"100\"><\/textarea><\/label><input type=\"hidden\" id=\"ak_js_1\" name=\"_wpcf7_ak_js\" value=\"27\"\/><script type=\"text\/javascript\">\n\/* <![CDATA[ *\/\ndocument.getElementById( \"ak_js_1\" ).setAttribute( \"value\", ( new Date() ).getTime() );\n\/* ]]> *\/\n<\/script>\n<\/p><div class=\"wpcf7-response-output\" aria-hidden=\"true\"><\/div>\n<\/form>\n<\/div>\n<\/div>\n\t\t\t\t\t\t<\/div>\n\t\t\t\t<\/div>\n\t\t\t\t<\/div>\n\t\t\t\t\t<\/div>\n\t\t\t\t<\/div>\n\t\t\t\t<\/div>\n\t\t","protected":false},"excerpt":{"rendered":"<p>L\u00dcTFEN OKUYUN! \u00a0 De\u011ferli Acil T\u0131p Doktorlar\u0131,AKOM olarak siz sahada \u00e7al\u0131\u015fan hekimlerimizin yan\u0131tlanmas\u0131n\u0131 istedikleri klinik sorular\u0131n\u0131z\u0131 kan\u0131ta dayal\u0131 olarak yan\u0131tlamay\u0131 ve web&hellip;<\/p>\n","protected":false},"author":6041,"featured_media":0,"parent":0,"menu_order":0,"comment_status":"closed","ping_status":"closed","template":"page-fullwidth.php","meta":{"_acf_changed":false,"inline_featured_image":false,"_lmt_disableupdate":"","_lmt_disable":"","footnotes":""},"class_list":["post-16","page","type-page","status-publish","hentry"],"acf":[],"_links":{"self":[{"href":"https:\/\/tatd.org.tr\/arastirma\/wp-json\/wp\/v2\/pages\/16","targetHints":{"allow":["GET"]}}],"collection":[{"href":"https:\/\/tatd.org.tr\/arastirma\/wp-json\/wp\/v2\/pages"}],"about":[{"href":"https:\/\/tatd.org.tr\/arastirma\/wp-json\/wp\/v2\/types\/page"}],"author":[{"embeddable":true,"href":"https:\/\/tatd.org.tr\/arastirma\/wp-json\/wp\/v2\/users\/6041"}],"replies":[{"embeddable":true,"href":"https:\/\/tatd.org.tr\/arastirma\/wp-json\/wp\/v2\/comments?post=16"}],"version-history":[{"count":0,"href":"https:\/\/tatd.org.tr\/arastirma\/wp-json\/wp\/v2\/pages\/16\/revisions"}],"wp:attachment":[{"href":"https:\/\/tatd.org.tr\/arastirma\/wp-json\/wp\/v2\/media?parent=16"}],"curies":[{"name":"wp","href":"https:\/\/api.w.org\/{rel}","templated":true}]}}