{"id":228,"date":"2021-10-17T23:09:11","date_gmt":"2021-10-17T20:09:11","guid":{"rendered":"https:\/\/tatd.org.tr\/template\/?page_id=14"},"modified":"2021-11-21T15:29:15","modified_gmt":"2021-11-21T12:29:15","slug":"gorevler","status":"publish","type":"page","link":"https:\/\/tatd.org.tr\/afet\/hakkimizda\/gorevler\/","title":{"rendered":"G\u00f6revler"},"content":{"rendered":"<ul>\n<li>\u00dcyelerini ve halk\u0131 afet, afet hekimli\u011fi ve afet organizasyonu konular\u0131nda bilimsel olarak e\u011fitmek.<\/li>\n<li>Afet \u00f6ncesi haz\u0131rl\u0131k d\u00f6neminde, afet s\u0131ras\u0131nda ve sonras\u0131nda neler yap\u0131lmas\u0131 gerekti\u011fi konusunda bildiklerini ve \u00f6\u011frendiklerini ilgili kurulu\u015flar ile payla\u015fmak, i\u015fbirli\u011fi yapmak.<\/li>\n<li>Afetlerde ilkyard\u0131m konusunda halk\u0131 e\u011fitmek, bilin\u00e7lendirmek ve bu konuda e\u011fitim bro\u015f\u00fcrleri haz\u0131rlamak.<\/li>\n<li>T\u00fcrkiye&#8217;deki resmi ve \u00f6zel hastanelerin \u201cHastane Afet Planlar\u0131n\u0131\u201d yapmalar\u0131,\u00a0 yaz\u0131l\u0131 bir plan haz\u0131rlamalar\u0131 ve y\u0131lda en az bir kere tatbikat yapmalar\u0131 konusunda te\u015fvik etmek.<\/li>\n<li>Afet Organizasyonu konusunda ilgili kurulu\u015flara bilimsel destek sa\u011flamak.<\/li>\n<li>Sa\u011fl\u0131k kurumlar\u0131n\u0131 planlar\u0131 ve haz\u0131rl\u0131klar\u0131 y\u00f6n\u00fcnden belirli aral\u0131klarla bilgilendirmek.<\/li>\n<li>T\u00fcm kurulu\u015flar\u0131n, halk\u0131n ve sa\u011fl\u0131k personelinin Afet organizasyonu konusu \u00fczerindeki bilgisini artt\u0131rmak ve g\u00fcnl\u00fck geli\u015fmelere ayak uydurabilmesi i\u00e7in;<\/li>\n<li>Y\u0131lda bir kez Uluslararas\u0131 toplant\u0131 d\u00fczenlemek,<\/li>\n<li>Dernek Y\u00f6netim Kurulunda g\u00f6revli ve merakl\u0131 arkada\u015flar\u0131n yurt d\u0131\u015f\u0131 kongrelere kat\u0131l\u0131m\u0131n\u0131 sa\u011flamak, te\u015fvik etmek, destek olmak,<\/li>\n<li>Afet ile ilgili yurt d\u0131\u015f\u0131 kurulu\u015flar ile bilimsel ili\u015fki (derneklere \u00fcye olmak vs.) kurmak,<\/li>\n<li>Dernek b\u00fcnyesinde <strong>AFET\u00a0<\/strong>ile ilgili bir k\u00fct\u00fcphane kurmak, ayl\u0131k dergilere abone olmak, ders kitaplar\u0131 temin etmek,<\/li>\n<li>TATD web sayfas\u0131nda afet ile ilgili b\u00f6l\u00fcm haz\u0131rlamak ve konuyla ilgili \u00e7e\u015fitli linkler yaratmak,<\/li>\n<li>T\u00fcrk Afet T\u0131bb\u0131 literat\u00fcr\u00fcne kaynak olabilecek nitelikte, makale, derleme ve kitaplar olu\u015fturmak.<\/li>\n<\/ul>\n","protected":false},"excerpt":{"rendered":"<p>\u00dcyelerini ve halk\u0131 afet, afet hekimli\u011fi ve afet organizasyonu konular\u0131nda bilimsel olarak e\u011fitmek. Afet \u00f6ncesi haz\u0131rl\u0131k d\u00f6neminde, afet s\u0131ras\u0131nda ve sonras\u0131nda neler&hellip;<\/p>\n","protected":false},"author":1561,"featured_media":0,"parent":224,"menu_order":3,"comment_status":"closed","ping_status":"closed","template":"","meta":{"_acf_changed":false,"inline_featured_image":false,"_lmt_disableupdate":"","_lmt_disable":"","footnotes":""},"class_list":["post-228","page","type-page","status-publish","hentry"],"acf":[],"_links":{"self":[{"href":"https:\/\/tatd.org.tr\/afet\/wp-json\/wp\/v2\/pages\/228","targetHints":{"allow":["GET"]}}],"collection":[{"href":"https:\/\/tatd.org.tr\/afet\/wp-json\/wp\/v2\/pages"}],"about":[{"href":"https:\/\/tatd.org.tr\/afet\/wp-json\/wp\/v2\/types\/page"}],"author":[{"embeddable":true,"href":"https:\/\/tatd.org.tr\/afet\/wp-json\/wp\/v2\/users\/1561"}],"replies":[{"embeddable":true,"href":"https:\/\/tatd.org.tr\/afet\/wp-json\/wp\/v2\/comments?post=228"}],"version-history":[{"count":0,"href":"https:\/\/tatd.org.tr\/afet\/wp-json\/wp\/v2\/pages\/228\/revisions"}],"up":[{"embeddable":true,"href":"https:\/\/tatd.org.tr\/afet\/wp-json\/wp\/v2\/pages\/224"}],"wp:attachment":[{"href":"https:\/\/tatd.org.tr\/afet\/wp-json\/wp\/v2\/media?parent=228"}],"curies":[{"name":"wp","href":"https:\/\/api.w.org\/{rel}","templated":true}]}}