{"id":227,"date":"2021-10-17T23:08:36","date_gmt":"2021-10-17T20:08:36","guid":{"rendered":"https:\/\/tatd.org.tr\/template\/?page_id=12"},"modified":"2021-11-21T15:28:42","modified_gmt":"2021-11-21T12:28:42","slug":"amac-ve-hedefler","status":"publish","type":"page","link":"https:\/\/tatd.org.tr\/afet\/hakkimizda\/amac-ve-hedefler\/","title":{"rendered":"Ama\u00e7 ve Hedefler"},"content":{"rendered":"<h2>Ama\u00e7lar\u0131m\u0131z<\/h2>\n<ul>\n<li>Afetin her t\u00fcr\u00fc ile ilgili ve her boyutta e\u011fitim vermek,<\/li>\n<li>Afet \u00f6ncesi olas\u0131 afet senaryolar\u0131na g\u00f6re ayr\u0131nt\u0131l\u0131 belirlenmi\u015f programlar\u0131n verilmesi,<\/li>\n<li>Afet ile ilgili her t\u00fcrl\u00fc kurumun benzer haz\u0131rl\u0131klar\u0131n\u0131n incelenmesi ve bu konuda projeler geli\u015ftirilerek kamuoyu olu\u015fturulmas\u0131,<\/li>\n<li>Afet bilinci e\u011fitimlerine \u00f6zellikle medikal konularda bilgi aktar\u0131m\u0131na \u00f6ncelik vererek s\u00fcrd\u00fcrmek.,<\/li>\n<\/ul>\n<h2>Hedeflerimiz<\/h2>\n<p>Bu k\u0131s\u0131m haz\u0131rlanmaktad\u0131r.<\/p>\n","protected":false},"excerpt":{"rendered":"<p>Ama\u00e7lar\u0131m\u0131z Afetin her t\u00fcr\u00fc ile ilgili ve her boyutta e\u011fitim vermek, Afet \u00f6ncesi olas\u0131 afet senaryolar\u0131na g\u00f6re ayr\u0131nt\u0131l\u0131 belirlenmi\u015f programlar\u0131n verilmesi, Afet&hellip;<\/p>\n","protected":false},"author":1561,"featured_media":0,"parent":224,"menu_order":2,"comment_status":"closed","ping_status":"closed","template":"","meta":{"_acf_changed":false,"inline_featured_image":false,"_lmt_disableupdate":"","_lmt_disable":"","footnotes":""},"class_list":["post-227","page","type-page","status-publish","hentry"],"acf":[],"_links":{"self":[{"href":"https:\/\/tatd.org.tr\/afet\/wp-json\/wp\/v2\/pages\/227","targetHints":{"allow":["GET"]}}],"collection":[{"href":"https:\/\/tatd.org.tr\/afet\/wp-json\/wp\/v2\/pages"}],"about":[{"href":"https:\/\/tatd.org.tr\/afet\/wp-json\/wp\/v2\/types\/page"}],"author":[{"embeddable":true,"href":"https:\/\/tatd.org.tr\/afet\/wp-json\/wp\/v2\/users\/1561"}],"replies":[{"embeddable":true,"href":"https:\/\/tatd.org.tr\/afet\/wp-json\/wp\/v2\/comments?post=227"}],"version-history":[{"count":0,"href":"https:\/\/tatd.org.tr\/afet\/wp-json\/wp\/v2\/pages\/227\/revisions"}],"up":[{"embeddable":true,"href":"https:\/\/tatd.org.tr\/afet\/wp-json\/wp\/v2\/pages\/224"}],"wp:attachment":[{"href":"https:\/\/tatd.org.tr\/afet\/wp-json\/wp\/v2\/media?parent=227"}],"curies":[{"name":"wp","href":"https:\/\/api.w.org\/{rel}","templated":true}]}}