{"id":224,"date":"2021-10-17T23:04:20","date_gmt":"2021-10-17T20:04:20","guid":{"rendered":"https:\/\/tatd.org.tr\/template\/?page_id=5"},"modified":"2021-11-21T15:24:42","modified_gmt":"2021-11-21T12:24:42","slug":"hakkimizda","status":"publish","type":"page","link":"https:\/\/tatd.org.tr\/afet\/","title":{"rendered":"Hakk\u0131m\u0131zda"},"content":{"rendered":"<p><strong>TATD Afet \u00c7al\u0131\u015fma Grubu <\/strong>bir afet \u00f6ncesinde, esnas\u0131nda ve sonras\u0131nda TATD&#8217;nin g\u00f6revlerinin belirlenmesi, uygulanmas\u0131 ve bu ama\u00e7la projeler \u00fcretilmesi i\u00e7in kurulan \u00e7al\u0131\u015fma grubudur.<\/p>\n<div id=\"widget-content\" class=\"widget widget-content col-sm-12 col-md-12 col-lg-12 flex-sm-fill flex-md-grow-0 py-3\">\n<div class=\"row\">\n<div class=\"col-sm-12 \">\n<div class=\"row flex-column \">\n<div class=\"col-sm-12 border-bottom\">\n<p><strong>TATD Afet \u00c7al\u0131\u015fma Grubu<\/strong>\u00a0i\u00e7erisinde \u00e7al\u0131\u015fmak ve etkinliklerde g\u00f6rev almak isteyen dernek \u00fcyelerimiz, TATD \u00fcye alan\u0131na \u015fifreleri ile giri\u015f yaparak \u201cHesab\u0131m\u201d k\u0131sm\u0131 \u201cG\u00f6revler\u201d sekmesinden \u00e7al\u0131\u015fmak istedikleri komisyon ve \u00e7al\u0131\u015fma gruplar\u0131n\u0131 se\u00e7mek suretiyle ilgili birimlerin Y\u00fcr\u00fctme Kurullar\u0131na taleplerini iletebilir ya da men\u00fcde yer alan ileti\u015fim sayfas\u0131ndaki bilgileri kullanarak kendilerine ula\u015fabilirler.<\/p>\n<\/div>\n<\/div>\n<\/div>\n<\/div>\n<\/div>\n","protected":false},"excerpt":{"rendered":"<p>TATD Afet \u00c7al\u0131\u015fma Grubu bir afet \u00f6ncesinde, esnas\u0131nda ve sonras\u0131nda TATD&#8217;nin g\u00f6revlerinin belirlenmesi, uygulanmas\u0131 ve bu ama\u00e7la projeler \u00fcretilmesi i\u00e7in kurulan \u00e7al\u0131\u015fma&hellip;<\/p>\n","protected":false},"author":1561,"featured_media":0,"parent":0,"menu_order":0,"comment_status":"closed","ping_status":"closed","template":"","meta":{"_acf_changed":false,"inline_featured_image":false,"_lmt_disableupdate":"","_lmt_disable":"","footnotes":""},"class_list":["post-224","page","type-page","status-publish","hentry"],"acf":[],"_links":{"self":[{"href":"https:\/\/tatd.org.tr\/afet\/wp-json\/wp\/v2\/pages\/224","targetHints":{"allow":["GET"]}}],"collection":[{"href":"https:\/\/tatd.org.tr\/afet\/wp-json\/wp\/v2\/pages"}],"about":[{"href":"https:\/\/tatd.org.tr\/afet\/wp-json\/wp\/v2\/types\/page"}],"author":[{"embeddable":true,"href":"https:\/\/tatd.org.tr\/afet\/wp-json\/wp\/v2\/users\/1561"}],"replies":[{"embeddable":true,"href":"https:\/\/tatd.org.tr\/afet\/wp-json\/wp\/v2\/comments?post=224"}],"version-history":[{"count":0,"href":"https:\/\/tatd.org.tr\/afet\/wp-json\/wp\/v2\/pages\/224\/revisions"}],"wp:attachment":[{"href":"https:\/\/tatd.org.tr\/afet\/wp-json\/wp\/v2\/media?parent=224"}],"curies":[{"name":"wp","href":"https:\/\/api.w.org\/{rel}","templated":true}]}}