{"id":497,"date":"2019-03-19T06:34:40","date_gmt":"2019-03-19T03:34:40","guid":{"rendered":"http:\/\/acilbulten.net\/?page_id=497"},"modified":"2022-01-12T10:16:50","modified_gmt":"2022-01-12T07:16:50","slug":"dergi-ekibi","status":"publish","type":"page","link":"https:\/\/tatd.org.tr\/aciltipbulteni\/hakkimizda\/dergi-ekibi\/","title":{"rendered":"Dergi Ekibi"},"content":{"rendered":"\n<p><p><strong>T\u00fcrkiye Acil T\u0131p Derne\u011fi Ad\u0131na \u0130mtiyaz Sahibi<\/strong><\/p><p>Serkan Y\u0131lmaz\u00a0<\/p><\/p>\n\n\n\n<p><p><strong>Genel Yay\u0131n Direkt\u00f6r\u00fc<\/strong><\/p><p>Serkan Emre Ero\u011flu<\/p><\/p>\n\n\n\n<p><p><strong>Edit\u00f6r<\/strong><\/p><p>Ebru \u00dcnal Ako\u011flu<\/p><\/p>\n\n\n\n<p><p><strong>Edit\u00f6r<\/strong> <strong>Yard\u0131mc\u0131s\u0131<\/strong><\/p><p>Fatma Selman<\/p><\/p>\n\n\n\n<p><p><strong>Dan\u0131\u015fma Kurulu<\/strong><\/p><\/p>\n\n\n\n<p><p>Serkan Y\u0131lmaz<\/p><\/p>\n\n\n\n<p><p>B\u00fclent Erbil<\/p><\/p>\n\n\n\n<p><p>Ayhan \u00d6zhasenekler<\/p><\/p>\n\n\n\n<p><p>Haldun Ako\u011flu<\/p><\/p>\n\n\n\n<p><p>Murat Orak<\/p><\/p>\n\n\n\n<p><span style=\"font-size: revert; color: initial; font-family: -apple-system, BlinkMacSystemFont, &quot;Segoe UI&quot;, Roboto, Oxygen-Sans, Ubuntu, Cantarell, &quot;Helvetica Neue&quot;, sans-serif;\">M\u00fcge G\u00fcnalp Eneyli<\/span> <p>\u00d6zcan Yava\u015fi<\/p><\/p>\n\n\n\n<p><p>Funda Karbek Akarca<\/p><\/p>\n\n\n\n<p><p>\u00d6zg\u00fcr Dikme<\/p><\/p>\n\n\n\n<p><p>Murat \u00c7etin<\/p><\/p>\n\n\n\n<p><\/p>\n\n\n\n<p><p><strong>\u0130\u00e7erik Edit\u00f6rleri<\/strong><\/p><\/p>\n\n\n\n<p><p>\u0130brahim Sarbay\u00a0<\/p><\/p>\n\n\n\n<p><p>\u00c7eral Efe Arac\u0131<\/p><\/p>\n\n\n\n<p><p>Selin Tezel<\/p><\/p>\n\n\n\n<p><p>Burcu Y\u0131lmaz<\/p><\/p>\n\n\n\n<p><p>\u015eeyda Tuba Savrun<\/p><\/p>\n\n\n\n<p><p>Asiye M\u00fcminat \u00c7ap<\/p><\/p>\n\n\n\n<p><p>Adil Ocak\u00a0<\/p><\/p>\n\n\n\n<p><p>\u00c7a\u011flar Kuas<\/p><\/p>\n\n\n\n<p><p>Halil Emre Koyuncuo\u011flu<\/p><\/p>\n\n\n\n<p><p><span style=\"font-size: revert; color: initial; font-family: -apple-system, BlinkMacSystemFont, &quot;Segoe UI&quot;, Roboto, Oxygen-Sans, Ubuntu, Cantarell, &quot;Helvetica Neue&quot;, sans-serif;\"> <\/span><strong>Yazarlar<\/strong><\/p><span style=\"font-size: revert; color: initial; font-family: -apple-system, BlinkMacSystemFont, &quot;Segoe UI&quot;, Roboto, Oxygen-Sans, Ubuntu, Cantarell, &quot;Helvetica Neue&quot;, sans-serif;\">Feriyde \u00c7al\u0131\u015fkan\u00a0<\/span> <p>Gonca Karakaptan<\/p><\/p>\n\n\n\n<p><p>Ahmet Tun\u00e7 Deniz<\/p><\/p>\n\n\n\n<p><p>Taner Ekinci<\/p><\/p>\n\n\n\n<p><p>S\u00fcmeyra Acar Kurtulu\u015f<\/p><\/p>\n\n\n\n<p><p>Mehmet T\u00fcrk<\/p><\/p>\n\n\n\n<p><p>Ezgi \u00d6zg\u00fcn\u00a0<\/p><\/p>\n\n\n\n<p><p><strong>Teknik Destek Edit\u00f6r\u00fc<\/strong><\/p><p>\u0130brahim Altunok<\/p><span style=\"font-size: revert; color: initial; font-family: -apple-system, BlinkMacSystemFont, &quot;Segoe UI&quot;, Roboto, Oxygen-Sans, Ubuntu, Cantarell, &quot;Helvetica Neue&quot;, sans-serif;\">Ka\u011fan \u00dcnl\u00fc<\/span><\/p>\n\n\n\n<p><p><strong>G\u00f6rsel-Grafik Edit\u00f6r\u00fc<\/strong><span style=\"font-size: revert; color: initial; font-family: -apple-system, BlinkMacSystemFont, &quot;Segoe UI&quot;, Roboto, Oxygen-Sans, Ubuntu, Cantarell, &quot;Helvetica Neue&quot;, sans-serif;\"> <\/span><\/p><\/p>\n\n\n\n<p><p>M\u00fcmin Murat Yaz\u0131c\u0131<\/p><\/p>\n\n\n\n<p><p><strong>Sosyal Medya Sorumlusu<\/strong><\/p><span style=\"font-size: revert; color: initial; font-family: -apple-system, BlinkMacSystemFont, &quot;Segoe UI&quot;, Roboto, Oxygen-Sans, Ubuntu, Cantarell, &quot;Helvetica Neue&quot;, sans-serif;\">Sevcan Se\u00e7inti<\/span><\/p>\n\n\n\n<p><strong>\u0130leti\u015fim <\/strong><br>Ayt\u00fcl Ku\u015fcu<\/p>\n\n\n\n<p><strong>www.ematip.com <\/strong><br>e-mail: bilgi@ematip.com<br><strong>Genel Yay\u0131n Y\u00f6netmeni: <\/strong>Adnan ASLAN <br><strong>Yay\u0131nc\u0131: <\/strong>EMA T\u0131p Kitabevi Yay\u0131nc\u0131l\u0131k Tic. Ltd. \u015eti. Topkap\u0131 Mah. Emek Sok. No: 10. 34093. Fatih &#8211; \u0130stanbul <br><strong>Tel: <\/strong>0212 532 09 41<br><strong>Sayfa Tasar\u0131m\u0131: <\/strong>Kadriye Yurt <br><strong>Kapak Tasar\u0131m\u0131: <\/strong>Kadriye Yurt <br><strong>Yay\u0131nc\u0131 Sertifika No: <\/strong>31269 <br><strong>Bask\u0131 \/ Cilt: <\/strong>GD Ofset Matbaac\u0131l\u0131k ve Tic. San. A. \u015e \u0130kitelli Org. San. B\u00f6lg. Atat\u00fcrk Bulvar\u0131 Deposito \u0130\u015f Mrk. A5 Blok Kat:4 No: 407 Ba\u015fak\u015fehir-\u0130ST. Tel: 0212 671 91 00 <br><strong>Matbaa Sertifika No: <\/strong>32211<\/p>\n\n\n<p><!-- \/wp:post-content --><\/p>\n<p><!-- \/wp:paragraph --><\/p>","protected":false},"excerpt":{"rendered":"<p>T\u00fcrkiye Acil T\u0131p Derne\u011fi Ad\u0131na \u0130mtiyaz Sahibi Serkan Y\u0131lmaz\u00a0 Genel Yay\u0131n Direkt\u00f6r\u00fc Serkan Emre Ero\u011flu Edit\u00f6r Ebru \u00dcnal Ako\u011flu Edit\u00f6r Yard\u0131mc\u0131s\u0131 Fatma&hellip;<\/p>\n","protected":false},"author":1599,"featured_media":0,"parent":1797,"menu_order":3,"comment_status":"closed","ping_status":"closed","template":"","meta":{"_acf_changed":false,"inline_featured_image":false,"_lmt_disableupdate":"","_lmt_disable":"","footnotes":""},"class_list":["post-497","page","type-page","status-publish","hentry"],"acf":[],"_links":{"self":[{"href":"https:\/\/tatd.org.tr\/aciltipbulteni\/wp-json\/wp\/v2\/pages\/497","targetHints":{"allow":["GET"]}}],"collection":[{"href":"https:\/\/tatd.org.tr\/aciltipbulteni\/wp-json\/wp\/v2\/pages"}],"about":[{"href":"https:\/\/tatd.org.tr\/aciltipbulteni\/wp-json\/wp\/v2\/types\/page"}],"author":[{"embeddable":true,"href":"https:\/\/tatd.org.tr\/aciltipbulteni\/wp-json\/wp\/v2\/users\/1599"}],"replies":[{"embeddable":true,"href":"https:\/\/tatd.org.tr\/aciltipbulteni\/wp-json\/wp\/v2\/comments?post=497"}],"version-history":[{"count":0,"href":"https:\/\/tatd.org.tr\/aciltipbulteni\/wp-json\/wp\/v2\/pages\/497\/revisions"}],"up":[{"embeddable":true,"href":"https:\/\/tatd.org.tr\/aciltipbulteni\/wp-json\/wp\/v2\/pages\/1797"}],"wp:attachment":[{"href":"https:\/\/tatd.org.tr\/aciltipbulteni\/wp-json\/wp\/v2\/media?parent=497"}],"curies":[{"name":"wp","href":"https:\/\/api.w.org\/{rel}","templated":true}]}}