{"id":494,"date":"2019-03-19T06:29:34","date_gmt":"2019-03-19T03:29:34","guid":{"rendered":"http:\/\/acilbulten.net\/?page_id=494"},"modified":"2019-03-19T06:29:34","modified_gmt":"2019-03-19T03:29:34","slug":"yayin-ilkeleri","status":"publish","type":"page","link":"https:\/\/tatd.org.tr\/aciltipbulteni\/hakkimizda\/yayin-ilkeleri\/","title":{"rendered":"Yay\u0131n \u0130lkeleri"},"content":{"rendered":"\n<ol class=\"wp-block-list\"><li>TATD \u201cAcil T\u0131p B\u00fclteni\u201d dergisinde yer alan haberler, abart\u0131dan uzak, sans\u00fcrs\u00fcz objektif bir bi\u00e7imde, haberin \u00f6z\u00fcne ba\u011fl\u0131 kal\u0131narak kamuoyuna iletilir.<\/li><li> Dergi ekip \u00fcyeleri, bu g\u00f6revleri s\u0131ras\u0131nda;<ol><li>Mesleki \u00e7at\u0131\u015fma ve T\u00fcrkiye Acil T\u0131p Derne\u011fi itibar\u0131n\u0131 sarsacak t\u00fcrden bir faaliyet ve organizasyon i\u00e7inde olamaz.<\/li><li>Herhangi bir siyasi partide aktif g\u00f6rev alamaz.<\/li><li>\u00dclkemiz siyasi hayat\u0131na ait genel se\u00e7imlerin ve mesleki \u00f6rg\u00fct se\u00e7imlerinin \u00f6ncesinde oylar\u0131n\u0131n rengini a\u00e7\u0131klayarak okuru y\u00f6nlendiremez.<\/li><li>T\u00fcrkiye Acil T\u0131p Derne\u011fi\u2019ni siyasi a\u00e7\u0131dan ba\u011flayacak tav\u0131r tak\u0131namaz, e. Meslek etik ve geleneklerine ba\u011fl\u0131 kal\u0131r. <\/li><\/ol><\/li><li>Yay\u0131nlar\u0131m\u0131zda hi\u00e7bir kimse, dil, cinsiyet, din, \u0131rk, milliyet, s\u0131n\u0131f ve fiziki engelleri sebebi ile d\u0131\u015flanamaz, k\u00fc\u00e7\u00fcmsenemez, k\u00fc\u00e7\u00fck d\u00fc\u015f\u00fcr\u00fclemez. <\/li><li>Yay\u0131nlar\u0131m\u0131zda \u015fiddet, kin ve d\u00fc\u015fmanl\u0131\u011f\u0131 k\u0131\u015fk\u0131rt\u0131c\u0131 yaz\u0131lara, haberlere yer verilemez. \u201cAcil T\u0131p B\u00fclteni\u201d dergisi y\u00fcr\u00fct\u00fcc\u00fcleri, di\u011fer bas\u0131n yay\u0131n ve sosyal medya organlar\u0131nda da bu konularda deme\u00e7 ya da bildiri yapamaz. <\/li><li>Yay\u0131nlar\u0131m\u0131zda, herhangi bir ki\u015fi, kurum ve kurulu\u015fa k\u00fc\u00e7\u00fck d\u00fc\u015f\u00fcr\u00fcc\u00fc lakap ve yak\u0131\u015ft\u0131rma yap\u0131lamaz. Hi\u00e7 kimse, adli makamlardan yap\u0131lan kesin karar bildirimleri olmad\u0131k\u00e7a pe\u015finen su\u00e7lu olarak g\u00f6sterilemez. Yarg\u0131 s\u00fcreci devam etmekte olan olgular\u0131n haberle\u015ftirilmesi s\u0131ras\u0131nda dengeli ve yukar\u0131daki di\u011fer yay\u0131n ilkelerini kapsay\u0131c\u0131 tarzda hareket edilir. <\/li><li>Haber, r\u00f6portaj ve yaz\u0131lar\u0131m\u0131zda ilgilinin r\u0131zas\u0131 d\u0131\u015f\u0131nda \u00f6zel ya\u015fam\u0131, yay\u0131na konu edilemez. <\/li><li>\u201cAcil T\u0131p B\u00fclteni\u201d dergi ve dijital platformu, Radyo ve Televizyon \u00dcst Kurulu\u2019nca (RT\u00dcK) al\u0131nan yasaklar\u0131 ve yay\u0131n ilkeler- ini benimser, uygular. <\/li><li>Yay\u0131nlar\u0131m\u0131za kaynak olan deme\u00e7, al\u0131nt\u0131lar; yanl\u0131\u015f anla\u015f\u0131lmalara, kurum kurulu\u015f ya da ki\u015finin g\u00fcl\u00fcn\u00e7 duruma d\u00fc\u015f\u00fcr\u00fclm- esine neden olacak \u015fekilde \u00f6zetlenmez, kaynak ve tarih a\u00e7\u0131k olarak belirtilir.<\/li><li> \u201cAcil T\u0131p B\u00fclteni\u201d dergisi, cevap ve d\u00fczeltme hakk\u0131na sayg\u0131 duyar. <\/li><\/ol>\n","protected":false},"excerpt":{"rendered":"<p>TATD \u201cAcil T\u0131p B\u00fclteni\u201d dergisinde yer alan haberler, abart\u0131dan uzak, sans\u00fcrs\u00fcz objektif bir bi\u00e7imde, haberin \u00f6z\u00fcne ba\u011fl\u0131 kal\u0131narak kamuoyuna iletilir. Dergi ekip&hellip;<\/p>\n","protected":false},"author":1599,"featured_media":0,"parent":1797,"menu_order":2,"comment_status":"closed","ping_status":"closed","template":"","meta":{"_acf_changed":false,"inline_featured_image":false,"_lmt_disableupdate":"","_lmt_disable":"","footnotes":""},"class_list":["post-494","page","type-page","status-publish","hentry"],"acf":[],"_links":{"self":[{"href":"https:\/\/tatd.org.tr\/aciltipbulteni\/wp-json\/wp\/v2\/pages\/494","targetHints":{"allow":["GET"]}}],"collection":[{"href":"https:\/\/tatd.org.tr\/aciltipbulteni\/wp-json\/wp\/v2\/pages"}],"about":[{"href":"https:\/\/tatd.org.tr\/aciltipbulteni\/wp-json\/wp\/v2\/types\/page"}],"author":[{"embeddable":true,"href":"https:\/\/tatd.org.tr\/aciltipbulteni\/wp-json\/wp\/v2\/users\/1599"}],"replies":[{"embeddable":true,"href":"https:\/\/tatd.org.tr\/aciltipbulteni\/wp-json\/wp\/v2\/comments?post=494"}],"version-history":[{"count":0,"href":"https:\/\/tatd.org.tr\/aciltipbulteni\/wp-json\/wp\/v2\/pages\/494\/revisions"}],"up":[{"embeddable":true,"href":"https:\/\/tatd.org.tr\/aciltipbulteni\/wp-json\/wp\/v2\/pages\/1797"}],"wp:attachment":[{"href":"https:\/\/tatd.org.tr\/aciltipbulteni\/wp-json\/wp\/v2\/media?parent=494"}],"curies":[{"name":"wp","href":"https:\/\/api.w.org\/{rel}","templated":true}]}}