{"id":19,"date":"2018-05-19T00:19:35","date_gmt":"2018-05-18T21:19:35","guid":{"rendered":"http:\/\/acilbulten.net\/?page_id=19"},"modified":"2021-12-27T22:29:06","modified_gmt":"2021-12-27T19:29:06","slug":"iletisim","status":"publish","type":"page","link":"https:\/\/tatd.org.tr\/aciltipbulteni\/hakkimizda\/iletisim\/","title":{"rendered":"\u0130leti\u015fim"},"content":{"rendered":"<p>Dergimizin yeni say\u0131lar\u0131ndaki yaz\u0131lar\u0131 \u0130nstagram <em><strong>(@bultenaciltip)\u00a0<\/strong><\/em>ve Twitter <em><strong>(@<\/strong><\/em><em><strong>BULTEN_tatd) <\/strong><\/em>\u00fczerinden takip edebilir, <strong><em>bulten@tatd.org.tr<\/em><\/strong> adresinden bize ula\u015fabilirsiniz.<\/p>\n","protected":false},"excerpt":{"rendered":"<p>Dergimizin yeni say\u0131lar\u0131ndaki yaz\u0131lar\u0131 \u0130nstagram (@bultenaciltip)\u00a0ve Twitter (@BULTEN_tatd) \u00fczerinden takip edebilir, bulten@tatd.org.tr adresinden bize ula\u015fabilirsiniz.<\/p>\n","protected":false},"author":1599,"featured_media":0,"parent":1797,"menu_order":99,"comment_status":"closed","ping_status":"closed","template":"","meta":{"_acf_changed":false,"inline_featured_image":false,"_lmt_disableupdate":"","_lmt_disable":"","footnotes":""},"class_list":["post-19","page","type-page","status-publish","hentry"],"acf":[],"_links":{"self":[{"href":"https:\/\/tatd.org.tr\/aciltipbulteni\/wp-json\/wp\/v2\/pages\/19","targetHints":{"allow":["GET"]}}],"collection":[{"href":"https:\/\/tatd.org.tr\/aciltipbulteni\/wp-json\/wp\/v2\/pages"}],"about":[{"href":"https:\/\/tatd.org.tr\/aciltipbulteni\/wp-json\/wp\/v2\/types\/page"}],"author":[{"embeddable":true,"href":"https:\/\/tatd.org.tr\/aciltipbulteni\/wp-json\/wp\/v2\/users\/1599"}],"replies":[{"embeddable":true,"href":"https:\/\/tatd.org.tr\/aciltipbulteni\/wp-json\/wp\/v2\/comments?post=19"}],"version-history":[{"count":0,"href":"https:\/\/tatd.org.tr\/aciltipbulteni\/wp-json\/wp\/v2\/pages\/19\/revisions"}],"up":[{"embeddable":true,"href":"https:\/\/tatd.org.tr\/aciltipbulteni\/wp-json\/wp\/v2\/pages\/1797"}],"wp:attachment":[{"href":"https:\/\/tatd.org.tr\/aciltipbulteni\/wp-json\/wp\/v2\/media?parent=19"}],"curies":[{"name":"wp","href":"https:\/\/api.w.org\/{rel}","templated":true}]}}