{"id":1797,"date":"2018-05-19T00:19:35","date_gmt":"2018-05-18T21:19:35","guid":{"rendered":"http:\/\/acilbulten.net\/?page_id=2"},"modified":"2018-05-19T00:19:35","modified_gmt":"2018-05-18T21:19:35","slug":"hakkimizda","status":"publish","type":"page","link":"https:\/\/tatd.org.tr\/aciltipbulteni\/hakkimizda\/","title":{"rendered":"Hakk\u0131m\u0131zda"},"content":{"rendered":"<p>B\u00fclten TATD&#8217;nin hem bas\u0131l\u0131 hem dijital olarak yay\u0131nlanan resmi magazin yap\u0131s\u0131nda dergisidir.<\/p>\n<p>TATD&#8217;nin kurulu\u015fu ile beraber bir s\u00fcre Acil T\u0131p B\u00fclteni olarak tabloid gazete format\u0131nda yay\u0131nland\u0131ktan sonra \u015fu andaki halini alm\u0131\u015ft\u0131r.<\/p>\n","protected":false},"excerpt":{"rendered":"<p>B\u00fclten TATD&#8217;nin hem bas\u0131l\u0131 hem dijital olarak yay\u0131nlanan resmi magazin yap\u0131s\u0131nda dergisidir. TATD&#8217;nin kurulu\u015fu ile beraber bir s\u00fcre Acil T\u0131p B\u00fclteni olarak&hellip;<\/p>\n","protected":false},"author":1599,"featured_media":0,"parent":0,"menu_order":0,"comment_status":"closed","ping_status":"closed","template":"front-page-custom.php","meta":{"_acf_changed":false,"inline_featured_image":false,"_lmt_disableupdate":"","_lmt_disable":"","footnotes":""},"class_list":["post-1797","page","type-page","status-publish","hentry"],"acf":[],"_links":{"self":[{"href":"https:\/\/tatd.org.tr\/aciltipbulteni\/wp-json\/wp\/v2\/pages\/1797","targetHints":{"allow":["GET"]}}],"collection":[{"href":"https:\/\/tatd.org.tr\/aciltipbulteni\/wp-json\/wp\/v2\/pages"}],"about":[{"href":"https:\/\/tatd.org.tr\/aciltipbulteni\/wp-json\/wp\/v2\/types\/page"}],"author":[{"embeddable":true,"href":"https:\/\/tatd.org.tr\/aciltipbulteni\/wp-json\/wp\/v2\/users\/1599"}],"replies":[{"embeddable":true,"href":"https:\/\/tatd.org.tr\/aciltipbulteni\/wp-json\/wp\/v2\/comments?post=1797"}],"version-history":[{"count":0,"href":"https:\/\/tatd.org.tr\/aciltipbulteni\/wp-json\/wp\/v2\/pages\/1797\/revisions"}],"wp:attachment":[{"href":"https:\/\/tatd.org.tr\/aciltipbulteni\/wp-json\/wp\/v2\/media?parent=1797"}],"curies":[{"name":"wp","href":"https:\/\/api.w.org\/{rel}","templated":true}]}}